{"id":17565,"date":"2026-02-27T00:35:36","date_gmt":"2026-02-27T00:35:36","guid":{"rendered":"https:\/\/nordicmart.andreevmaster.com\/product\/oval-smyckeskrin-i-metall-ova\/"},"modified":"2026-02-27T08:25:08","modified_gmt":"2026-02-27T08:25:08","slug":"oval-smyckeskrin-i-metall-ova","status":"publish","type":"product","link":"https:\/\/nordicmart.andreevmaster.com\/sv\/produkt\/oval-smyckeskrin-i-metall-ova\/","title":{"rendered":"Oval smyckeskrin i metall \u2013 OVA"},"content":{"rendered":"<p>Oval smyckeskrin i metall \u2013 OVA&nbsp;&nbsp;&nbsp;Oval metallask \u2013 OVA \u00e4r inte bara ett praktiskt f\u00f6rvaringsst\u00e4lle f\u00f6r v\u00e4rdefulla f\u00f6rem\u00e5l, utan ocks\u00e5 ett unikt dekorativt element. Dess r\u00f6da f\u00e4rg med intrikata gulddekorationer ger den en unik charm och elegans.&nbsp;Den kan vara en perfekt present till f\u00f6delsedag, \u00e5rsdag, br\u00f6llopsdag eller alla hj\u00e4rtans dag. Du kan f\u00f6rvara dina dyrbara smycken i den. Det h\u00e4r \u00e4r en present som mottagaren s\u00e4kert kommer att uppskatta och minnas. Den fungerar ocks\u00e5 som ett intressant dekorativt element. Dess rika dekorationer g\u00f6r att den passar in i glamor\u00f6sa eller till och med moderna arrangemang som en unik kontrast.&nbsp;&nbsp;&nbsp;Produktinformation:&nbsp;Material: MetallM\u00e5tt: 9 x 6,5 x 5,5 cmOval formRika dekorationerGjutning inutiF\u00e4rg: R\u00f6d med gulddekorationer&nbsp;<\/p>\n","protected":false},"excerpt":{"rendered":"<p>Oval smyckeskrin i metall \u2013 OVA&nbsp;&nbsp;&nbsp;Oval metallask \u2013 OVA \u00e4r inte bara ett praktiskt f\u00f6rvaringsst\u00e4lle f\u00f6r v\u00e4rdefulla f\u00f6rem\u00e5l, utan ocks\u00e5 ett unikt dekorativt element. Dess r\u00f6da f\u00e4rg med intrikata gulddekorationer ger den en unik charm och elegans.&nbsp;Den kan vara en perfekt present till f\u00f6delsedag, \u00e5rsdag, br\u00f6llopsdag eller alla hj\u00e4rtans dag. Du kan f\u00f6rvara dina dyrbara [&hellip;]<\/p>\n","protected":false},"featured_media":44918,"comment_status":"open","ping_status":"closed","template":"","meta":[],"product_brand":[],"product_cat":[33],"product_tag":[],"class_list":{"0":"post-17565","1":"product","2":"type-product","3":"status-publish","4":"has-post-thumbnail","6":"product_cat-okategoriserad","8":"first","9":"instock","10":"shipping-taxable","11":"purchasable","12":"product-type-simple"},"_links":{"self":[{"href":"https:\/\/nordicmart.andreevmaster.com\/sv\/wp-json\/wp\/v2\/product\/17565","targetHints":{"allow":["GET"]}}],"collection":[{"href":"https:\/\/nordicmart.andreevmaster.com\/sv\/wp-json\/wp\/v2\/product"}],"about":[{"href":"https:\/\/nordicmart.andreevmaster.com\/sv\/wp-json\/wp\/v2\/types\/product"}],"replies":[{"embeddable":true,"href":"https:\/\/nordicmart.andreevmaster.com\/sv\/wp-json\/wp\/v2\/comments?post=17565"}],"wp:featuredmedia":[{"embeddable":true,"href":"https:\/\/nordicmart.andreevmaster.com\/sv\/wp-json\/wp\/v2\/media\/44918"}],"wp:attachment":[{"href":"https:\/\/nordicmart.andreevmaster.com\/sv\/wp-json\/wp\/v2\/media?parent=17565"}],"wp:term":[{"taxonomy":"product_brand","embeddable":true,"href":"https:\/\/nordicmart.andreevmaster.com\/sv\/wp-json\/wp\/v2\/product_brand?post=17565"},{"taxonomy":"product_cat","embeddable":true,"href":"https:\/\/nordicmart.andreevmaster.com\/sv\/wp-json\/wp\/v2\/product_cat?post=17565"},{"taxonomy":"product_tag","embeddable":true,"href":"https:\/\/nordicmart.andreevmaster.com\/sv\/wp-json\/wp\/v2\/product_tag?post=17565"}],"curies":[{"name":"wp","href":"https:\/\/api.w.org\/{rel}","templated":true}]}}