{"id":17564,"date":"2026-02-27T00:35:36","date_gmt":"2026-02-27T00:35:36","guid":{"rendered":"https:\/\/nordicmart.andreevmaster.com\/product\/dekorativ-rund-metallada-rg\/"},"modified":"2026-02-27T08:25:08","modified_gmt":"2026-02-27T08:25:08","slug":"dekorativ-rund-metallada-rg","status":"publish","type":"product","link":"https:\/\/nordicmart.andreevmaster.com\/sv\/produkt\/dekorativ-rund-metallada-rg\/","title":{"rendered":"Dekorativ rund metall\u00e5da \u2013 RG"},"content":{"rendered":"<p>Dekorativ rund metall\u00e5da &#8211; RG&nbsp;&nbsp;&nbsp;Dekorativ metall\u00e5da med rikliga dekorationer och gulddetaljer \u00e4r ett uttryck f\u00f6r elegans och stil. Den \u00e4r en utm\u00e4rkt presentid\u00e9 f\u00f6r personer med raffinerad smak och en passion f\u00f6r vackra f\u00f6rem\u00e5l. Den \u00e4r ocks\u00e5 ett praktiskt s\u00e4tt att f\u00f6rvara v\u00e4rdefulla skatter, s\u00e5som smycken eller sm\u00e5 souvenirer. Den kan vara en unik present till en \u00e4lskad, v\u00e4n, familjemedlem eller som present vid olika tillf\u00e4llen, s\u00e5som f\u00f6delsedagar, \u00e5rsdagar eller helgdagar.&nbsp;Den runda formen och de rika dekorationerna \u00e4r ett unikt tillskott till alla interi\u00f6rer. Denna l\u00e5da kommer att se bra ut p\u00e5 ett sminkbord, en byr\u00e5, en hylla eller ett skrivbord och ge rummet en unik charm. Dess klassiska design i kombination med delikata gyllene dekorationer kommer att dra uppm\u00e4rksamhet och ge elegans till din omgivning.&nbsp;&nbsp;Produktinformation:&nbsp;Material: MetallM\u00e5tt: 8 x 7,5 x 5 cmRund formRika dekorationer&nbsp;<\/p>\n","protected":false},"excerpt":{"rendered":"<p>Dekorativ rund metall\u00e5da &#8211; RG&nbsp;&nbsp;&nbsp;Dekorativ metall\u00e5da med rikliga dekorationer och gulddetaljer \u00e4r ett uttryck f\u00f6r elegans och stil. Den \u00e4r en utm\u00e4rkt presentid\u00e9 f\u00f6r personer med raffinerad smak och en passion f\u00f6r vackra f\u00f6rem\u00e5l. Den \u00e4r ocks\u00e5 ett praktiskt s\u00e4tt att f\u00f6rvara v\u00e4rdefulla skatter, s\u00e5som smycken eller sm\u00e5 souvenirer. Den kan vara en unik present [&hellip;]<\/p>\n","protected":false},"featured_media":44917,"comment_status":"open","ping_status":"closed","template":"","meta":[],"product_brand":[],"product_cat":[33],"product_tag":[],"class_list":{"0":"post-17564","1":"product","2":"type-product","3":"status-publish","4":"has-post-thumbnail","6":"product_cat-okategoriserad","8":"first","9":"instock","10":"shipping-taxable","11":"purchasable","12":"product-type-simple"},"_links":{"self":[{"href":"https:\/\/nordicmart.andreevmaster.com\/sv\/wp-json\/wp\/v2\/product\/17564","targetHints":{"allow":["GET"]}}],"collection":[{"href":"https:\/\/nordicmart.andreevmaster.com\/sv\/wp-json\/wp\/v2\/product"}],"about":[{"href":"https:\/\/nordicmart.andreevmaster.com\/sv\/wp-json\/wp\/v2\/types\/product"}],"replies":[{"embeddable":true,"href":"https:\/\/nordicmart.andreevmaster.com\/sv\/wp-json\/wp\/v2\/comments?post=17564"}],"wp:featuredmedia":[{"embeddable":true,"href":"https:\/\/nordicmart.andreevmaster.com\/sv\/wp-json\/wp\/v2\/media\/44917"}],"wp:attachment":[{"href":"https:\/\/nordicmart.andreevmaster.com\/sv\/wp-json\/wp\/v2\/media?parent=17564"}],"wp:term":[{"taxonomy":"product_brand","embeddable":true,"href":"https:\/\/nordicmart.andreevmaster.com\/sv\/wp-json\/wp\/v2\/product_brand?post=17564"},{"taxonomy":"product_cat","embeddable":true,"href":"https:\/\/nordicmart.andreevmaster.com\/sv\/wp-json\/wp\/v2\/product_cat?post=17564"},{"taxonomy":"product_tag","embeddable":true,"href":"https:\/\/nordicmart.andreevmaster.com\/sv\/wp-json\/wp\/v2\/product_tag?post=17564"}],"curies":[{"name":"wp","href":"https:\/\/api.w.org\/{rel}","templated":true}]}}