{"id":17563,"date":"2026-02-27T00:35:35","date_gmt":"2026-02-27T00:35:35","guid":{"rendered":"https:\/\/nordicmart.andreevmaster.com\/product\/alladin-lampa-labb\/"},"modified":"2026-02-27T08:25:07","modified_gmt":"2026-02-27T08:25:07","slug":"alladin-lampa-labb","status":"publish","type":"product","link":"https:\/\/nordicmart.andreevmaster.com\/sv\/produkt\/alladin-lampa-labb\/","title":{"rendered":"Alladin-lampa \u2013 LABB"},"content":{"rendered":"<p>Alladin-lampa \u2013 LABB&nbsp;&nbsp;&nbsp;Alladin-lampa \u2013 LABB \u00e4r en underbar dekoration som ger din inredning en touch av mystik och orientalisk charm. Dess rika ornament i guldf\u00e4rg i kombination med den djupbl\u00e5 f\u00e4rgen p\u00e5 resten av lampan skapar en sl\u00e5ende kontrast som p\u00e5minner om sagor fr\u00e5n \u00f6sterl\u00e4ndska l\u00e4nder. Det \u00e4r en anm\u00e4rkningsv\u00e4rd prydnad som ger b\u00e5de elegans och en mystisk aura till din omgivning.&nbsp;Alladin-lampan \u00e4r en utm\u00e4rkt presentid\u00e9 f\u00f6r dem som uppskattar ovanliga accenter i inredningen. Dess exotiska utseende och referens till \u00f6stlig kultur g\u00f6r den till en idealisk present f\u00f6r resen\u00e4rer, historieentusiaster eller m\u00e4nniskor som uppskattar sk\u00f6nheten i detaljerna. &nbsp;Dess m\u00e5tt (22 x 7 x 11 cm) g\u00f6r att den kan placeras p\u00e5 en hylla, byr\u00e5 eller bordsskiva. Denna lampa kommer inte bara att berika rummets estetik, utan ocks\u00e5 ge det en exotisk och historisk atmosf\u00e4r.&nbsp;&nbsp;Produktinformation:&nbsp;Material: metallM\u00e5tt: 22 x 7 x 11 cm&nbsp;<\/p>\n","protected":false},"excerpt":{"rendered":"<p>Alladin-lampa \u2013 LABB&nbsp;&nbsp;&nbsp;Alladin-lampa \u2013 LABB \u00e4r en underbar dekoration som ger din inredning en touch av mystik och orientalisk charm. Dess rika ornament i guldf\u00e4rg i kombination med den djupbl\u00e5 f\u00e4rgen p\u00e5 resten av lampan skapar en sl\u00e5ende kontrast som p\u00e5minner om sagor fr\u00e5n \u00f6sterl\u00e4ndska l\u00e4nder. Det \u00e4r en anm\u00e4rkningsv\u00e4rd prydnad som ger b\u00e5de elegans [&hellip;]<\/p>\n","protected":false},"featured_media":44916,"comment_status":"open","ping_status":"closed","template":"","meta":[],"product_brand":[],"product_cat":[33],"product_tag":[],"class_list":{"0":"post-17563","1":"product","2":"type-product","3":"status-publish","4":"has-post-thumbnail","6":"product_cat-okategoriserad","8":"first","9":"instock","10":"shipping-taxable","11":"purchasable","12":"product-type-simple"},"_links":{"self":[{"href":"https:\/\/nordicmart.andreevmaster.com\/sv\/wp-json\/wp\/v2\/product\/17563","targetHints":{"allow":["GET"]}}],"collection":[{"href":"https:\/\/nordicmart.andreevmaster.com\/sv\/wp-json\/wp\/v2\/product"}],"about":[{"href":"https:\/\/nordicmart.andreevmaster.com\/sv\/wp-json\/wp\/v2\/types\/product"}],"replies":[{"embeddable":true,"href":"https:\/\/nordicmart.andreevmaster.com\/sv\/wp-json\/wp\/v2\/comments?post=17563"}],"wp:featuredmedia":[{"embeddable":true,"href":"https:\/\/nordicmart.andreevmaster.com\/sv\/wp-json\/wp\/v2\/media\/44916"}],"wp:attachment":[{"href":"https:\/\/nordicmart.andreevmaster.com\/sv\/wp-json\/wp\/v2\/media?parent=17563"}],"wp:term":[{"taxonomy":"product_brand","embeddable":true,"href":"https:\/\/nordicmart.andreevmaster.com\/sv\/wp-json\/wp\/v2\/product_brand?post=17563"},{"taxonomy":"product_cat","embeddable":true,"href":"https:\/\/nordicmart.andreevmaster.com\/sv\/wp-json\/wp\/v2\/product_cat?post=17563"},{"taxonomy":"product_tag","embeddable":true,"href":"https:\/\/nordicmart.andreevmaster.com\/sv\/wp-json\/wp\/v2\/product_tag?post=17563"}],"curies":[{"name":"wp","href":"https:\/\/api.w.org\/{rel}","templated":true}]}}