{"id":17561,"date":"2026-02-27T00:35:35","date_gmt":"2026-02-27T00:35:35","guid":{"rendered":"https:\/\/nordicmart.andreevmaster.com\/product\/gammal-bilmodell-q87\/"},"modified":"2026-02-27T08:25:07","modified_gmt":"2026-02-27T08:25:07","slug":"gammal-bilmodell-q87","status":"publish","type":"product","link":"https:\/\/nordicmart.andreevmaster.com\/sv\/produkt\/gammal-bilmodell-q87\/","title":{"rendered":"Gammal bilmodell \u2013 Q87"},"content":{"rendered":"<p>Gammal bilmodell \u2013 Q87&nbsp;&nbsp;&nbsp;Modellen av en gammal bil i retrostil \u00e4r en extraordin\u00e4r produkt som tar dig tillbaka till den nostalgiska tiden d\u00e5 bilar var eleganta. Klassiska f\u00e4rger och noggrant \u00e5tergivna detaljer g\u00f6r att modellen inte bara ser fantastisk ut, utan ocks\u00e5 p\u00e5minner oss om bilv\u00e4rldens rika historia.&nbsp;Denna charmiga modell kan vara en utm\u00e4rkt presentid\u00e9 f\u00f6r bilhistoriska entusiaster, klassiska entusiaster och samlare, som kommer att p\u00e5minna oss om fordonens r\u00f6tter och utveckling.&nbsp;Dess unika charm g\u00f6r denna modell perfekt f\u00f6r vintage-, industriella och till och med skandinaviska interi\u00f6rer. Den kan vara ett h\u00e4rligt dekorativt inslag i vardagsrummet eller p\u00e5 kontoret.&nbsp;&nbsp;&nbsp;Produktinformation:&nbsp;M\u00e5tt: 20 x 8,5 x 10,5 cmMaterial: MetallPerfekt f\u00f6r vintage- och industriella interi\u00f6rerUtm\u00e4rkt dekorativt inslag&nbsp;<\/p>\n","protected":false},"excerpt":{"rendered":"<p>Gammal bilmodell \u2013 Q87&nbsp;&nbsp;&nbsp;Modellen av en gammal bil i retrostil \u00e4r en extraordin\u00e4r produkt som tar dig tillbaka till den nostalgiska tiden d\u00e5 bilar var eleganta. Klassiska f\u00e4rger och noggrant \u00e5tergivna detaljer g\u00f6r att modellen inte bara ser fantastisk ut, utan ocks\u00e5 p\u00e5minner oss om bilv\u00e4rldens rika historia.&nbsp;Denna charmiga modell kan vara en utm\u00e4rkt presentid\u00e9 [&hellip;]<\/p>\n","protected":false},"featured_media":44914,"comment_status":"open","ping_status":"closed","template":"","meta":[],"product_brand":[],"product_cat":[33],"product_tag":[],"class_list":{"0":"post-17561","1":"product","2":"type-product","3":"status-publish","4":"has-post-thumbnail","6":"product_cat-okategoriserad","8":"first","9":"instock","10":"shipping-taxable","11":"purchasable","12":"product-type-simple"},"_links":{"self":[{"href":"https:\/\/nordicmart.andreevmaster.com\/sv\/wp-json\/wp\/v2\/product\/17561","targetHints":{"allow":["GET"]}}],"collection":[{"href":"https:\/\/nordicmart.andreevmaster.com\/sv\/wp-json\/wp\/v2\/product"}],"about":[{"href":"https:\/\/nordicmart.andreevmaster.com\/sv\/wp-json\/wp\/v2\/types\/product"}],"replies":[{"embeddable":true,"href":"https:\/\/nordicmart.andreevmaster.com\/sv\/wp-json\/wp\/v2\/comments?post=17561"}],"wp:featuredmedia":[{"embeddable":true,"href":"https:\/\/nordicmart.andreevmaster.com\/sv\/wp-json\/wp\/v2\/media\/44914"}],"wp:attachment":[{"href":"https:\/\/nordicmart.andreevmaster.com\/sv\/wp-json\/wp\/v2\/media?parent=17561"}],"wp:term":[{"taxonomy":"product_brand","embeddable":true,"href":"https:\/\/nordicmart.andreevmaster.com\/sv\/wp-json\/wp\/v2\/product_brand?post=17561"},{"taxonomy":"product_cat","embeddable":true,"href":"https:\/\/nordicmart.andreevmaster.com\/sv\/wp-json\/wp\/v2\/product_cat?post=17561"},{"taxonomy":"product_tag","embeddable":true,"href":"https:\/\/nordicmart.andreevmaster.com\/sv\/wp-json\/wp\/v2\/product_tag?post=17561"}],"curies":[{"name":"wp","href":"https:\/\/api.w.org\/{rel}","templated":true}]}}