{"id":17560,"date":"2026-02-27T00:35:35","date_gmt":"2026-02-27T00:35:35","guid":{"rendered":"https:\/\/nordicmart.andreevmaster.com\/product\/metal-motorcycle-052smt-2\/"},"modified":"2026-02-27T08:25:07","modified_gmt":"2026-02-27T08:25:07","slug":"metal-motorcycle-052smt-2","status":"publish","type":"product","link":"https:\/\/nordicmart.andreevmaster.com\/sv\/produkt\/metal-motorcycle-052smt-2\/","title":{"rendered":"Metal Motorcycle &#8211; 052SMT"},"content":{"rendered":"<p>Metal Motorcycle &#8211; 052SMT&nbsp;&nbsp;&nbsp;Metal Motorcycle &#8211; 052SMT \u00e4r en unik dekoration som kommer att gl\u00e4dja \u00e4lskare av bilar och industriella stilf\u00f6rem\u00e5l. Motorcykeln \u00e4r en kombination av elegans och klassik som kommer att dra till sig g\u00e4sternas uppm\u00e4rksamhet i vilket rum som helst. Den djupsvarta f\u00e4rgen ger motorcykeln en mystisk och sofistikerad k\u00e4nsla. De silverf\u00e4rgade detaljerna kontrasterar perfekt mot det svarta, vilket skapar en sl\u00e5ende accent och betonar fordonets karakt\u00e4r. Varje detalj, fr\u00e5n hjulen till str\u00e5lkastaren och styret, \u00e4r noggrant \u00e5tergiven, vilket bidrar till produktens autentiska utseende.&nbsp;Metal Motorcycle \u00e4r inte bara en enkel dekorationsartikel, utan ocks\u00e5 en utm\u00e4rkt presentid\u00e9. Den \u00e4r en unik present till motorcykelentusiaster, som kommer att understryka deras k\u00e4rlek till tv\u00e5hjuliga maskiner. Den passar ocks\u00e5 som present till samlare eller personer som gillar unika inredningsdetaljer. Modellen av en motorcykel kan bli en intressant dekoration i olika rum, som ger en touch av modern stil och industriell charm. Den tidl\u00f6sa, sofistikerade designen och det solida hantverket garanterar att den h\u00e5ller l\u00e4nge och kommer s\u00e4kert att gl\u00e4dja mottagaren av g\u00e5van. Produktinformation: Material: metall M\u00e5tt: 37 x 15 x 21 cm F\u00e4rg: svart och silver<\/p>\n","protected":false},"excerpt":{"rendered":"<p>Metal Motorcycle &#8211; 052SMT&nbsp;&nbsp;&nbsp;Metal Motorcycle &#8211; 052SMT \u00e4r en unik dekoration som kommer att gl\u00e4dja \u00e4lskare av bilar och industriella stilf\u00f6rem\u00e5l. Motorcykeln \u00e4r en kombination av elegans och klassik som kommer att dra till sig g\u00e4sternas uppm\u00e4rksamhet i vilket rum som helst. Den djupsvarta f\u00e4rgen ger motorcykeln en mystisk och sofistikerad k\u00e4nsla. De silverf\u00e4rgade detaljerna [&hellip;]<\/p>\n","protected":false},"featured_media":44913,"comment_status":"open","ping_status":"closed","template":"","meta":[],"product_brand":[],"product_cat":[33],"product_tag":[],"class_list":{"0":"post-17560","1":"product","2":"type-product","3":"status-publish","4":"has-post-thumbnail","6":"product_cat-okategoriserad","8":"first","9":"instock","10":"shipping-taxable","11":"purchasable","12":"product-type-simple"},"_links":{"self":[{"href":"https:\/\/nordicmart.andreevmaster.com\/sv\/wp-json\/wp\/v2\/product\/17560","targetHints":{"allow":["GET"]}}],"collection":[{"href":"https:\/\/nordicmart.andreevmaster.com\/sv\/wp-json\/wp\/v2\/product"}],"about":[{"href":"https:\/\/nordicmart.andreevmaster.com\/sv\/wp-json\/wp\/v2\/types\/product"}],"replies":[{"embeddable":true,"href":"https:\/\/nordicmart.andreevmaster.com\/sv\/wp-json\/wp\/v2\/comments?post=17560"}],"wp:featuredmedia":[{"embeddable":true,"href":"https:\/\/nordicmart.andreevmaster.com\/sv\/wp-json\/wp\/v2\/media\/44913"}],"wp:attachment":[{"href":"https:\/\/nordicmart.andreevmaster.com\/sv\/wp-json\/wp\/v2\/media?parent=17560"}],"wp:term":[{"taxonomy":"product_brand","embeddable":true,"href":"https:\/\/nordicmart.andreevmaster.com\/sv\/wp-json\/wp\/v2\/product_brand?post=17560"},{"taxonomy":"product_cat","embeddable":true,"href":"https:\/\/nordicmart.andreevmaster.com\/sv\/wp-json\/wp\/v2\/product_cat?post=17560"},{"taxonomy":"product_tag","embeddable":true,"href":"https:\/\/nordicmart.andreevmaster.com\/sv\/wp-json\/wp\/v2\/product_tag?post=17560"}],"curies":[{"name":"wp","href":"https:\/\/api.w.org\/{rel}","templated":true}]}}