{"id":17559,"date":"2026-02-27T00:35:34","date_gmt":"2026-02-27T00:35:34","guid":{"rendered":"https:\/\/nordicmart.andreevmaster.com\/product\/metallbord-med-timglas-30-minuter-1051\/"},"modified":"2026-02-27T08:25:07","modified_gmt":"2026-02-27T08:25:07","slug":"metallbord-med-timglas-30-minuter-1051","status":"publish","type":"product","link":"https:\/\/nordicmart.andreevmaster.com\/sv\/produkt\/metallbord-med-timglas-30-minuter-1051\/","title":{"rendered":"Metallbord med timglas 30 minuter &#8211; 1051"},"content":{"rendered":"<p>Metallbord med timglas 30 minuter &#8211; 1051&nbsp;&nbsp;&nbsp;Metallbord med timglas 30 minuter \u00e4r en ovanlig kombination av elegans och funktionalitet, som passar perfekt in i olika inredningsstilar.&nbsp;&nbsp;Detta fantastiska metallbord i guld kommer att vara ett unikt dekorativt inslag i alla interi\u00f6rer. Dess o\u00f6vertr\u00e4ffade design sticker ut fr\u00e5n andra m\u00f6bler, och timglaset, som m\u00e4ter tiden i 30 minuter, bidrar till dess unika karakt\u00e4r. Timglaset kan v\u00e4ndas. Det fungerar perfekt som en blickf\u00e5ng i din inredning, drar uppm\u00e4rksamhet till sig och tillf\u00f6r en unik charm. &nbsp;&nbsp;Bordets m\u00e5tt (40 x 40 x 60 cm) g\u00f6r det till ett perfekt tillskott till ditt vardagsrum, sovrum eller kontor. Det \u00e4r tillverkat av h\u00e5llbart metall och glas, vilket garanterar h\u00e5llbarhet och stabilitet. Dess gyllene f\u00e4rg tillf\u00f6r elegans till inredningen, b\u00e5de i rum inredda i glamour\u00f6s, industriell stil och i mer klassiska rum, d\u00e4r detta bord kan vara en intressant kontrast.&nbsp;&nbsp;&nbsp;Produktinformation:&nbsp;Material: metall och glas M\u00e5tt: 40 x 40 x 60 cm Stil: Passar b\u00e5de glamor\u00f6sa, industriella och klassiska interi\u00f6rer. F\u00e4rg: Guld Utrustad med en timglas som m\u00e4ter 30 minuter Kombination av funktionalitet och estetik&nbsp;<\/p>\n","protected":false},"excerpt":{"rendered":"<p>Metallbord med timglas 30 minuter &#8211; 1051&nbsp;&nbsp;&nbsp;Metallbord med timglas 30 minuter \u00e4r en ovanlig kombination av elegans och funktionalitet, som passar perfekt in i olika inredningsstilar.&nbsp;&nbsp;Detta fantastiska metallbord i guld kommer att vara ett unikt dekorativt inslag i alla interi\u00f6rer. Dess o\u00f6vertr\u00e4ffade design sticker ut fr\u00e5n andra m\u00f6bler, och timglaset, som m\u00e4ter tiden i 30 [&hellip;]<\/p>\n","protected":false},"featured_media":44912,"comment_status":"open","ping_status":"closed","template":"","meta":[],"product_brand":[],"product_cat":[33],"product_tag":[],"class_list":{"0":"post-17559","1":"product","2":"type-product","3":"status-publish","4":"has-post-thumbnail","6":"product_cat-okategoriserad","8":"first","9":"instock","10":"shipping-taxable","11":"purchasable","12":"product-type-simple"},"_links":{"self":[{"href":"https:\/\/nordicmart.andreevmaster.com\/sv\/wp-json\/wp\/v2\/product\/17559","targetHints":{"allow":["GET"]}}],"collection":[{"href":"https:\/\/nordicmart.andreevmaster.com\/sv\/wp-json\/wp\/v2\/product"}],"about":[{"href":"https:\/\/nordicmart.andreevmaster.com\/sv\/wp-json\/wp\/v2\/types\/product"}],"replies":[{"embeddable":true,"href":"https:\/\/nordicmart.andreevmaster.com\/sv\/wp-json\/wp\/v2\/comments?post=17559"}],"wp:featuredmedia":[{"embeddable":true,"href":"https:\/\/nordicmart.andreevmaster.com\/sv\/wp-json\/wp\/v2\/media\/44912"}],"wp:attachment":[{"href":"https:\/\/nordicmart.andreevmaster.com\/sv\/wp-json\/wp\/v2\/media?parent=17559"}],"wp:term":[{"taxonomy":"product_brand","embeddable":true,"href":"https:\/\/nordicmart.andreevmaster.com\/sv\/wp-json\/wp\/v2\/product_brand?post=17559"},{"taxonomy":"product_cat","embeddable":true,"href":"https:\/\/nordicmart.andreevmaster.com\/sv\/wp-json\/wp\/v2\/product_cat?post=17559"},{"taxonomy":"product_tag","embeddable":true,"href":"https:\/\/nordicmart.andreevmaster.com\/sv\/wp-json\/wp\/v2\/product_tag?post=17559"}],"curies":[{"name":"wp","href":"https:\/\/api.w.org\/{rel}","templated":true}]}}