{"id":17558,"date":"2026-02-27T00:35:34","date_gmt":"2026-02-27T00:35:34","guid":{"rendered":"https:\/\/nordicmart.andreevmaster.com\/product\/tic-tac-toe-g1044z-2\/"},"modified":"2026-02-27T08:25:06","modified_gmt":"2026-02-27T08:25:06","slug":"tic-tac-toe-g1044z-2","status":"publish","type":"product","link":"https:\/\/nordicmart.andreevmaster.com\/sv\/produkt\/tic-tac-toe-g1044z-2\/","title":{"rendered":"Tic-tac-toe &#8211; G1044Z"},"content":{"rendered":"<p>Tic-tac-toe &#8211; G1044Z&nbsp;&nbsp;Tic-tac-toe in a Box \u00e4r en elegant version av det klassiska strategispelet fr\u00e5n baksidorna av anteckningsb\u00f6cker. Flytta br\u00e4det fr\u00e5n din anteckningsbok till ditt skrivbord och njut av ett spel under rasterna.&nbsp;Blocken \u00e4r gjorda av tr\u00e4 och har m\u00e4ssingsornament. Tr\u00e4l\u00e5dan med fack f\u00f6r cirklar och kors \u00e4r ocks\u00e5 ett spelbr\u00e4de i sig. L\u00e5dans ovansida \u00e4r gjord av glas. &nbsp;Tic-tac-toe i denna version kommer att se bra ut p\u00e5 ditt skrivbord. Tr\u00e4 i kombination med m\u00e4ssing ger setet ett lyxigt utseende. Cirkel och kors kommer att visa sig vara en rolig present till en rektor, l\u00e4rare eller ordf\u00f6rande. Det kommer ocks\u00e5 att ge mycket gl\u00e4dje till f\u00f6rel\u00e4sare. &nbsp;&nbsp;L\u00e5da:&nbsp;Material: tr\u00e4GlaslockL\u00e5dans storlek: 10 x 10 cmL\u00e5da som kan st\u00e4ngas&nbsp;&nbsp;Cirkel- och korsblock:&nbsp;4 cirklar5 korsMaterial: tr\u00e4M\u00e4ssingsdekoration&nbsp;&nbsp;&nbsp;Observera! Denna produkt \u00e4r inte en leksak och \u00e4r inte l\u00e4mplig f\u00f6r barn under 14 \u00e5r. &nbsp;<\/p>\n","protected":false},"excerpt":{"rendered":"<p>Tic-tac-toe &#8211; G1044Z&nbsp;&nbsp;Tic-tac-toe in a Box \u00e4r en elegant version av det klassiska strategispelet fr\u00e5n baksidorna av anteckningsb\u00f6cker. Flytta br\u00e4det fr\u00e5n din anteckningsbok till ditt skrivbord och njut av ett spel under rasterna.&nbsp;Blocken \u00e4r gjorda av tr\u00e4 och har m\u00e4ssingsornament. Tr\u00e4l\u00e5dan med fack f\u00f6r cirklar och kors \u00e4r ocks\u00e5 ett spelbr\u00e4de i sig. L\u00e5dans ovansida [&hellip;]<\/p>\n","protected":false},"featured_media":44911,"comment_status":"open","ping_status":"closed","template":"","meta":[],"product_brand":[],"product_cat":[33],"product_tag":[],"class_list":{"0":"post-17558","1":"product","2":"type-product","3":"status-publish","4":"has-post-thumbnail","6":"product_cat-okategoriserad","8":"first","9":"instock","10":"shipping-taxable","11":"purchasable","12":"product-type-simple"},"_links":{"self":[{"href":"https:\/\/nordicmart.andreevmaster.com\/sv\/wp-json\/wp\/v2\/product\/17558","targetHints":{"allow":["GET"]}}],"collection":[{"href":"https:\/\/nordicmart.andreevmaster.com\/sv\/wp-json\/wp\/v2\/product"}],"about":[{"href":"https:\/\/nordicmart.andreevmaster.com\/sv\/wp-json\/wp\/v2\/types\/product"}],"replies":[{"embeddable":true,"href":"https:\/\/nordicmart.andreevmaster.com\/sv\/wp-json\/wp\/v2\/comments?post=17558"}],"wp:featuredmedia":[{"embeddable":true,"href":"https:\/\/nordicmart.andreevmaster.com\/sv\/wp-json\/wp\/v2\/media\/44911"}],"wp:attachment":[{"href":"https:\/\/nordicmart.andreevmaster.com\/sv\/wp-json\/wp\/v2\/media?parent=17558"}],"wp:term":[{"taxonomy":"product_brand","embeddable":true,"href":"https:\/\/nordicmart.andreevmaster.com\/sv\/wp-json\/wp\/v2\/product_brand?post=17558"},{"taxonomy":"product_cat","embeddable":true,"href":"https:\/\/nordicmart.andreevmaster.com\/sv\/wp-json\/wp\/v2\/product_cat?post=17558"},{"taxonomy":"product_tag","embeddable":true,"href":"https:\/\/nordicmart.andreevmaster.com\/sv\/wp-json\/wp\/v2\/product_tag?post=17558"}],"curies":[{"name":"wp","href":"https:\/\/api.w.org\/{rel}","templated":true}]}}