{"id":17557,"date":"2026-02-27T00:35:34","date_gmt":"2026-02-27T00:35:34","guid":{"rendered":"https:\/\/nordicmart.andreevmaster.com\/product\/tarningsspel-i-tralada-med-glaslock-g151g-az\/"},"modified":"2026-02-27T08:25:06","modified_gmt":"2026-02-27T08:25:06","slug":"tarningsspel-i-tralada-med-glaslock-g151g-az","status":"publish","type":"product","link":"https:\/\/nordicmart.andreevmaster.com\/sv\/produkt\/tarningsspel-i-tralada-med-glaslock-g151g-az\/","title":{"rendered":"T\u00e4rningsspel i tr\u00e4l\u00e5da med glaslock \u2013 G151G\/AZ"},"content":{"rendered":"<p>T\u00e4rningsspel i tr\u00e4l\u00e5da med glaslock \u2013 G151G\/AZ&nbsp;&nbsp;Klassiskt t\u00e4rningsspel, f\u00f6rpackat i en vacker tr\u00e4l\u00e5da med glaslock. Detta unika spel \u00e4r ett utm\u00e4rkt s\u00e4tt att umg\u00e5s med familj och v\u00e4nner och erbjuder massor av skoj och sp\u00e4nning.&nbsp;T\u00e4rningsspelet G151G\/AZ \u00e4r omsorgsfullt tillverkat av h\u00f6gkvalitativt tr\u00e4, vilket ger det h\u00e5llbarhet och elegans. Tr\u00e4l\u00e5dan m\u00e4ter 5&#215;5 cm, vilket g\u00f6r den perfekt f\u00f6r f\u00f6rvaring och resor. Spelets storlek g\u00f6r att det passar bra i handen, s\u00e5 att du kan kasta t\u00e4rningarna bekv\u00e4mt och precist.&nbsp;T\u00e4rningsspel har funnits i \u00e5rhundraden och \u00e4r fortfarande mycket popul\u00e4ra. Det kan vara en perfekt present f\u00f6r \u00e4lskare av br\u00e4dspel och klassisk underh\u00e5llning. Du kan ta med det p\u00e5 picknick, en weekendresa eller helt enkelt ha det hemma som en del av din underh\u00e5llning. Ge dig sj\u00e4lv och dina n\u00e4ra och k\u00e4ra of\u00f6rgl\u00f6mliga stunder av gl\u00e4dje och skratt med t\u00e4rningsspelet. Det \u00e4r en kombination av klassik, sk\u00f6nhet och unikhet som kommer att gl\u00e4dja alla spel\u00e4lskare och bli ett utm\u00e4rkt tillskott till din spelsamling.&nbsp;L\u00e5da: &nbsp;Tillverkad av akaciatr\u00e4GlaslockM\u00e4ssingsdekorationer L\u00e5dans m\u00e5tt: 5 x 5 cm&nbsp;&nbsp;&nbsp;Observera! Denna produkt \u00e4r inte en leksak och \u00e4r inte l\u00e4mplig f\u00f6r barn under 14 \u00e5r. &nbsp;&nbsp;<\/p>\n","protected":false},"excerpt":{"rendered":"<p>T\u00e4rningsspel i tr\u00e4l\u00e5da med glaslock \u2013 G151G\/AZ&nbsp;&nbsp;Klassiskt t\u00e4rningsspel, f\u00f6rpackat i en vacker tr\u00e4l\u00e5da med glaslock. Detta unika spel \u00e4r ett utm\u00e4rkt s\u00e4tt att umg\u00e5s med familj och v\u00e4nner och erbjuder massor av skoj och sp\u00e4nning.&nbsp;T\u00e4rningsspelet G151G\/AZ \u00e4r omsorgsfullt tillverkat av h\u00f6gkvalitativt tr\u00e4, vilket ger det h\u00e5llbarhet och elegans. Tr\u00e4l\u00e5dan m\u00e4ter 5&#215;5 cm, vilket g\u00f6r den [&hellip;]<\/p>\n","protected":false},"featured_media":44910,"comment_status":"open","ping_status":"closed","template":"","meta":[],"product_brand":[],"product_cat":[33],"product_tag":[],"class_list":{"0":"post-17557","1":"product","2":"type-product","3":"status-publish","4":"has-post-thumbnail","6":"product_cat-okategoriserad","8":"first","9":"instock","10":"shipping-taxable","11":"purchasable","12":"product-type-simple"},"_links":{"self":[{"href":"https:\/\/nordicmart.andreevmaster.com\/sv\/wp-json\/wp\/v2\/product\/17557","targetHints":{"allow":["GET"]}}],"collection":[{"href":"https:\/\/nordicmart.andreevmaster.com\/sv\/wp-json\/wp\/v2\/product"}],"about":[{"href":"https:\/\/nordicmart.andreevmaster.com\/sv\/wp-json\/wp\/v2\/types\/product"}],"replies":[{"embeddable":true,"href":"https:\/\/nordicmart.andreevmaster.com\/sv\/wp-json\/wp\/v2\/comments?post=17557"}],"wp:featuredmedia":[{"embeddable":true,"href":"https:\/\/nordicmart.andreevmaster.com\/sv\/wp-json\/wp\/v2\/media\/44910"}],"wp:attachment":[{"href":"https:\/\/nordicmart.andreevmaster.com\/sv\/wp-json\/wp\/v2\/media?parent=17557"}],"wp:term":[{"taxonomy":"product_brand","embeddable":true,"href":"https:\/\/nordicmart.andreevmaster.com\/sv\/wp-json\/wp\/v2\/product_brand?post=17557"},{"taxonomy":"product_cat","embeddable":true,"href":"https:\/\/nordicmart.andreevmaster.com\/sv\/wp-json\/wp\/v2\/product_cat?post=17557"},{"taxonomy":"product_tag","embeddable":true,"href":"https:\/\/nordicmart.andreevmaster.com\/sv\/wp-json\/wp\/v2\/product_tag?post=17557"}],"curies":[{"name":"wp","href":"https:\/\/api.w.org\/{rel}","templated":true}]}}