{"id":17556,"date":"2026-02-27T00:35:33","date_gmt":"2026-02-27T00:35:33","guid":{"rendered":"https:\/\/nordicmart.andreevmaster.com\/product\/massingspassare-med-lock-nc1591\/"},"modified":"2026-02-27T08:25:06","modified_gmt":"2026-02-27T08:25:06","slug":"massingspassare-med-lock-nc1591","status":"publish","type":"product","link":"https:\/\/nordicmart.andreevmaster.com\/sv\/produkt\/massingspassare-med-lock-nc1591\/","title":{"rendered":"M\u00e4ssingspassare med lock | NC1591"},"content":{"rendered":"<p>M\u00e4ssingskompass med lock | NC1591En praktisk kompass med ett l\u00e5sbart lock som skyddar urtavlan. De eleganta guldf\u00e4rgerna tillsammans med den vita urtavlan g\u00f6r den perfekt som dekorativ inredningsdetalj p\u00e5 kontoret eller i vardagsrummet.&nbsp;Material: M\u00e4ssingF\u00e4rg: Guldf\u00e4rgat lock, vit urtavla&nbsp;M\u00e5tt: 5 x 4,5 x 1,25 cm&nbsp;<\/p>\n","protected":false},"excerpt":{"rendered":"<p>M\u00e4ssingskompass med lock | NC1591En praktisk kompass med ett l\u00e5sbart lock som skyddar urtavlan. De eleganta guldf\u00e4rgerna tillsammans med den vita urtavlan g\u00f6r den perfekt som dekorativ inredningsdetalj p\u00e5 kontoret eller i vardagsrummet.&nbsp;Material: M\u00e4ssingF\u00e4rg: Guldf\u00e4rgat lock, vit urtavla&nbsp;M\u00e5tt: 5 x 4,5 x 1,25 cm&nbsp;<\/p>\n","protected":false},"featured_media":44909,"comment_status":"open","ping_status":"closed","template":"","meta":[],"product_brand":[],"product_cat":[33],"product_tag":[],"class_list":{"0":"post-17556","1":"product","2":"type-product","3":"status-publish","4":"has-post-thumbnail","6":"product_cat-okategoriserad","8":"first","9":"instock","10":"shipping-taxable","11":"purchasable","12":"product-type-simple"},"_links":{"self":[{"href":"https:\/\/nordicmart.andreevmaster.com\/sv\/wp-json\/wp\/v2\/product\/17556","targetHints":{"allow":["GET"]}}],"collection":[{"href":"https:\/\/nordicmart.andreevmaster.com\/sv\/wp-json\/wp\/v2\/product"}],"about":[{"href":"https:\/\/nordicmart.andreevmaster.com\/sv\/wp-json\/wp\/v2\/types\/product"}],"replies":[{"embeddable":true,"href":"https:\/\/nordicmart.andreevmaster.com\/sv\/wp-json\/wp\/v2\/comments?post=17556"}],"wp:featuredmedia":[{"embeddable":true,"href":"https:\/\/nordicmart.andreevmaster.com\/sv\/wp-json\/wp\/v2\/media\/44909"}],"wp:attachment":[{"href":"https:\/\/nordicmart.andreevmaster.com\/sv\/wp-json\/wp\/v2\/media?parent=17556"}],"wp:term":[{"taxonomy":"product_brand","embeddable":true,"href":"https:\/\/nordicmart.andreevmaster.com\/sv\/wp-json\/wp\/v2\/product_brand?post=17556"},{"taxonomy":"product_cat","embeddable":true,"href":"https:\/\/nordicmart.andreevmaster.com\/sv\/wp-json\/wp\/v2\/product_cat?post=17556"},{"taxonomy":"product_tag","embeddable":true,"href":"https:\/\/nordicmart.andreevmaster.com\/sv\/wp-json\/wp\/v2\/product_tag?post=17556"}],"curies":[{"name":"wp","href":"https:\/\/api.w.org\/{rel}","templated":true}]}}