{"id":17555,"date":"2026-02-27T00:35:33","date_gmt":"2026-02-27T00:35:33","guid":{"rendered":"https:\/\/nordicmart.andreevmaster.com\/product\/exklusivt-metallschack-fran-den-makedoniska-dynastin-schackbrade-20-x-20-cm-sk1\/"},"modified":"2026-02-27T08:25:06","modified_gmt":"2026-02-27T08:25:06","slug":"exklusivt-metallschack-fran-den-makedoniska-dynastin-schackbrade-20-x-20-cm-sk1","status":"publish","type":"product","link":"https:\/\/nordicmart.andreevmaster.com\/sv\/produkt\/exklusivt-metallschack-fran-den-makedoniska-dynastin-schackbrade-20-x-20-cm-sk1\/","title":{"rendered":"Exklusivt metallschack fr\u00e5n den makedoniska dynastin \u2013 Schackbr\u00e4de 20 x 20 cm \u2013 SK1"},"content":{"rendered":"<p>Exklusivt schackspel i metall fr\u00e5n den makedoniska dynastin \u2013 Schackbr\u00e4de 20&#215;20 cm \u2013 SK1.&nbsp;&nbsp;Exklusivt schackspel inspirerat av den makedoniska dynastin \u2013 den \u00e5ttonde kejsardynastin som regerade i Bysantinska riket. Under den makedoniska dynastin \u00e5terfick Bysans sin makt efter nederlagen som \u00e5samkats av de arabiska invasionerna. Det var d\u00e5 dess milit\u00e4ra makt och prestige p\u00e5 den internationella arenan \u00f6kade.&nbsp;Schackbr\u00e4det p\u00e5 20 x 20 cm \u00e4r tillverkat av h\u00f6gkvalitativ m\u00e4ssing, vilket ger det ett unikt utseende och h\u00e5llbarhet. Fantastisk design och uppm\u00e4rksamhet p\u00e5 detaljer g\u00f6r detta schackbr\u00e4de till ett verkligt konstverk.&nbsp;Hela schackspelet \u00e4r snyggt f\u00f6rpackat i en elegant tr\u00e4l\u00e5da, som skyddar schackpj\u00e4serna fr\u00e5n skador och ger dem tillr\u00e4ckligt med f\u00f6rvaringsutrymme. Schackspelet SK1 g\u00f6r det inte bara m\u00f6jligt f\u00f6r dig att umg\u00e5s med dina n\u00e4ra och k\u00e4ra \u2013 det \u00e4r ocks\u00e5 en fantastisk inredningsdetalj som passar utm\u00e4rkt i ditt hem, p\u00e5 kontoret eller i biblioteket.&nbsp;Detta \u00e4r en vacker, elegant present till schack\u00e4lskare, historiker och personer som uppskattar h\u00f6gsta kvalitet. Vi garanterar att detta schackspel kommer att ge timmar av underh\u00e5llning och kommer att gl\u00e4dja b\u00e5de erfarna spelare och nyb\u00f6rjare som \u00e4r intresserade av detta kungliga spel.&nbsp;&nbsp;M\u00e5tt:&nbsp;Schackbr\u00e4de 20 x 20 cmKungens h\u00f6jd 3,5 cmSetets vikt: 1,5 kg&nbsp;Schackpj\u00e4ser:&nbsp;Schackpj\u00e4ser i metallFigurer och b\u00f6nder tillverkade av zinklegering.F\u00e4rger: guld\/silver&nbsp;Schackbr\u00e4de:&nbsp;Tillverkat av m\u00e4ssingF\u00e4rger: vinr\u00f6tt\/guldHandm\u00e5latSchackpj\u00e4serna \u00e4r f\u00f6rpackade i en vacker, lyxig tr\u00e4l\u00e5daInuti en omsorgsfullt tillverkad formad l\u00e5da f\u00f6r stapling och s\u00e4ker f\u00f6rvaring av figurerna&nbsp;<\/p>\n","protected":false},"excerpt":{"rendered":"<p>Exklusivt schackspel i metall fr\u00e5n den makedoniska dynastin \u2013 Schackbr\u00e4de 20&#215;20 cm \u2013 SK1.&nbsp;&nbsp;Exklusivt schackspel inspirerat av den makedoniska dynastin \u2013 den \u00e5ttonde kejsardynastin som regerade i Bysantinska riket. Under den makedoniska dynastin \u00e5terfick Bysans sin makt efter nederlagen som \u00e5samkats av de arabiska invasionerna. Det var d\u00e5 dess milit\u00e4ra makt och prestige p\u00e5 den [&hellip;]<\/p>\n","protected":false},"featured_media":44908,"comment_status":"open","ping_status":"closed","template":"","meta":[],"product_brand":[],"product_cat":[33],"product_tag":[],"class_list":{"0":"post-17555","1":"product","2":"type-product","3":"status-publish","4":"has-post-thumbnail","6":"product_cat-okategoriserad","8":"first","9":"instock","10":"shipping-taxable","11":"purchasable","12":"product-type-simple"},"_links":{"self":[{"href":"https:\/\/nordicmart.andreevmaster.com\/sv\/wp-json\/wp\/v2\/product\/17555","targetHints":{"allow":["GET"]}}],"collection":[{"href":"https:\/\/nordicmart.andreevmaster.com\/sv\/wp-json\/wp\/v2\/product"}],"about":[{"href":"https:\/\/nordicmart.andreevmaster.com\/sv\/wp-json\/wp\/v2\/types\/product"}],"replies":[{"embeddable":true,"href":"https:\/\/nordicmart.andreevmaster.com\/sv\/wp-json\/wp\/v2\/comments?post=17555"}],"wp:featuredmedia":[{"embeddable":true,"href":"https:\/\/nordicmart.andreevmaster.com\/sv\/wp-json\/wp\/v2\/media\/44908"}],"wp:attachment":[{"href":"https:\/\/nordicmart.andreevmaster.com\/sv\/wp-json\/wp\/v2\/media?parent=17555"}],"wp:term":[{"taxonomy":"product_brand","embeddable":true,"href":"https:\/\/nordicmart.andreevmaster.com\/sv\/wp-json\/wp\/v2\/product_brand?post=17555"},{"taxonomy":"product_cat","embeddable":true,"href":"https:\/\/nordicmart.andreevmaster.com\/sv\/wp-json\/wp\/v2\/product_cat?post=17555"},{"taxonomy":"product_tag","embeddable":true,"href":"https:\/\/nordicmart.andreevmaster.com\/sv\/wp-json\/wp\/v2\/product_tag?post=17555"}],"curies":[{"name":"wp","href":"https:\/\/api.w.org\/{rel}","templated":true}]}}