{"id":17554,"date":"2026-02-27T00:35:33","date_gmt":"2026-02-27T00:35:33","guid":{"rendered":"https:\/\/nordicmart.andreevmaster.com\/product\/metallask-2139s\/"},"modified":"2026-02-27T08:25:06","modified_gmt":"2026-02-27T08:25:06","slug":"metallask-2139s","status":"publish","type":"product","link":"https:\/\/nordicmart.andreevmaster.com\/sv\/produkt\/metallask-2139s\/","title":{"rendered":"Metallask 2139S"},"content":{"rendered":"<p>Metallask 2139S&nbsp;&nbsp;Denna ask g\u00f6r det enkelt att f\u00f6rvara smycken och sm\u00e5 skatter p\u00e5 ett elegant s\u00e4tt. Den \u00e4r ocks\u00e5 en charmig dekoration f\u00f6r en byr\u00e5 eller ett sminkbord, som ger rummet en touch av chic fr\u00e5n svunna tider. Den kan fungera som f\u00f6rvaring f\u00f6r nycklar, sparb\u00f6ssa f\u00f6r sm\u00e5mynt eller ask f\u00f6r ringar.&nbsp;Den solida metallkonstruktionen s\u00e4kerst\u00e4ller att f\u00f6rvarade f\u00f6rem\u00e5l skyddas fr\u00e5n skador och f\u00f6rlust.&nbsp;&nbsp;Produktinformation:&nbsp;Material: metall \u2013 zinklegeringM\u00e5tt: 8,5 x 6,3 x 7,5 cmEgenskaper:Elegant designPraktisk anv\u00e4ndningIdealisk f\u00f6r f\u00f6rvaring av smycken och andra sm\u00e5sakerKan fungera som prydnad p\u00e5 toalettbordet eller byr\u00e5n&nbsp;&nbsp;<\/p>\n","protected":false},"excerpt":{"rendered":"<p>Metallask 2139S&nbsp;&nbsp;Denna ask g\u00f6r det enkelt att f\u00f6rvara smycken och sm\u00e5 skatter p\u00e5 ett elegant s\u00e4tt. Den \u00e4r ocks\u00e5 en charmig dekoration f\u00f6r en byr\u00e5 eller ett sminkbord, som ger rummet en touch av chic fr\u00e5n svunna tider. Den kan fungera som f\u00f6rvaring f\u00f6r nycklar, sparb\u00f6ssa f\u00f6r sm\u00e5mynt eller ask f\u00f6r ringar.&nbsp;Den solida metallkonstruktionen s\u00e4kerst\u00e4ller [&hellip;]<\/p>\n","protected":false},"featured_media":0,"comment_status":"open","ping_status":"closed","template":"","meta":[],"product_brand":[],"product_cat":[33],"product_tag":[],"class_list":{"0":"post-17554","1":"product","2":"type-product","3":"status-publish","5":"product_cat-okategoriserad","7":"first","8":"instock","9":"shipping-taxable","10":"purchasable","11":"product-type-simple"},"_links":{"self":[{"href":"https:\/\/nordicmart.andreevmaster.com\/sv\/wp-json\/wp\/v2\/product\/17554","targetHints":{"allow":["GET"]}}],"collection":[{"href":"https:\/\/nordicmart.andreevmaster.com\/sv\/wp-json\/wp\/v2\/product"}],"about":[{"href":"https:\/\/nordicmart.andreevmaster.com\/sv\/wp-json\/wp\/v2\/types\/product"}],"replies":[{"embeddable":true,"href":"https:\/\/nordicmart.andreevmaster.com\/sv\/wp-json\/wp\/v2\/comments?post=17554"}],"wp:attachment":[{"href":"https:\/\/nordicmart.andreevmaster.com\/sv\/wp-json\/wp\/v2\/media?parent=17554"}],"wp:term":[{"taxonomy":"product_brand","embeddable":true,"href":"https:\/\/nordicmart.andreevmaster.com\/sv\/wp-json\/wp\/v2\/product_brand?post=17554"},{"taxonomy":"product_cat","embeddable":true,"href":"https:\/\/nordicmart.andreevmaster.com\/sv\/wp-json\/wp\/v2\/product_cat?post=17554"},{"taxonomy":"product_tag","embeddable":true,"href":"https:\/\/nordicmart.andreevmaster.com\/sv\/wp-json\/wp\/v2\/product_tag?post=17554"}],"curies":[{"name":"wp","href":"https:\/\/api.w.org\/{rel}","templated":true}]}}