{"id":17553,"date":"2026-02-27T00:35:33","date_gmt":"2026-02-27T00:35:33","guid":{"rendered":"https:\/\/nordicmart.andreevmaster.com\/product\/templars-helmet-key-ring-mc-23096a-2\/"},"modified":"2026-02-27T08:25:05","modified_gmt":"2026-02-27T08:25:05","slug":"templars-helmet-key-ring-mc-23096a-2","status":"publish","type":"product","link":"https:\/\/nordicmart.andreevmaster.com\/sv\/produkt\/templars-helmet-key-ring-mc-23096a-2\/","title":{"rendered":"Templar&#8217;s Helmet Key Ring &#8211; MC-23096A"},"content":{"rendered":"<p>Templar&#8217;s Helmet Key Ring &#8211; MC-23096A&nbsp;&nbsp;Templar&#8217;s Helmet keychain \u00e4r ett snyggt tillbeh\u00f6r som \u00e4r den perfekta f\u00f6ljeslagaren till dina nycklar. Tillverkad av slitstarkt polyresin. Den har detaljerade graverade m\u00f6nster och detaljer som k\u00e4nnetecknar Tempelherreorden. Den \u00e4r t\u00e5lig mot skador och garanterar l\u00e5ng livsl\u00e4ngd.&nbsp;Denna h\u00e4ngsmyckes originella design v\u00e4cker intresse och drar till sig uppm\u00e4rksamhet, vilket g\u00f6r den till en idealisk pryl f\u00f6r historieintresserade, fans av Tempelherreorden eller entusiaster av medeltida kultur. Oavsett om du \u00e4r historieentusiast, samlare av militaria eller helt enkelt en person som uppskattar okonventionella accessoarer, kommer denna nyckelring garanterat att uppfylla dina f\u00f6rv\u00e4ntningar.&nbsp;&nbsp;M\u00e5tt:&nbsp;-Total l\u00e4ngd: 9,5 cm-Hj\u00e4lmens l\u00e4ngd: 4 cm&nbsp;<\/p>\n","protected":false},"excerpt":{"rendered":"<p>Templar&#8217;s Helmet Key Ring &#8211; MC-23096A&nbsp;&nbsp;Templar&#8217;s Helmet keychain \u00e4r ett snyggt tillbeh\u00f6r som \u00e4r den perfekta f\u00f6ljeslagaren till dina nycklar. Tillverkad av slitstarkt polyresin. Den har detaljerade graverade m\u00f6nster och detaljer som k\u00e4nnetecknar Tempelherreorden. Den \u00e4r t\u00e5lig mot skador och garanterar l\u00e5ng livsl\u00e4ngd.&nbsp;Denna h\u00e4ngsmyckes originella design v\u00e4cker intresse och drar till sig uppm\u00e4rksamhet, vilket g\u00f6r [&hellip;]<\/p>\n","protected":false},"featured_media":44907,"comment_status":"open","ping_status":"closed","template":"","meta":[],"product_brand":[],"product_cat":[33],"product_tag":[],"class_list":{"0":"post-17553","1":"product","2":"type-product","3":"status-publish","4":"has-post-thumbnail","6":"product_cat-okategoriserad","8":"first","9":"instock","10":"shipping-taxable","11":"purchasable","12":"product-type-simple"},"_links":{"self":[{"href":"https:\/\/nordicmart.andreevmaster.com\/sv\/wp-json\/wp\/v2\/product\/17553","targetHints":{"allow":["GET"]}}],"collection":[{"href":"https:\/\/nordicmart.andreevmaster.com\/sv\/wp-json\/wp\/v2\/product"}],"about":[{"href":"https:\/\/nordicmart.andreevmaster.com\/sv\/wp-json\/wp\/v2\/types\/product"}],"replies":[{"embeddable":true,"href":"https:\/\/nordicmart.andreevmaster.com\/sv\/wp-json\/wp\/v2\/comments?post=17553"}],"wp:featuredmedia":[{"embeddable":true,"href":"https:\/\/nordicmart.andreevmaster.com\/sv\/wp-json\/wp\/v2\/media\/44907"}],"wp:attachment":[{"href":"https:\/\/nordicmart.andreevmaster.com\/sv\/wp-json\/wp\/v2\/media?parent=17553"}],"wp:term":[{"taxonomy":"product_brand","embeddable":true,"href":"https:\/\/nordicmart.andreevmaster.com\/sv\/wp-json\/wp\/v2\/product_brand?post=17553"},{"taxonomy":"product_cat","embeddable":true,"href":"https:\/\/nordicmart.andreevmaster.com\/sv\/wp-json\/wp\/v2\/product_cat?post=17553"},{"taxonomy":"product_tag","embeddable":true,"href":"https:\/\/nordicmart.andreevmaster.com\/sv\/wp-json\/wp\/v2\/product_tag?post=17553"}],"curies":[{"name":"wp","href":"https:\/\/api.w.org\/{rel}","templated":true}]}}