{"id":17552,"date":"2026-02-27T00:35:32","date_gmt":"2026-02-27T00:35:32","guid":{"rendered":"https:\/\/nordicmart.andreevmaster.com\/product\/yoga-gymnastics-decorative-figurine-dd-oc-225-2\/"},"modified":"2026-02-27T08:25:05","modified_gmt":"2026-02-27T08:25:05","slug":"yoga-gymnastics-decorative-figurine-dd-oc-225-2","status":"publish","type":"product","link":"https:\/\/nordicmart.andreevmaster.com\/sv\/produkt\/yoga-gymnastics-decorative-figurine-dd-oc-225-2\/","title":{"rendered":"Yoga Gymnastics Decorative Figurine &#8211; DD-OC-225"},"content":{"rendered":"<p>Yoga Gymnastics Decorative Figurine DD-OC-225&nbsp;&nbsp;Tack vare sin moderna form passar figuren perfekt som dekoration i glamor\u00f6sa, industriella och klassiska interi\u00f6rer. Den \u00e4r ett elegant tillskott till ditt hemmasyogastudio.&nbsp;Yogafiguren passar som present till en yogi, en gymnast eller alla som gillar fysisk aktivitet.&nbsp;&nbsp;Information:&nbsp;M\u00e5tt: H\u00f6jd 41 cmMaterial: metallF\u00e4rg: svart och guld&nbsp;&nbsp;<\/p>\n","protected":false},"excerpt":{"rendered":"<p>Yoga Gymnastics Decorative Figurine DD-OC-225&nbsp;&nbsp;Tack vare sin moderna form passar figuren perfekt som dekoration i glamor\u00f6sa, industriella och klassiska interi\u00f6rer. Den \u00e4r ett elegant tillskott till ditt hemmasyogastudio.&nbsp;Yogafiguren passar som present till en yogi, en gymnast eller alla som gillar fysisk aktivitet.&nbsp;&nbsp;Information:&nbsp;M\u00e5tt: H\u00f6jd 41 cmMaterial: metallF\u00e4rg: svart och guld&nbsp;&nbsp;<\/p>\n","protected":false},"featured_media":44906,"comment_status":"open","ping_status":"closed","template":"","meta":[],"product_brand":[],"product_cat":[33],"product_tag":[],"class_list":{"0":"post-17552","1":"product","2":"type-product","3":"status-publish","4":"has-post-thumbnail","6":"product_cat-okategoriserad","8":"first","9":"instock","10":"shipping-taxable","11":"purchasable","12":"product-type-simple"},"_links":{"self":[{"href":"https:\/\/nordicmart.andreevmaster.com\/sv\/wp-json\/wp\/v2\/product\/17552","targetHints":{"allow":["GET"]}}],"collection":[{"href":"https:\/\/nordicmart.andreevmaster.com\/sv\/wp-json\/wp\/v2\/product"}],"about":[{"href":"https:\/\/nordicmart.andreevmaster.com\/sv\/wp-json\/wp\/v2\/types\/product"}],"replies":[{"embeddable":true,"href":"https:\/\/nordicmart.andreevmaster.com\/sv\/wp-json\/wp\/v2\/comments?post=17552"}],"wp:featuredmedia":[{"embeddable":true,"href":"https:\/\/nordicmart.andreevmaster.com\/sv\/wp-json\/wp\/v2\/media\/44906"}],"wp:attachment":[{"href":"https:\/\/nordicmart.andreevmaster.com\/sv\/wp-json\/wp\/v2\/media?parent=17552"}],"wp:term":[{"taxonomy":"product_brand","embeddable":true,"href":"https:\/\/nordicmart.andreevmaster.com\/sv\/wp-json\/wp\/v2\/product_brand?post=17552"},{"taxonomy":"product_cat","embeddable":true,"href":"https:\/\/nordicmart.andreevmaster.com\/sv\/wp-json\/wp\/v2\/product_cat?post=17552"},{"taxonomy":"product_tag","embeddable":true,"href":"https:\/\/nordicmart.andreevmaster.com\/sv\/wp-json\/wp\/v2\/product_tag?post=17552"}],"curies":[{"name":"wp","href":"https:\/\/api.w.org\/{rel}","templated":true}]}}