{"id":17551,"date":"2026-02-27T00:35:32","date_gmt":"2026-02-27T00:35:32","guid":{"rendered":"https:\/\/nordicmart.andreevmaster.com\/product\/gymnast-dekorativ-figur-dd-oc-2214\/"},"modified":"2026-02-27T08:25:05","modified_gmt":"2026-02-27T08:25:05","slug":"gymnast-dekorativ-figur-dd-oc-2214","status":"publish","type":"product","link":"https:\/\/nordicmart.andreevmaster.com\/sv\/produkt\/gymnast-dekorativ-figur-dd-oc-2214\/","title":{"rendered":"Gymnast dekorativ figur DD-OC-2214"},"content":{"rendered":"<p>Gymnast dekorativ figur DD-OC-2214&nbsp;&nbsp;Dekorativ figur som passar perfekt i moderna interi\u00f6rer i glamour\u00f6s, industriell och klassisk stil. Figuren f\u00f6rest\u00e4ller en sittande kvinnlig gymnast som h\u00e5ller en guldf\u00e4rgad boll. Figuren symboliserar ett \u00f6gonblick av vila och frid.&nbsp;&nbsp;Information:&nbsp;&nbsp;M\u00e5tt: H\u00f6jd 15 cm, l\u00e4ngd 21 cm, bredd 10 cmMaterial: metall \u2013 aluminiumF\u00e4rg: svart, guld&nbsp;<\/p>\n","protected":false},"excerpt":{"rendered":"<p>Gymnast dekorativ figur DD-OC-2214&nbsp;&nbsp;Dekorativ figur som passar perfekt i moderna interi\u00f6rer i glamour\u00f6s, industriell och klassisk stil. Figuren f\u00f6rest\u00e4ller en sittande kvinnlig gymnast som h\u00e5ller en guldf\u00e4rgad boll. Figuren symboliserar ett \u00f6gonblick av vila och frid.&nbsp;&nbsp;Information:&nbsp;&nbsp;M\u00e5tt: H\u00f6jd 15 cm, l\u00e4ngd 21 cm, bredd 10 cmMaterial: metall \u2013 aluminiumF\u00e4rg: svart, guld&nbsp;<\/p>\n","protected":false},"featured_media":44905,"comment_status":"open","ping_status":"closed","template":"","meta":[],"product_brand":[],"product_cat":[33],"product_tag":[],"class_list":{"0":"post-17551","1":"product","2":"type-product","3":"status-publish","4":"has-post-thumbnail","6":"product_cat-okategoriserad","8":"first","9":"instock","10":"shipping-taxable","11":"purchasable","12":"product-type-simple"},"_links":{"self":[{"href":"https:\/\/nordicmart.andreevmaster.com\/sv\/wp-json\/wp\/v2\/product\/17551","targetHints":{"allow":["GET"]}}],"collection":[{"href":"https:\/\/nordicmart.andreevmaster.com\/sv\/wp-json\/wp\/v2\/product"}],"about":[{"href":"https:\/\/nordicmart.andreevmaster.com\/sv\/wp-json\/wp\/v2\/types\/product"}],"replies":[{"embeddable":true,"href":"https:\/\/nordicmart.andreevmaster.com\/sv\/wp-json\/wp\/v2\/comments?post=17551"}],"wp:featuredmedia":[{"embeddable":true,"href":"https:\/\/nordicmart.andreevmaster.com\/sv\/wp-json\/wp\/v2\/media\/44905"}],"wp:attachment":[{"href":"https:\/\/nordicmart.andreevmaster.com\/sv\/wp-json\/wp\/v2\/media?parent=17551"}],"wp:term":[{"taxonomy":"product_brand","embeddable":true,"href":"https:\/\/nordicmart.andreevmaster.com\/sv\/wp-json\/wp\/v2\/product_brand?post=17551"},{"taxonomy":"product_cat","embeddable":true,"href":"https:\/\/nordicmart.andreevmaster.com\/sv\/wp-json\/wp\/v2\/product_cat?post=17551"},{"taxonomy":"product_tag","embeddable":true,"href":"https:\/\/nordicmart.andreevmaster.com\/sv\/wp-json\/wp\/v2\/product_tag?post=17551"}],"curies":[{"name":"wp","href":"https:\/\/api.w.org\/{rel}","templated":true}]}}