{"id":17550,"date":"2026-02-27T00:35:32","date_gmt":"2026-02-27T00:35:32","guid":{"rendered":"https:\/\/nordicmart.andreevmaster.com\/product\/familj-med-barn-dekorativ-figur\/"},"modified":"2026-02-27T08:25:05","modified_gmt":"2026-02-27T08:25:05","slug":"familj-med-barn-dekorativ-figur","status":"publish","type":"product","link":"https:\/\/nordicmart.andreevmaster.com\/sv\/produkt\/familj-med-barn-dekorativ-figur\/","title":{"rendered":"Familj med barn Dekorativ figur"},"content":{"rendered":"<p>Familj med barn Dekorativ figur DI-FIG-022&nbsp;&nbsp;En dekorativ figur som f\u00f6rest\u00e4ller f\u00f6r\u00e4ldrar som h\u00e5ller sina barn i handen kommer att vinna alla f\u00f6r\u00e4ldrars hj\u00e4rtan. Figuren symboliserar f\u00f6r\u00e4ldrarnas omsorg och k\u00e4rlek samt gl\u00e4djen i att tillbringa tid tillsammans. Den \u00e4r perfekt som present till f\u00f6r\u00e4ldrar, som present till mors dag och fars dag, och som present till ett barns f\u00f6delsedag.&nbsp;Figuren i minimalistisk stil passar perfekt in i moderna interi\u00f6rer. Den kommer att pryda en hylla, en \u00f6ppen spis eller en byr\u00e5 i vardagsrummet och ge rummet en familj\u00e4r atmosf\u00e4r.&nbsp;&nbsp;Information:&nbsp;&bull; M\u00e5tt: 27,5&#215;17,5x 7,5cm&bull; Material: metall&bull; F\u00e4rg: svart&nbsp;<\/p>\n","protected":false},"excerpt":{"rendered":"<p>Familj med barn Dekorativ figur DI-FIG-022&nbsp;&nbsp;En dekorativ figur som f\u00f6rest\u00e4ller f\u00f6r\u00e4ldrar som h\u00e5ller sina barn i handen kommer att vinna alla f\u00f6r\u00e4ldrars hj\u00e4rtan. Figuren symboliserar f\u00f6r\u00e4ldrarnas omsorg och k\u00e4rlek samt gl\u00e4djen i att tillbringa tid tillsammans. Den \u00e4r perfekt som present till f\u00f6r\u00e4ldrar, som present till mors dag och fars dag, och som present till [&hellip;]<\/p>\n","protected":false},"featured_media":44904,"comment_status":"open","ping_status":"closed","template":"","meta":[],"product_brand":[],"product_cat":[33],"product_tag":[],"class_list":{"0":"post-17550","1":"product","2":"type-product","3":"status-publish","4":"has-post-thumbnail","6":"product_cat-okategoriserad","8":"first","9":"instock","10":"shipping-taxable","11":"purchasable","12":"product-type-simple"},"_links":{"self":[{"href":"https:\/\/nordicmart.andreevmaster.com\/sv\/wp-json\/wp\/v2\/product\/17550","targetHints":{"allow":["GET"]}}],"collection":[{"href":"https:\/\/nordicmart.andreevmaster.com\/sv\/wp-json\/wp\/v2\/product"}],"about":[{"href":"https:\/\/nordicmart.andreevmaster.com\/sv\/wp-json\/wp\/v2\/types\/product"}],"replies":[{"embeddable":true,"href":"https:\/\/nordicmart.andreevmaster.com\/sv\/wp-json\/wp\/v2\/comments?post=17550"}],"wp:featuredmedia":[{"embeddable":true,"href":"https:\/\/nordicmart.andreevmaster.com\/sv\/wp-json\/wp\/v2\/media\/44904"}],"wp:attachment":[{"href":"https:\/\/nordicmart.andreevmaster.com\/sv\/wp-json\/wp\/v2\/media?parent=17550"}],"wp:term":[{"taxonomy":"product_brand","embeddable":true,"href":"https:\/\/nordicmart.andreevmaster.com\/sv\/wp-json\/wp\/v2\/product_brand?post=17550"},{"taxonomy":"product_cat","embeddable":true,"href":"https:\/\/nordicmart.andreevmaster.com\/sv\/wp-json\/wp\/v2\/product_cat?post=17550"},{"taxonomy":"product_tag","embeddable":true,"href":"https:\/\/nordicmart.andreevmaster.com\/sv\/wp-json\/wp\/v2\/product_tag?post=17550"}],"curies":[{"name":"wp","href":"https:\/\/api.w.org\/{rel}","templated":true}]}}