{"id":17549,"date":"2026-02-27T00:35:32","date_gmt":"2026-02-27T00:35:32","guid":{"rendered":"https:\/\/nordicmart.andreevmaster.com\/product\/sfarisk-astrolabium-med-kompass-4010\/"},"modified":"2026-02-27T08:25:04","modified_gmt":"2026-02-27T08:25:04","slug":"sfarisk-astrolabium-med-kompass-4010","status":"publish","type":"product","link":"https:\/\/nordicmart.andreevmaster.com\/sv\/produkt\/sfarisk-astrolabium-med-kompass-4010\/","title":{"rendered":"Sf\u00e4risk astrolabium med kompass 4010"},"content":{"rendered":"<p>Sf\u00e4risk astrolabium med kompass 4010&nbsp;&nbsp;&nbsp;Astrolabium \u00e4r ett av de viktigaste instrumenten f\u00f6r astronomisk navigering som har anv\u00e4nts fr\u00e5n antiken till 1500-talet. Astrolabier anv\u00e4ndes f\u00f6r m\u00e5nga komplexa observationer och ber\u00e4kningar, bland annat f\u00f6r att best\u00e4mma himlakropparnas position \u00f6ver horisonten och f\u00f6r att best\u00e4mma den egna positionen.&nbsp;Under sin storhetstid fick astrolabier extremt sofistikerade former som prydde kungliga hov och l\u00e4rda hus.&nbsp;Astrolabiet \u00e4r en symbol f\u00f6r m\u00e4nniskans str\u00e4van att f\u00f6rst\u00e5 universum, vilket g\u00f6r det till en perfekt present till en forskare, rymdintresserad eller astrofysiker.&nbsp;Astrolabiet \u00e4r placerat p\u00e5 en tr\u00e4bas, p\u00e5 vilken det ocks\u00e5 finns en kompass.&nbsp;&nbsp;Produktinformation:&nbsp;M\u00e5tt: H=28 cm, Dia=18 cmMaterial: m\u00e4ssing, tr\u00e4F\u00e4rg: m\u00e4ssingBas: tr\u00e4Kompass p\u00e5 basen&nbsp;<\/p>\n","protected":false},"excerpt":{"rendered":"<p>Sf\u00e4risk astrolabium med kompass 4010&nbsp;&nbsp;&nbsp;Astrolabium \u00e4r ett av de viktigaste instrumenten f\u00f6r astronomisk navigering som har anv\u00e4nts fr\u00e5n antiken till 1500-talet. Astrolabier anv\u00e4ndes f\u00f6r m\u00e5nga komplexa observationer och ber\u00e4kningar, bland annat f\u00f6r att best\u00e4mma himlakropparnas position \u00f6ver horisonten och f\u00f6r att best\u00e4mma den egna positionen.&nbsp;Under sin storhetstid fick astrolabier extremt sofistikerade former som prydde kungliga [&hellip;]<\/p>\n","protected":false},"featured_media":44903,"comment_status":"open","ping_status":"closed","template":"","meta":[],"product_brand":[],"product_cat":[33],"product_tag":[],"class_list":{"0":"post-17549","1":"product","2":"type-product","3":"status-publish","4":"has-post-thumbnail","6":"product_cat-okategoriserad","8":"first","9":"instock","10":"shipping-taxable","11":"purchasable","12":"product-type-simple"},"_links":{"self":[{"href":"https:\/\/nordicmart.andreevmaster.com\/sv\/wp-json\/wp\/v2\/product\/17549","targetHints":{"allow":["GET"]}}],"collection":[{"href":"https:\/\/nordicmart.andreevmaster.com\/sv\/wp-json\/wp\/v2\/product"}],"about":[{"href":"https:\/\/nordicmart.andreevmaster.com\/sv\/wp-json\/wp\/v2\/types\/product"}],"replies":[{"embeddable":true,"href":"https:\/\/nordicmart.andreevmaster.com\/sv\/wp-json\/wp\/v2\/comments?post=17549"}],"wp:featuredmedia":[{"embeddable":true,"href":"https:\/\/nordicmart.andreevmaster.com\/sv\/wp-json\/wp\/v2\/media\/44903"}],"wp:attachment":[{"href":"https:\/\/nordicmart.andreevmaster.com\/sv\/wp-json\/wp\/v2\/media?parent=17549"}],"wp:term":[{"taxonomy":"product_brand","embeddable":true,"href":"https:\/\/nordicmart.andreevmaster.com\/sv\/wp-json\/wp\/v2\/product_brand?post=17549"},{"taxonomy":"product_cat","embeddable":true,"href":"https:\/\/nordicmart.andreevmaster.com\/sv\/wp-json\/wp\/v2\/product_cat?post=17549"},{"taxonomy":"product_tag","embeddable":true,"href":"https:\/\/nordicmart.andreevmaster.com\/sv\/wp-json\/wp\/v2\/product_tag?post=17549"}],"curies":[{"name":"wp","href":"https:\/\/api.w.org\/{rel}","templated":true}]}}