{"id":17548,"date":"2026-02-27T00:35:31","date_gmt":"2026-02-27T00:35:31","guid":{"rendered":"https:\/\/nordicmart.andreevmaster.com\/product\/dekorativ-glob-glb-2098\/"},"modified":"2026-02-27T08:25:04","modified_gmt":"2026-02-27T08:25:04","slug":"dekorativ-glob-glb-2098","status":"publish","type":"product","link":"https:\/\/nordicmart.andreevmaster.com\/sv\/produkt\/dekorativ-glob-glb-2098\/","title":{"rendered":"Dekorativ glob GLB-2098"},"content":{"rendered":"<p>Dekorativ glob GLB-2098&nbsp;&nbsp;En dekorativ glob i retrovintage-stil berikar rummet med en atmosf\u00e4r av resor och stora uppt\u00e4ckter. Globen kan hj\u00e4lpa till med planeringen av n\u00e4sta \u00e4ventyr. Den \u00e4r perfekt som present till resen\u00e4rer, historieintresserade och geografer.&nbsp;Globen i bruna och beige nyanser, placerad p\u00e5 en tr\u00e4bas, passar bra p\u00e5 ett skrivbord i ett kontor i kolonial, engelsk eller retrostil.&nbsp;&nbsp;Produktinformation:&nbsp;M\u00e5tt: H\u00f6jd 15 cm, basdiameter 9 cm, globdiameter 7,5 cm Material: plast, tr\u00e4, metall F\u00e4rg: nyanser av brunt och beige Bas: tr\u00e4&nbsp;&nbsp;&nbsp;<\/p>\n","protected":false},"excerpt":{"rendered":"<p>Dekorativ glob GLB-2098&nbsp;&nbsp;En dekorativ glob i retrovintage-stil berikar rummet med en atmosf\u00e4r av resor och stora uppt\u00e4ckter. Globen kan hj\u00e4lpa till med planeringen av n\u00e4sta \u00e4ventyr. Den \u00e4r perfekt som present till resen\u00e4rer, historieintresserade och geografer.&nbsp;Globen i bruna och beige nyanser, placerad p\u00e5 en tr\u00e4bas, passar bra p\u00e5 ett skrivbord i ett kontor i kolonial, [&hellip;]<\/p>\n","protected":false},"featured_media":44902,"comment_status":"open","ping_status":"closed","template":"","meta":[],"product_brand":[],"product_cat":[33],"product_tag":[],"class_list":{"0":"post-17548","1":"product","2":"type-product","3":"status-publish","4":"has-post-thumbnail","6":"product_cat-okategoriserad","8":"first","9":"instock","10":"shipping-taxable","11":"purchasable","12":"product-type-simple"},"_links":{"self":[{"href":"https:\/\/nordicmart.andreevmaster.com\/sv\/wp-json\/wp\/v2\/product\/17548","targetHints":{"allow":["GET"]}}],"collection":[{"href":"https:\/\/nordicmart.andreevmaster.com\/sv\/wp-json\/wp\/v2\/product"}],"about":[{"href":"https:\/\/nordicmart.andreevmaster.com\/sv\/wp-json\/wp\/v2\/types\/product"}],"replies":[{"embeddable":true,"href":"https:\/\/nordicmart.andreevmaster.com\/sv\/wp-json\/wp\/v2\/comments?post=17548"}],"wp:featuredmedia":[{"embeddable":true,"href":"https:\/\/nordicmart.andreevmaster.com\/sv\/wp-json\/wp\/v2\/media\/44902"}],"wp:attachment":[{"href":"https:\/\/nordicmart.andreevmaster.com\/sv\/wp-json\/wp\/v2\/media?parent=17548"}],"wp:term":[{"taxonomy":"product_brand","embeddable":true,"href":"https:\/\/nordicmart.andreevmaster.com\/sv\/wp-json\/wp\/v2\/product_brand?post=17548"},{"taxonomy":"product_cat","embeddable":true,"href":"https:\/\/nordicmart.andreevmaster.com\/sv\/wp-json\/wp\/v2\/product_cat?post=17548"},{"taxonomy":"product_tag","embeddable":true,"href":"https:\/\/nordicmart.andreevmaster.com\/sv\/wp-json\/wp\/v2\/product_tag?post=17548"}],"curies":[{"name":"wp","href":"https:\/\/api.w.org\/{rel}","templated":true}]}}