{"id":17547,"date":"2026-02-27T00:35:31","date_gmt":"2026-02-27T00:35:31","guid":{"rendered":"https:\/\/nordicmart.andreevmaster.com\/product\/yachtnyckelring-1078\/"},"modified":"2026-02-27T08:25:04","modified_gmt":"2026-02-27T08:25:04","slug":"yachtnyckelring-1078","status":"publish","type":"product","link":"https:\/\/nordicmart.andreevmaster.com\/sv\/produkt\/yachtnyckelring-1078\/","title":{"rendered":"Yachtnyckelring 1078"},"content":{"rendered":"<p>Yachtnyckelring 1078&nbsp;&nbsp;Yachtnyckelringen \u00e4r en perfekt och prisv\u00e4rd present till din seglarv\u00e4n. Skeppet symboliserar livets resa, \u00e4ventyr och v\u00e4rlden, s\u00e5 den passar utm\u00e4rkt som en prisv\u00e4rd present till en resen\u00e4r och vandrare.&nbsp;Nyckelringen \u00e4r tillverkad av m\u00e4ssing. F\u00e4sts p\u00e5 nycklar med en avtagbar karbinhake.&nbsp;&nbsp;Information:&nbsp;&bull; M\u00e5tt: 10,5 cm&bull; Material: m\u00e4ssing&bull; F\u00e4rg: m\u00e4ssing&nbsp;Yachtnyckelringen \u00e4r perfekt som:&nbsp;&bull; Prisv\u00e4rd pryl f\u00f6r en seglare&bull; En pryl f\u00f6r resen\u00e4ren&bull; En present till en vandrare &bull; Gadget f\u00f6r en sj\u00f6bj\u00f6rn&nbsp;<\/p>\n","protected":false},"excerpt":{"rendered":"<p>Yachtnyckelring 1078&nbsp;&nbsp;Yachtnyckelringen \u00e4r en perfekt och prisv\u00e4rd present till din seglarv\u00e4n. Skeppet symboliserar livets resa, \u00e4ventyr och v\u00e4rlden, s\u00e5 den passar utm\u00e4rkt som en prisv\u00e4rd present till en resen\u00e4r och vandrare.&nbsp;Nyckelringen \u00e4r tillverkad av m\u00e4ssing. F\u00e4sts p\u00e5 nycklar med en avtagbar karbinhake.&nbsp;&nbsp;Information:&nbsp;&bull; M\u00e5tt: 10,5 cm&bull; Material: m\u00e4ssing&bull; F\u00e4rg: m\u00e4ssing&nbsp;Yachtnyckelringen \u00e4r perfekt som:&nbsp;&bull; Prisv\u00e4rd pryl f\u00f6r [&hellip;]<\/p>\n","protected":false},"featured_media":44901,"comment_status":"open","ping_status":"closed","template":"","meta":[],"product_brand":[],"product_cat":[33],"product_tag":[],"class_list":{"0":"post-17547","1":"product","2":"type-product","3":"status-publish","4":"has-post-thumbnail","6":"product_cat-okategoriserad","8":"first","9":"instock","10":"shipping-taxable","11":"purchasable","12":"product-type-simple"},"_links":{"self":[{"href":"https:\/\/nordicmart.andreevmaster.com\/sv\/wp-json\/wp\/v2\/product\/17547","targetHints":{"allow":["GET"]}}],"collection":[{"href":"https:\/\/nordicmart.andreevmaster.com\/sv\/wp-json\/wp\/v2\/product"}],"about":[{"href":"https:\/\/nordicmart.andreevmaster.com\/sv\/wp-json\/wp\/v2\/types\/product"}],"replies":[{"embeddable":true,"href":"https:\/\/nordicmart.andreevmaster.com\/sv\/wp-json\/wp\/v2\/comments?post=17547"}],"wp:featuredmedia":[{"embeddable":true,"href":"https:\/\/nordicmart.andreevmaster.com\/sv\/wp-json\/wp\/v2\/media\/44901"}],"wp:attachment":[{"href":"https:\/\/nordicmart.andreevmaster.com\/sv\/wp-json\/wp\/v2\/media?parent=17547"}],"wp:term":[{"taxonomy":"product_brand","embeddable":true,"href":"https:\/\/nordicmart.andreevmaster.com\/sv\/wp-json\/wp\/v2\/product_brand?post=17547"},{"taxonomy":"product_cat","embeddable":true,"href":"https:\/\/nordicmart.andreevmaster.com\/sv\/wp-json\/wp\/v2\/product_cat?post=17547"},{"taxonomy":"product_tag","embeddable":true,"href":"https:\/\/nordicmart.andreevmaster.com\/sv\/wp-json\/wp\/v2\/product_tag?post=17547"}],"curies":[{"name":"wp","href":"https:\/\/api.w.org\/{rel}","templated":true}]}}