{"id":17546,"date":"2026-02-27T00:35:31","date_gmt":"2026-02-27T00:35:31","guid":{"rendered":"https:\/\/nordicmart.andreevmaster.com\/product\/massingskompass-med-solur-i-tralada-1058\/"},"modified":"2026-02-27T08:25:04","modified_gmt":"2026-02-27T08:25:04","slug":"massingskompass-med-solur-i-tralada-1058","status":"publish","type":"product","link":"https:\/\/nordicmart.andreevmaster.com\/sv\/produkt\/massingskompass-med-solur-i-tralada-1058\/","title":{"rendered":"M\u00e4ssingskompass med solur i tr\u00e4l\u00e5da 1058"},"content":{"rendered":"<p>M\u00e4ssingskompass med solur i tr\u00e4l\u00e5da 1058&nbsp;&nbsp;&nbsp;M\u00e4ssingskompass med solur \u00e4r ett navigationsinstrument tillverkat med omsorg om detaljer och med en retrofinish. Den \u00e4r anv\u00e4ndbar under utflykter, vandringar eller promenader i skogen. Den hj\u00e4lper dig att orientera dig i omr\u00e5det, l\u00e4sa kartan och st\u00e4lla in lokal tid. Kompass med solur \u00e4r en anv\u00e4ndbar present till resen\u00e4rer, vandringsentusiaster och alla som gillar att vandra ibland.&nbsp;Kompasshuset \u00e4r tillverkat av m\u00e4ssing. Arabiska siffror p\u00e5 urtavlan anger klockan. N\u00e4r du \u00f6ppnar enheten f\u00e4lls automatiskt ut en gnomon i form av ett rep. Soluret ska placeras s\u00e5 att det har tillg\u00e5ng till solen. Gnomonen kastar en skugga p\u00e5 den lokala tiden. Under urtavlan finns en kompass. En ring som \u00e4r f\u00e4st vid h\u00f6ljet g\u00f6r det m\u00f6jligt att f\u00e4sta en kedja eller rem till kompassen. Kompassen levereras i en tr\u00e4l\u00e5da. Information: M\u00e5tt: &Oslash; 4,5 cmMaterial: m\u00e4ssing, glasF\u00e4rg: m\u00e4ssingInskriptioner: svartMagnetisk n\u00e5lL\u00e5sbar kompassInskription p\u00e5 ovansidan: The Mary Rose, London 1511-1545&nbsp;Ask:&nbsp;M\u00e5tt: 7,5&#215;7,5&#215;3,5cmF\u00e4rg: naturlig mangoMaterial: mangotr\u00e4&nbsp;<\/p>\n","protected":false},"excerpt":{"rendered":"<p>M\u00e4ssingskompass med solur i tr\u00e4l\u00e5da 1058&nbsp;&nbsp;&nbsp;M\u00e4ssingskompass med solur \u00e4r ett navigationsinstrument tillverkat med omsorg om detaljer och med en retrofinish. Den \u00e4r anv\u00e4ndbar under utflykter, vandringar eller promenader i skogen. Den hj\u00e4lper dig att orientera dig i omr\u00e5det, l\u00e4sa kartan och st\u00e4lla in lokal tid. Kompass med solur \u00e4r en anv\u00e4ndbar present till resen\u00e4rer, vandringsentusiaster [&hellip;]<\/p>\n","protected":false},"featured_media":44900,"comment_status":"open","ping_status":"closed","template":"","meta":[],"product_brand":[],"product_cat":[33],"product_tag":[],"class_list":{"0":"post-17546","1":"product","2":"type-product","3":"status-publish","4":"has-post-thumbnail","6":"product_cat-okategoriserad","8":"first","9":"instock","10":"shipping-taxable","11":"purchasable","12":"product-type-simple"},"_links":{"self":[{"href":"https:\/\/nordicmart.andreevmaster.com\/sv\/wp-json\/wp\/v2\/product\/17546","targetHints":{"allow":["GET"]}}],"collection":[{"href":"https:\/\/nordicmart.andreevmaster.com\/sv\/wp-json\/wp\/v2\/product"}],"about":[{"href":"https:\/\/nordicmart.andreevmaster.com\/sv\/wp-json\/wp\/v2\/types\/product"}],"replies":[{"embeddable":true,"href":"https:\/\/nordicmart.andreevmaster.com\/sv\/wp-json\/wp\/v2\/comments?post=17546"}],"wp:featuredmedia":[{"embeddable":true,"href":"https:\/\/nordicmart.andreevmaster.com\/sv\/wp-json\/wp\/v2\/media\/44900"}],"wp:attachment":[{"href":"https:\/\/nordicmart.andreevmaster.com\/sv\/wp-json\/wp\/v2\/media?parent=17546"}],"wp:term":[{"taxonomy":"product_brand","embeddable":true,"href":"https:\/\/nordicmart.andreevmaster.com\/sv\/wp-json\/wp\/v2\/product_brand?post=17546"},{"taxonomy":"product_cat","embeddable":true,"href":"https:\/\/nordicmart.andreevmaster.com\/sv\/wp-json\/wp\/v2\/product_cat?post=17546"},{"taxonomy":"product_tag","embeddable":true,"href":"https:\/\/nordicmart.andreevmaster.com\/sv\/wp-json\/wp\/v2\/product_tag?post=17546"}],"curies":[{"name":"wp","href":"https:\/\/api.w.org\/{rel}","templated":true}]}}