{"id":17545,"date":"2026-02-27T00:35:31","date_gmt":"2026-02-27T00:35:31","guid":{"rendered":"https:\/\/nordicmart.andreevmaster.com\/product\/domino-set-br157-2\/"},"modified":"2026-02-27T08:25:03","modified_gmt":"2026-02-27T08:25:03","slug":"domino-set-br157-2","status":"publish","type":"product","link":"https:\/\/nordicmart.andreevmaster.com\/sv\/produkt\/domino-set-br157-2\/","title":{"rendered":"Domino Set BR157"},"content":{"rendered":"<p>Domino Set BR157&nbsp;Dominospelet \u00e4r ett traditionellt spel som g\u00f6r familjekv\u00e4llarna trevligare. Domino \u00e4r ett spel med enkla regler, vilket g\u00f6r att \u00e4ven de yngsta familjemedlemmarna kan ha kul med det.&nbsp;Att spela domino har en positiv inverkan p\u00e5 utvecklingen av f\u00e4rdigheter som minne, logiskt t\u00e4nkande, uppm\u00e4rksamhet och koncentration. Det kan ocks\u00e5 vara ett roligt s\u00e4tt f\u00f6r barn att l\u00e4ra sig r\u00e4kna.&nbsp;Du kan bygga olika konstruktioner av dominobrickor, och genom att placera dem vertikalt och knuffa p\u00e5 en av brickorna kan du s\u00e4tta ig\u00e5ng dominoeffekten, vilket \u00e4r s\u00e4rskilt roligt f\u00f6r de yngsta.&nbsp;&nbsp;Information:&nbsp;&nbsp;Domino:&nbsp;Material: tr\u00e4 \u2013 mangoM\u00e4ssingsdekorationer28 dominobrickor&nbsp;L\u00e5da:&nbsp;L\u00e5dans m\u00e5tt: 15 x 8 x 4,5 cmTr\u00e4l\u00e5daSymbolisk dominobricka p\u00e5 locket&nbsp;Spel:&nbsp;Spel f\u00f6r 2-4 personerStandardspelet tar cirka 10 minuter&nbsp;&nbsp;Observera! Denna produkt \u00e4r inte en leksak och \u00e4r inte l\u00e4mplig f\u00f6r barn under 14 \u00e5r. &nbsp;<\/p>\n","protected":false},"excerpt":{"rendered":"<p>Domino Set BR157&nbsp;Dominospelet \u00e4r ett traditionellt spel som g\u00f6r familjekv\u00e4llarna trevligare. Domino \u00e4r ett spel med enkla regler, vilket g\u00f6r att \u00e4ven de yngsta familjemedlemmarna kan ha kul med det.&nbsp;Att spela domino har en positiv inverkan p\u00e5 utvecklingen av f\u00e4rdigheter som minne, logiskt t\u00e4nkande, uppm\u00e4rksamhet och koncentration. Det kan ocks\u00e5 vara ett roligt s\u00e4tt f\u00f6r [&hellip;]<\/p>\n","protected":false},"featured_media":44899,"comment_status":"open","ping_status":"closed","template":"","meta":[],"product_brand":[],"product_cat":[33],"product_tag":[],"class_list":{"0":"post-17545","1":"product","2":"type-product","3":"status-publish","4":"has-post-thumbnail","6":"product_cat-okategoriserad","8":"first","9":"instock","10":"shipping-taxable","11":"purchasable","12":"product-type-simple"},"_links":{"self":[{"href":"https:\/\/nordicmart.andreevmaster.com\/sv\/wp-json\/wp\/v2\/product\/17545","targetHints":{"allow":["GET"]}}],"collection":[{"href":"https:\/\/nordicmart.andreevmaster.com\/sv\/wp-json\/wp\/v2\/product"}],"about":[{"href":"https:\/\/nordicmart.andreevmaster.com\/sv\/wp-json\/wp\/v2\/types\/product"}],"replies":[{"embeddable":true,"href":"https:\/\/nordicmart.andreevmaster.com\/sv\/wp-json\/wp\/v2\/comments?post=17545"}],"wp:featuredmedia":[{"embeddable":true,"href":"https:\/\/nordicmart.andreevmaster.com\/sv\/wp-json\/wp\/v2\/media\/44899"}],"wp:attachment":[{"href":"https:\/\/nordicmart.andreevmaster.com\/sv\/wp-json\/wp\/v2\/media?parent=17545"}],"wp:term":[{"taxonomy":"product_brand","embeddable":true,"href":"https:\/\/nordicmart.andreevmaster.com\/sv\/wp-json\/wp\/v2\/product_brand?post=17545"},{"taxonomy":"product_cat","embeddable":true,"href":"https:\/\/nordicmart.andreevmaster.com\/sv\/wp-json\/wp\/v2\/product_cat?post=17545"},{"taxonomy":"product_tag","embeddable":true,"href":"https:\/\/nordicmart.andreevmaster.com\/sv\/wp-json\/wp\/v2\/product_tag?post=17545"}],"curies":[{"name":"wp","href":"https:\/\/api.w.org\/{rel}","templated":true}]}}