{"id":17544,"date":"2026-02-27T00:35:31","date_gmt":"2026-02-27T00:35:31","guid":{"rendered":"https:\/\/nordicmart.andreevmaster.com\/product\/forstoringsglas-nc2203\/"},"modified":"2026-02-27T08:25:03","modified_gmt":"2026-02-27T08:25:03","slug":"forstoringsglas-nc2203","status":"publish","type":"product","link":"https:\/\/nordicmart.andreevmaster.com\/sv\/produkt\/forstoringsglas-nc2203\/","title":{"rendered":"F\u00f6rstoringsglas NC2203"},"content":{"rendered":"<p>F\u00f6rstoringsglas NC2203&nbsp;&nbsp;En f\u00f6rstoringsglas med ett elegant handtag hj\u00e4lper dig att l\u00f6sa pussel med finstilt text, studera frim\u00e4rken och mynt och uppt\u00e4cka sv\u00e5rsynliga detaljer. F\u00f6rstoringsglaset garanterar l\u00e4sbekv\u00e4mlighet och eliminerar begr\u00e4nsningar p\u00e5 grund av synfel.&nbsp;F\u00f6rstoringsglaset \u00e4r en elegant present till filatelister, numismatiker och alla som letar efter dolda detaljer. Det \u00e4r ocks\u00e5 en anv\u00e4ndbar present till mormor och morfar.&nbsp;F\u00f6rstoringsglasets lins \u00e4r placerad i en m\u00e4ssingsram p\u00e5 ett benhandtag.&nbsp;&nbsp;Information om f\u00f6rstoringsglas NC2203:&nbsp;Material: glas, m\u00e4ssingF\u00e4rg: guld, bruntBenhandtagM\u00e5tt: 30 cm x &Oslash; 10 cm, f\u00f6rstoring x3,5Obs! Buffelhorn \u00e4r naturligt \u2013 hornets f\u00e4rg, form och m\u00e5tt kan variera n\u00e5got fr\u00e5n de som visas ovan.&nbsp;&nbsp;<\/p>\n","protected":false},"excerpt":{"rendered":"<p>F\u00f6rstoringsglas NC2203&nbsp;&nbsp;En f\u00f6rstoringsglas med ett elegant handtag hj\u00e4lper dig att l\u00f6sa pussel med finstilt text, studera frim\u00e4rken och mynt och uppt\u00e4cka sv\u00e5rsynliga detaljer. F\u00f6rstoringsglaset garanterar l\u00e4sbekv\u00e4mlighet och eliminerar begr\u00e4nsningar p\u00e5 grund av synfel.&nbsp;F\u00f6rstoringsglaset \u00e4r en elegant present till filatelister, numismatiker och alla som letar efter dolda detaljer. Det \u00e4r ocks\u00e5 en anv\u00e4ndbar present till mormor [&hellip;]<\/p>\n","protected":false},"featured_media":44898,"comment_status":"open","ping_status":"closed","template":"","meta":[],"product_brand":[],"product_cat":[33],"product_tag":[],"class_list":{"0":"post-17544","1":"product","2":"type-product","3":"status-publish","4":"has-post-thumbnail","6":"product_cat-okategoriserad","8":"first","9":"instock","10":"shipping-taxable","11":"purchasable","12":"product-type-simple"},"_links":{"self":[{"href":"https:\/\/nordicmart.andreevmaster.com\/sv\/wp-json\/wp\/v2\/product\/17544","targetHints":{"allow":["GET"]}}],"collection":[{"href":"https:\/\/nordicmart.andreevmaster.com\/sv\/wp-json\/wp\/v2\/product"}],"about":[{"href":"https:\/\/nordicmart.andreevmaster.com\/sv\/wp-json\/wp\/v2\/types\/product"}],"replies":[{"embeddable":true,"href":"https:\/\/nordicmart.andreevmaster.com\/sv\/wp-json\/wp\/v2\/comments?post=17544"}],"wp:featuredmedia":[{"embeddable":true,"href":"https:\/\/nordicmart.andreevmaster.com\/sv\/wp-json\/wp\/v2\/media\/44898"}],"wp:attachment":[{"href":"https:\/\/nordicmart.andreevmaster.com\/sv\/wp-json\/wp\/v2\/media?parent=17544"}],"wp:term":[{"taxonomy":"product_brand","embeddable":true,"href":"https:\/\/nordicmart.andreevmaster.com\/sv\/wp-json\/wp\/v2\/product_brand?post=17544"},{"taxonomy":"product_cat","embeddable":true,"href":"https:\/\/nordicmart.andreevmaster.com\/sv\/wp-json\/wp\/v2\/product_cat?post=17544"},{"taxonomy":"product_tag","embeddable":true,"href":"https:\/\/nordicmart.andreevmaster.com\/sv\/wp-json\/wp\/v2\/product_tag?post=17544"}],"curies":[{"name":"wp","href":"https:\/\/api.w.org\/{rel}","templated":true}]}}