{"id":17543,"date":"2026-02-27T00:35:30","date_gmt":"2026-02-27T00:35:30","guid":{"rendered":"https:\/\/nordicmart.andreevmaster.com\/product\/stort-exklusivt-guldplaterat-schack-i-metall-53x53-cm-n137\/"},"modified":"2026-02-27T08:25:03","modified_gmt":"2026-02-27T08:25:03","slug":"stort-exklusivt-guldplaterat-schack-i-metall-53x53-cm-n137","status":"publish","type":"product","link":"https:\/\/nordicmart.andreevmaster.com\/sv\/produkt\/stort-exklusivt-guldplaterat-schack-i-metall-53x53-cm-n137\/","title":{"rendered":"Stort exklusivt guldpl\u00e4terat schack i metall 53&#215;53 cm \u2013 N137"},"content":{"rendered":"<p>Stort exklusivt guldpl\u00e4terat metallschack 53&#215;53 cm \u2013 N137&nbsp;&nbsp;Vi presenterar ett exklusivt schackspel tillverkat av det italienska f\u00f6retaget Italfama. Den h\u00f6ga kvaliteten p\u00e5 de material som anv\u00e4nds i tillverkningen g\u00f6r dem h\u00e5llbara och l\u00e5nglivade, och deras utf\u00f6rande garanterar att de kommer att h\u00e5lla i m\u00e5nga \u00e5r. Tillverkade med omsorg om varje detalj. Ett mycket stort schackbr\u00e4de p\u00e5 53 x 53 cm tillverkat av vildrosentr\u00e4 i en vacker m\u00f6rkbrun f\u00e4rg och schackpj\u00e4ser tillverkade av guldpl\u00e4terad metall \u00e4r en kombination som kommer att gl\u00e4dja alla schack\u00e4lskare.&nbsp;Detta exklusiva schackspel \u00e4r mer \u00e4n bara ett schackspel. Det \u00e4r ocks\u00e5 en vacker dekoration som kommer att se bra ut i vilket rum som helst. Schackpj\u00e4serna har en tidl\u00f6s design som ger dem en klassisk elegans och stil, vilket g\u00f6r dem till den perfekta presenten till chefen eller aff\u00e4rspartners. Detta schackspel \u00e4r designat f\u00f6r personer med raffinerad smak och \u00e4r det perfekta valet f\u00f6r dem som uppskattar lyx och h\u00f6g kvalitet. Att spela schack \u00e4r inte bara ett intressant och engagerande s\u00e4tt att spendera fritiden p\u00e5, utan har ocks\u00e5 m\u00e5nga f\u00f6rdelar f\u00f6r din hj\u00e4rna och h\u00e4lsa. Schack hj\u00e4lper till att utveckla f\u00e4rdigheter som kreativitet, logiskt t\u00e4nkande, strategi, koncentration och minne. Dessutom f\u00f6rb\u00e4ttrar regelbundet schackspelande de kognitiva f\u00f6rm\u00e5gorna, vilket kan vara s\u00e4rskilt f\u00f6rdelaktigt f\u00f6r \u00e4ldre m\u00e4nniskor. Schackbr\u00e4de: Schackbr\u00e4dets m\u00e5tt: 53 x 53 x 9,5 cm Schackbr\u00e4de tillverkat av vildrosentr\u00e4 Schackbr\u00e4dets f\u00e4rg \u2013 nyanser av brunt och vitt Handinlagt L\u00e5da f\u00f6r f\u00f6rvaring av pj\u00e4serSchackpj\u00e4ser:&nbsp;Pj\u00e4ser av zink \u2013 guldpl\u00e4terade med 24 karats guld och silverpl\u00e4terade med 925 silver. H\u00f6gsta kvalitet med handfinish. Kungens h\u00f6jd: 7,5 cm. Pj\u00e4sernas f\u00e4rg \u2013 guld\/silver.&nbsp;<\/p>\n","protected":false},"excerpt":{"rendered":"<p>Stort exklusivt guldpl\u00e4terat metallschack 53&#215;53 cm \u2013 N137&nbsp;&nbsp;Vi presenterar ett exklusivt schackspel tillverkat av det italienska f\u00f6retaget Italfama. Den h\u00f6ga kvaliteten p\u00e5 de material som anv\u00e4nds i tillverkningen g\u00f6r dem h\u00e5llbara och l\u00e5nglivade, och deras utf\u00f6rande garanterar att de kommer att h\u00e5lla i m\u00e5nga \u00e5r. Tillverkade med omsorg om varje detalj. Ett mycket stort schackbr\u00e4de [&hellip;]<\/p>\n","protected":false},"featured_media":44897,"comment_status":"open","ping_status":"closed","template":"","meta":[],"product_brand":[],"product_cat":[33],"product_tag":[],"class_list":{"0":"post-17543","1":"product","2":"type-product","3":"status-publish","4":"has-post-thumbnail","6":"product_cat-okategoriserad","8":"first","9":"instock","10":"shipping-taxable","11":"purchasable","12":"product-type-simple"},"_links":{"self":[{"href":"https:\/\/nordicmart.andreevmaster.com\/sv\/wp-json\/wp\/v2\/product\/17543","targetHints":{"allow":["GET"]}}],"collection":[{"href":"https:\/\/nordicmart.andreevmaster.com\/sv\/wp-json\/wp\/v2\/product"}],"about":[{"href":"https:\/\/nordicmart.andreevmaster.com\/sv\/wp-json\/wp\/v2\/types\/product"}],"replies":[{"embeddable":true,"href":"https:\/\/nordicmart.andreevmaster.com\/sv\/wp-json\/wp\/v2\/comments?post=17543"}],"wp:featuredmedia":[{"embeddable":true,"href":"https:\/\/nordicmart.andreevmaster.com\/sv\/wp-json\/wp\/v2\/media\/44897"}],"wp:attachment":[{"href":"https:\/\/nordicmart.andreevmaster.com\/sv\/wp-json\/wp\/v2\/media?parent=17543"}],"wp:term":[{"taxonomy":"product_brand","embeddable":true,"href":"https:\/\/nordicmart.andreevmaster.com\/sv\/wp-json\/wp\/v2\/product_brand?post=17543"},{"taxonomy":"product_cat","embeddable":true,"href":"https:\/\/nordicmart.andreevmaster.com\/sv\/wp-json\/wp\/v2\/product_cat?post=17543"},{"taxonomy":"product_tag","embeddable":true,"href":"https:\/\/nordicmart.andreevmaster.com\/sv\/wp-json\/wp\/v2\/product_tag?post=17543"}],"curies":[{"name":"wp","href":"https:\/\/api.w.org\/{rel}","templated":true}]}}