{"id":17542,"date":"2026-02-27T00:35:30","date_gmt":"2026-02-27T00:35:30","guid":{"rendered":"https:\/\/nordicmart.andreevmaster.com\/product\/marin-vaderstation-fischer-1508bth-45-6\/"},"modified":"2026-02-27T08:25:03","modified_gmt":"2026-02-27T08:25:03","slug":"marin-vaderstation-fischer-1508bth-45-6","status":"publish","type":"product","link":"https:\/\/nordicmart.andreevmaster.com\/sv\/produkt\/marin-vaderstation-fischer-1508bth-45-6\/","title":{"rendered":"Marin v\u00e4derstation Fischer 1508BTH-45.6"},"content":{"rendered":"<p>Marin v\u00e4derstation Fischer 1508BTH-45.6&nbsp;&nbsp;Vi presenterar en elegant och mycket noggrann v\u00e4derstation tillverkad av det tyska f\u00f6retaget Fischer. Satsen inneh\u00e5ller en barometer, en hygrometer och en termometer. Tack vare Fisher-v\u00e4derstationen kan du ha kontroll \u00f6ver mikroklimatet i ditt hem. Barometern g\u00f6r det m\u00f6jligt att observera tryckfall och tryckstegringar. Hygrometern visar luftfuktigheten i ditt hem och du kan avl\u00e4sa temperaturen p\u00e5 termometern. Produkten \u00e4r tillverkad i nautisk stil. Det vackra guldf\u00e4rgade h\u00f6ljet ser fantastiskt ut. Kombinationen av det guldf\u00e4rgade h\u00f6ljet och den svarta urtavlan med guldf\u00e4rgade accenter ser extremt elegant ut och kommer att ge ditt rum stil. Denna produkt \u00e4r b\u00e5de vacker och mycket anv\u00e4ndbar. Det \u00e4r en h\u00f6gkvalitativ produkt tillverkad av det renommade f\u00f6retaget Fischer. F\u00f6retaget Fischer grundades 1945 i Drebach, Tyskland, och har sedan dess tillverkat barometrar, hygrometrar och termometrar d\u00e4r. Det har \u00f6ver 70 \u00e5rs erfarenhet inom denna bransch. Idag \u00e4r Fischer en v\u00e4lk\u00e4nd och respekterad leverant\u00f6r av h\u00f6gkvalitativa produkter. Alla produkter \u00e4r handgjorda exklusivt i Erzgebirge i Tyskland. M\u00e5tt: Diameter 12,5 cm. \u00d6vriga produktegenskaper: Namn p\u00e5 sk\u00f6ldarna p\u00e5 engelska. Noggrannhet f\u00f6r barometerm\u00e4tning: \u00b1 3 hPa, noggrannhet f\u00f6r hygrometerm\u00e4tning: \u00b1 3 % r.h. (20 &#8230; 100 %), +1 graderingsskala Noggrannhet f\u00f6r termometerns m\u00e4tning: \u00b1 1 K. Observera! Skalningen av barometern, termometern och hygrometern utf\u00f6rdes p\u00e5 fabriken. P\u00e5 grund av t.ex. kraftiga st\u00f6tar kan det dock bli n\u00f6dv\u00e4ndigt med en ny justering. F\u00f6r att g\u00f6ra detta, anv\u00e4nd en skruvmejsel och justera skruven p\u00e5 baksidan av enheten enligt anvisningarna i den medf\u00f6ljande manualen. N\u00e4r det g\u00e4ller termometern kan den repareras genom att rycka kraftigt i kvicksilverpelaren flera g\u00e5nger om den har g\u00e5tt s\u00f6nder.&nbsp;&nbsp;<\/p>\n","protected":false},"excerpt":{"rendered":"<p>Marin v\u00e4derstation Fischer 1508BTH-45.6&nbsp;&nbsp;Vi presenterar en elegant och mycket noggrann v\u00e4derstation tillverkad av det tyska f\u00f6retaget Fischer. Satsen inneh\u00e5ller en barometer, en hygrometer och en termometer. Tack vare Fisher-v\u00e4derstationen kan du ha kontroll \u00f6ver mikroklimatet i ditt hem. Barometern g\u00f6r det m\u00f6jligt att observera tryckfall och tryckstegringar. Hygrometern visar luftfuktigheten i ditt hem och du [&hellip;]<\/p>\n","protected":false},"featured_media":44896,"comment_status":"open","ping_status":"closed","template":"","meta":[],"product_brand":[],"product_cat":[33],"product_tag":[],"class_list":{"0":"post-17542","1":"product","2":"type-product","3":"status-publish","4":"has-post-thumbnail","6":"product_cat-okategoriserad","8":"first","9":"instock","10":"shipping-taxable","11":"purchasable","12":"product-type-simple"},"_links":{"self":[{"href":"https:\/\/nordicmart.andreevmaster.com\/sv\/wp-json\/wp\/v2\/product\/17542","targetHints":{"allow":["GET"]}}],"collection":[{"href":"https:\/\/nordicmart.andreevmaster.com\/sv\/wp-json\/wp\/v2\/product"}],"about":[{"href":"https:\/\/nordicmart.andreevmaster.com\/sv\/wp-json\/wp\/v2\/types\/product"}],"replies":[{"embeddable":true,"href":"https:\/\/nordicmart.andreevmaster.com\/sv\/wp-json\/wp\/v2\/comments?post=17542"}],"wp:featuredmedia":[{"embeddable":true,"href":"https:\/\/nordicmart.andreevmaster.com\/sv\/wp-json\/wp\/v2\/media\/44896"}],"wp:attachment":[{"href":"https:\/\/nordicmart.andreevmaster.com\/sv\/wp-json\/wp\/v2\/media?parent=17542"}],"wp:term":[{"taxonomy":"product_brand","embeddable":true,"href":"https:\/\/nordicmart.andreevmaster.com\/sv\/wp-json\/wp\/v2\/product_brand?post=17542"},{"taxonomy":"product_cat","embeddable":true,"href":"https:\/\/nordicmart.andreevmaster.com\/sv\/wp-json\/wp\/v2\/product_cat?post=17542"},{"taxonomy":"product_tag","embeddable":true,"href":"https:\/\/nordicmart.andreevmaster.com\/sv\/wp-json\/wp\/v2\/product_tag?post=17542"}],"curies":[{"name":"wp","href":"https:\/\/api.w.org\/{rel}","templated":true}]}}