{"id":17541,"date":"2026-02-27T00:35:30","date_gmt":"2026-02-27T00:35:30","guid":{"rendered":"https:\/\/nordicmart.andreevmaster.com\/product\/exklusivt-schack-28-x-28-cm-s3bblu\/"},"modified":"2026-02-27T08:25:02","modified_gmt":"2026-02-27T08:25:02","slug":"exklusivt-schack-28-x-28-cm-s3bblu","status":"publish","type":"product","link":"https:\/\/nordicmart.andreevmaster.com\/sv\/produkt\/exklusivt-schack-28-x-28-cm-s3bblu\/","title":{"rendered":"Exklusivt schack 28 x 28 cm &#8211; S3BBLU"},"content":{"rendered":"<p>Exklusivt schack &#8211; Schackbr\u00e4de 28 x 28 cm &nbsp;&nbsp;Letar du efter n\u00e5got mer \u00e4n vanliga schackpj\u00e4ser? Vill du ha ett set som inte bara \u00e4r funktionellt, utan ocks\u00e5 kan fungera som inredningsdetalj? Vi har det perfekta f\u00f6rslaget f\u00f6r dig \u2013 vackert, exklusivt schack som kommer att gl\u00e4dja alla schack\u00e4lskare.&nbsp;F\u00e4rgskalan i setet har komponerats f\u00f6r att ge utm\u00e4rkt kontrast och estetik. De antikm\u00e4ssingsf\u00e4rgade pj\u00e4serna matchar perfekt schackbr\u00e4dets m\u00f6rkbl\u00e5 och guldf\u00e4rgade rutor. Dessutom har en av arm\u00e9erna bl\u00e5 nyanser, vilket ger hela setet ett \u00e4nnu mer elegant utseende.&nbsp;Detta schackset g\u00e5r tillbaka till tiden f\u00f6r de grekisk-romerska krigen under 200-talet f.Kr. De v\u00e4xande romarna besegrade grekerna, men som Horatius brukade s\u00e4ga: Det er\u00f6vrade Grekland er\u00f6vrade de vilda segrarna. Vi talar naturligtvis om den grekiska kulturens och vetenskapens \u00f6verl\u00e4gsenhet, som romarna snabbt b\u00f6rjade assimilera.&nbsp;&nbsp;Produktinformation:&nbsp;Schackbr\u00e4dets m\u00e5tt: 28&#215;28 cm \u2013 tillverkat av m\u00e4ssing Kungens h\u00f6jd: 5,4 cm M\u00e4ssingspj\u00e4ser Setets vikt: 3,4 kg F\u00e4rgschema: pj\u00e4serna \u2013 antik m\u00e4ssing, en av arm\u00e9erna \u2013 bl\u00e5 nyanser f\u00f6r god kontrast; schackbr\u00e4det \u2013 marinbl\u00e5tt och guldf\u00e4lt Handgjord finish av h\u00f6gsta kvalitet. Schackpj\u00e4serna \u00e4r f\u00f6rpackade i en vacker, lyxig tr\u00e4l\u00e5da. Inuti finns en noggrant utformad form f\u00f6r stapling och s\u00e4ker f\u00f6rvaring av pj\u00e4serna. L\u00e5dan skyddas av en dekorativ svart och guldf\u00e4rgad kartong. Produkt av h\u00f6gsta exklusivitet, en vacker g\u00e5va. &nbsp;&nbsp;<\/p>\n","protected":false},"excerpt":{"rendered":"<p>Exklusivt schack &#8211; Schackbr\u00e4de 28 x 28 cm &nbsp;&nbsp;Letar du efter n\u00e5got mer \u00e4n vanliga schackpj\u00e4ser? Vill du ha ett set som inte bara \u00e4r funktionellt, utan ocks\u00e5 kan fungera som inredningsdetalj? Vi har det perfekta f\u00f6rslaget f\u00f6r dig \u2013 vackert, exklusivt schack som kommer att gl\u00e4dja alla schack\u00e4lskare.&nbsp;F\u00e4rgskalan i setet har komponerats f\u00f6r att [&hellip;]<\/p>\n","protected":false},"featured_media":44895,"comment_status":"open","ping_status":"closed","template":"","meta":[],"product_brand":[],"product_cat":[33],"product_tag":[],"class_list":{"0":"post-17541","1":"product","2":"type-product","3":"status-publish","4":"has-post-thumbnail","6":"product_cat-okategoriserad","8":"first","9":"instock","10":"shipping-taxable","11":"purchasable","12":"product-type-simple"},"_links":{"self":[{"href":"https:\/\/nordicmart.andreevmaster.com\/sv\/wp-json\/wp\/v2\/product\/17541","targetHints":{"allow":["GET"]}}],"collection":[{"href":"https:\/\/nordicmart.andreevmaster.com\/sv\/wp-json\/wp\/v2\/product"}],"about":[{"href":"https:\/\/nordicmart.andreevmaster.com\/sv\/wp-json\/wp\/v2\/types\/product"}],"replies":[{"embeddable":true,"href":"https:\/\/nordicmart.andreevmaster.com\/sv\/wp-json\/wp\/v2\/comments?post=17541"}],"wp:featuredmedia":[{"embeddable":true,"href":"https:\/\/nordicmart.andreevmaster.com\/sv\/wp-json\/wp\/v2\/media\/44895"}],"wp:attachment":[{"href":"https:\/\/nordicmart.andreevmaster.com\/sv\/wp-json\/wp\/v2\/media?parent=17541"}],"wp:term":[{"taxonomy":"product_brand","embeddable":true,"href":"https:\/\/nordicmart.andreevmaster.com\/sv\/wp-json\/wp\/v2\/product_brand?post=17541"},{"taxonomy":"product_cat","embeddable":true,"href":"https:\/\/nordicmart.andreevmaster.com\/sv\/wp-json\/wp\/v2\/product_cat?post=17541"},{"taxonomy":"product_tag","embeddable":true,"href":"https:\/\/nordicmart.andreevmaster.com\/sv\/wp-json\/wp\/v2\/product_tag?post=17541"}],"curies":[{"name":"wp","href":"https:\/\/api.w.org\/{rel}","templated":true}]}}