{"id":17540,"date":"2026-02-27T00:35:29","date_gmt":"2026-02-27T00:35:29","guid":{"rendered":"https:\/\/nordicmart.andreevmaster.com\/product\/retro-varldskarta-nyutgava-52-x-39-cm-john-speed-ar-1651-m1651\/"},"modified":"2026-02-27T08:25:02","modified_gmt":"2026-02-27T08:25:02","slug":"retro-varldskarta-nyutgava-52-x-39-cm-john-speed-ar-1651-m1651","status":"publish","type":"product","link":"https:\/\/nordicmart.andreevmaster.com\/sv\/produkt\/retro-varldskarta-nyutgava-52-x-39-cm-john-speed-ar-1651-m1651\/","title":{"rendered":"Retro v\u00e4rldskarta, nyutg\u00e5va \u2013 52 x 39 cm \u2013 John Speed, \u00e5r 1651 \u2013 M1651"},"content":{"rendered":"<p>Retro v\u00e4rldskarta, nytryck \u2013 52 x 39 cm \u2013 John Speed, \u00e5r 1651 \u2013 M1651&nbsp;&nbsp;M\u00e5tt: 52 x 39,3 cm&nbsp;Vintagekartor \u00e4r ett unikt och intressant inredningsval som ger varje rum en touch av historia och karakt\u00e4r. De kan ocks\u00e5 vara meningsfulla g\u00e5vor, eftersom de kan v\u00e4cka minnen fr\u00e5n tidigare resor eller fungera som inspiration f\u00f6r framtida resor. Dessutom \u00e4r vintage-kartor ofta vackert utformade och kan fungera som konstverk i sig sj\u00e4lva.&nbsp;Denna \u00e5terutgivning av en extremt s\u00e4llsynt v\u00e4rldskarta av John Speed, daterad 1651, \u00e4r en dekoration fylld med f\u00e4rg och i\u00f6gonfallande element som man kan studera i timmar. Det var en av de tidigaste kartorna som fanns tillg\u00e4ngliga p\u00e5 engelska.&nbsp;Nyutg\u00e5van har framst\u00e4llts med st\u00f6rsta omsorg f\u00f6r att likna den ursprungliga kartan. Papprets struktur och f\u00e4rg \u00e4r avsedda att \u00e5terge det material som originalen trycktes p\u00e5.&nbsp;V\u00e4rldskartan fr\u00e5n 1600-talet \u00e4r fortfarande full av mysterier. Den unikt dekorerade, fullf\u00e4rgade kartan \u00e4r en fantastisk present till resen\u00e4ren, historikern och alla som k\u00e4nner \u00e4ventyrslusten kalla. Den retroinspirerade v\u00e4rldskartan \u00e4r en fantastisk dekoration f\u00f6r arbetsrummet, kontoret eller vardagsrummet och ger rummet en globetrottande touch.&nbsp;&nbsp;<\/p>\n","protected":false},"excerpt":{"rendered":"<p>Retro v\u00e4rldskarta, nytryck \u2013 52 x 39 cm \u2013 John Speed, \u00e5r 1651 \u2013 M1651&nbsp;&nbsp;M\u00e5tt: 52 x 39,3 cm&nbsp;Vintagekartor \u00e4r ett unikt och intressant inredningsval som ger varje rum en touch av historia och karakt\u00e4r. De kan ocks\u00e5 vara meningsfulla g\u00e5vor, eftersom de kan v\u00e4cka minnen fr\u00e5n tidigare resor eller fungera som inspiration f\u00f6r framtida [&hellip;]<\/p>\n","protected":false},"featured_media":44894,"comment_status":"open","ping_status":"closed","template":"","meta":[],"product_brand":[],"product_cat":[33],"product_tag":[],"class_list":{"0":"post-17540","1":"product","2":"type-product","3":"status-publish","4":"has-post-thumbnail","6":"product_cat-okategoriserad","8":"first","9":"instock","10":"shipping-taxable","11":"purchasable","12":"product-type-simple"},"_links":{"self":[{"href":"https:\/\/nordicmart.andreevmaster.com\/sv\/wp-json\/wp\/v2\/product\/17540","targetHints":{"allow":["GET"]}}],"collection":[{"href":"https:\/\/nordicmart.andreevmaster.com\/sv\/wp-json\/wp\/v2\/product"}],"about":[{"href":"https:\/\/nordicmart.andreevmaster.com\/sv\/wp-json\/wp\/v2\/types\/product"}],"replies":[{"embeddable":true,"href":"https:\/\/nordicmart.andreevmaster.com\/sv\/wp-json\/wp\/v2\/comments?post=17540"}],"wp:featuredmedia":[{"embeddable":true,"href":"https:\/\/nordicmart.andreevmaster.com\/sv\/wp-json\/wp\/v2\/media\/44894"}],"wp:attachment":[{"href":"https:\/\/nordicmart.andreevmaster.com\/sv\/wp-json\/wp\/v2\/media?parent=17540"}],"wp:term":[{"taxonomy":"product_brand","embeddable":true,"href":"https:\/\/nordicmart.andreevmaster.com\/sv\/wp-json\/wp\/v2\/product_brand?post=17540"},{"taxonomy":"product_cat","embeddable":true,"href":"https:\/\/nordicmart.andreevmaster.com\/sv\/wp-json\/wp\/v2\/product_cat?post=17540"},{"taxonomy":"product_tag","embeddable":true,"href":"https:\/\/nordicmart.andreevmaster.com\/sv\/wp-json\/wp\/v2\/product_tag?post=17540"}],"curies":[{"name":"wp","href":"https:\/\/api.w.org\/{rel}","templated":true}]}}