{"id":17539,"date":"2026-02-27T00:35:29","date_gmt":"2026-02-27T00:35:29","guid":{"rendered":"https:\/\/nordicmart.andreevmaster.com\/product\/historisk-varldskarta-56-x-45-cm-piscator-1652-m1652\/"},"modified":"2026-02-27T08:25:02","modified_gmt":"2026-02-27T08:25:02","slug":"historisk-varldskarta-56-x-45-cm-piscator-1652-m1652","status":"publish","type":"product","link":"https:\/\/nordicmart.andreevmaster.com\/sv\/produkt\/historisk-varldskarta-56-x-45-cm-piscator-1652-m1652\/","title":{"rendered":"Historisk v\u00e4rldskarta \u2013 56 x 45 cm \u2013 Piscator 1652 \u2013 M1652"},"content":{"rendered":"<p>Historisk v\u00e4rldskarta \u2013 Nova Totius Terrarum, nyutg\u00e5va \u2013 N. I. Piscator, 1652 &#8211; M1652 &nbsp;&nbsp;&nbsp;&nbsp;&nbsp;&nbsp;&nbsp;&nbsp;&nbsp;&nbsp;&nbsp;&nbsp;&nbsp;M\u00e5tt: 56 x 45 cm&nbsp;Vintagekartor \u00e4r ett unikt och intressant inredningsval som ger varje rum en touch av historia och karakt\u00e4r. &nbsp;De kan ocks\u00e5 vara meningsfulla presenter, eftersom de kan v\u00e4cka minnen fr\u00e5n tidigare resor eller fungera som inspiration f\u00f6r framtida resor. Dessutom \u00e4r vintage-kartor ofta vackert utformade och kan fungera som konstverk i sig sj\u00e4lva.&nbsp;Reprint av N. I. Piscators historiska v\u00e4rldskarta fr\u00e5n 1652 \u00e4r en rikt dekorerad inredningsdetalj som f\u00f6r in uppt\u00e4cktsresandenas anda i ditt hem. Kartan Nova Totius Terrarum Orbis Geographica Ac Hydrographica Tabula \u00e4r en alltmer exakt bild av v\u00e5r v\u00e4rld fr\u00e5n 1600-talet. Denna karta kallas de tolv kejsarnas karta p\u00e5 grund av sin dekorativa kant som f\u00f6rest\u00e4ller romerska kejsare. Den mest k\u00e4nda dekorationen p\u00e5 denna karta \u00e4r figurerna av tolv romerska kejsare, som rider p\u00e5 sina h\u00e4star kl\u00e4dda i extremt detaljerade rustningar och visar upp sina regalier. Den historiska v\u00e4rldskartan \u00e4r en unik dekoration som kommer att pryda vilket rum som helst med en avsl\u00f6jande atmosf\u00e4r. Den \u00e4r en perfekt present till resen\u00e4rer och historiker.&nbsp;Nyutg\u00e5van har framst\u00e4llts med st\u00f6rsta omsorg f\u00f6r att likna den ursprungliga kartan. Papperets struktur och f\u00e4rg \u00e4r avsedda att \u00e5terge det material som originalen trycktes p\u00e5.&nbsp;&nbsp;<\/p>\n","protected":false},"excerpt":{"rendered":"<p>Historisk v\u00e4rldskarta \u2013 Nova Totius Terrarum, nyutg\u00e5va \u2013 N. I. Piscator, 1652 &#8211; M1652 &nbsp;&nbsp;&nbsp;&nbsp;&nbsp;&nbsp;&nbsp;&nbsp;&nbsp;&nbsp;&nbsp;&nbsp;&nbsp;M\u00e5tt: 56 x 45 cm&nbsp;Vintagekartor \u00e4r ett unikt och intressant inredningsval som ger varje rum en touch av historia och karakt\u00e4r. &nbsp;De kan ocks\u00e5 vara meningsfulla presenter, eftersom de kan v\u00e4cka minnen fr\u00e5n tidigare resor eller fungera som inspiration f\u00f6r framtida [&hellip;]<\/p>\n","protected":false},"featured_media":44893,"comment_status":"open","ping_status":"closed","template":"","meta":[],"product_brand":[],"product_cat":[33],"product_tag":[],"class_list":{"0":"post-17539","1":"product","2":"type-product","3":"status-publish","4":"has-post-thumbnail","6":"product_cat-okategoriserad","8":"first","9":"instock","10":"shipping-taxable","11":"purchasable","12":"product-type-simple"},"_links":{"self":[{"href":"https:\/\/nordicmart.andreevmaster.com\/sv\/wp-json\/wp\/v2\/product\/17539","targetHints":{"allow":["GET"]}}],"collection":[{"href":"https:\/\/nordicmart.andreevmaster.com\/sv\/wp-json\/wp\/v2\/product"}],"about":[{"href":"https:\/\/nordicmart.andreevmaster.com\/sv\/wp-json\/wp\/v2\/types\/product"}],"replies":[{"embeddable":true,"href":"https:\/\/nordicmart.andreevmaster.com\/sv\/wp-json\/wp\/v2\/comments?post=17539"}],"wp:featuredmedia":[{"embeddable":true,"href":"https:\/\/nordicmart.andreevmaster.com\/sv\/wp-json\/wp\/v2\/media\/44893"}],"wp:attachment":[{"href":"https:\/\/nordicmart.andreevmaster.com\/sv\/wp-json\/wp\/v2\/media?parent=17539"}],"wp:term":[{"taxonomy":"product_brand","embeddable":true,"href":"https:\/\/nordicmart.andreevmaster.com\/sv\/wp-json\/wp\/v2\/product_brand?post=17539"},{"taxonomy":"product_cat","embeddable":true,"href":"https:\/\/nordicmart.andreevmaster.com\/sv\/wp-json\/wp\/v2\/product_cat?post=17539"},{"taxonomy":"product_tag","embeddable":true,"href":"https:\/\/nordicmart.andreevmaster.com\/sv\/wp-json\/wp\/v2\/product_tag?post=17539"}],"curies":[{"name":"wp","href":"https:\/\/api.w.org\/{rel}","templated":true}]}}