{"id":17538,"date":"2026-02-27T00:35:29","date_gmt":"2026-02-27T00:35:29","guid":{"rendered":"https:\/\/nordicmart.andreevmaster.com\/product\/gammal-varldskarta-orbis-terrarum-nyutgava-p-plancius-1594-m1594\/"},"modified":"2026-02-27T08:25:02","modified_gmt":"2026-02-27T08:25:02","slug":"gammal-varldskarta-orbis-terrarum-nyutgava-p-plancius-1594-m1594","status":"publish","type":"product","link":"https:\/\/nordicmart.andreevmaster.com\/sv\/produkt\/gammal-varldskarta-orbis-terrarum-nyutgava-p-plancius-1594-m1594\/","title":{"rendered":"Gammal v\u00e4rldskarta \u2013 Orbis Terrarum, nyutg\u00e5va \u2013 P. Plancius, 1594. \u2013 M1594"},"content":{"rendered":"<p>Gammal v\u00e4rldskarta \u2013 Orbis Terrarum, nytryck \u2013 P. Plancius, 1594. \u2013 M1594&nbsp;&nbsp;&nbsp;M\u00e5tt: 57,5 x 38,9 cm&nbsp;&nbsp;Vintagekartor \u00e4r perfekta presenter eller dekorationer eftersom de \u00e4r ovanliga och ger en k\u00e4nsla av historia till ett rum. De kan ocks\u00e5 p\u00e5minna n\u00e5gon om tidigare resor eller inspirera till framtida resplaner. Dessutom har de ofta attraktiva m\u00f6nster och kan betraktas som konstverk.&nbsp;Denna nyutg\u00e5va av en historisk karta av Petrus Plancius (1552-1622) fr\u00e5n 1594 \u00e4r en dekorativ prydnad som \u00e4r sv\u00e5r att motst\u00e5. V\u00e4rldskartan Orbis Terrarum Typus De Integro Multis In Locis Emendatus \u00e4r en fr\u00f6jd f\u00f6r \u00f6gat. Kartan \u00e4r fylld med f\u00e4rg, information och allegoriska figurer och uppmuntrar till upprepad studie.&nbsp;Nyutg\u00e5van har framst\u00e4llts med st\u00f6rsta omsorg f\u00f6r att likna den ursprungliga kartan. Papperets struktur och f\u00e4rg \u00e4r avsedda att \u00e5terge det material som originalen trycktes p\u00e5. Petrus Plancius karta har ett stort geografiskt v\u00e4rde f\u00f6r sin tid \u2013 tack vare sina kontakter inom det nederl\u00e4ndska Ostindiska kompaniet kartograferade Plancius Arktis och Fj\u00e4rran \u00d6stern. Kartan inneh\u00e5ller ocks\u00e5 ett f\u00f6rs\u00f6k att kartl\u00e4gga Nordv\u00e4stpassagen \u2013 Plancius f\u00f6ljde Willem Barents tre expeditioner i omr\u00e5det.&nbsp;&nbsp;<\/p>\n","protected":false},"excerpt":{"rendered":"<p>Gammal v\u00e4rldskarta \u2013 Orbis Terrarum, nytryck \u2013 P. Plancius, 1594. \u2013 M1594&nbsp;&nbsp;&nbsp;M\u00e5tt: 57,5 x 38,9 cm&nbsp;&nbsp;Vintagekartor \u00e4r perfekta presenter eller dekorationer eftersom de \u00e4r ovanliga och ger en k\u00e4nsla av historia till ett rum. De kan ocks\u00e5 p\u00e5minna n\u00e5gon om tidigare resor eller inspirera till framtida resplaner. Dessutom har de ofta attraktiva m\u00f6nster och kan [&hellip;]<\/p>\n","protected":false},"featured_media":44892,"comment_status":"open","ping_status":"closed","template":"","meta":[],"product_brand":[],"product_cat":[33],"product_tag":[],"class_list":{"0":"post-17538","1":"product","2":"type-product","3":"status-publish","4":"has-post-thumbnail","6":"product_cat-okategoriserad","8":"first","9":"instock","10":"shipping-taxable","11":"purchasable","12":"product-type-simple"},"_links":{"self":[{"href":"https:\/\/nordicmart.andreevmaster.com\/sv\/wp-json\/wp\/v2\/product\/17538","targetHints":{"allow":["GET"]}}],"collection":[{"href":"https:\/\/nordicmart.andreevmaster.com\/sv\/wp-json\/wp\/v2\/product"}],"about":[{"href":"https:\/\/nordicmart.andreevmaster.com\/sv\/wp-json\/wp\/v2\/types\/product"}],"replies":[{"embeddable":true,"href":"https:\/\/nordicmart.andreevmaster.com\/sv\/wp-json\/wp\/v2\/comments?post=17538"}],"wp:featuredmedia":[{"embeddable":true,"href":"https:\/\/nordicmart.andreevmaster.com\/sv\/wp-json\/wp\/v2\/media\/44892"}],"wp:attachment":[{"href":"https:\/\/nordicmart.andreevmaster.com\/sv\/wp-json\/wp\/v2\/media?parent=17538"}],"wp:term":[{"taxonomy":"product_brand","embeddable":true,"href":"https:\/\/nordicmart.andreevmaster.com\/sv\/wp-json\/wp\/v2\/product_brand?post=17538"},{"taxonomy":"product_cat","embeddable":true,"href":"https:\/\/nordicmart.andreevmaster.com\/sv\/wp-json\/wp\/v2\/product_cat?post=17538"},{"taxonomy":"product_tag","embeddable":true,"href":"https:\/\/nordicmart.andreevmaster.com\/sv\/wp-json\/wp\/v2\/product_tag?post=17538"}],"curies":[{"name":"wp","href":"https:\/\/api.w.org\/{rel}","templated":true}]}}