{"id":17537,"date":"2026-02-27T00:35:28","date_gmt":"2026-02-27T00:35:28","guid":{"rendered":"https:\/\/nordicmart.andreevmaster.com\/product\/themis-figur-present-till-en-advokat-mc-90037\/"},"modified":"2026-02-27T08:25:01","modified_gmt":"2026-02-27T08:25:01","slug":"themis-figur-present-till-en-advokat-mc-90037","status":"publish","type":"product","link":"https:\/\/nordicmart.andreevmaster.com\/sv\/produkt\/themis-figur-present-till-en-advokat-mc-90037\/","title":{"rendered":"Themis-figur &#8211; Present till en advokat &#8211; MC-90037"},"content":{"rendered":"<p>Themis-figur &#8211; Present till en advokat &#8211; MC-90037&nbsp;&nbsp;&nbsp;Themis &#8211; en symbol f\u00f6r lag och r\u00e4ttvisa. Enligt grekisk mytologi var Themis gudinnan och personifikationen av r\u00e4ttvisa, lag och evig ordning. Den karakteristiska \u00f6gonbindeln p\u00e5 Themis \u00f6gon \u00e4r en symbol f\u00f6r opartiskhet. Themis avbildas ocks\u00e5 med tre andra attribut: en v\u00e5g p\u00e5 vilken hon v\u00e4ger de d\u00f6mdas goda och onda g\u00e4rningar, ett sv\u00e4rd som symboliserar \u00f6nskan att avsluta tvisten och skydda gudinnan sj\u00e4lv, och en orm under hennes f\u00f6tter som speglar segern \u00f6ver det onda.&nbsp;Figuren \u00e4r gjord av hartskonglomerat, dekorerad i guldf\u00e4rger. Themis \u00e4r en av de mest popul\u00e4ra symbolerna i den juridiska v\u00e4rlden. Figuren av gudinnan \u00e4r en utm\u00e4rkt present till en advokat eller domare. Den \u00e4r en perfekt dekoration f\u00f6r en advokatbyr\u00e5 eller ett domarkontor.&nbsp;&nbsp;&nbsp;Produktinformation:&nbsp;Material: polyresin (hartskonglomerat)F\u00e4rg: guldM\u00e5tt: h\u00f6jd 35 cm&nbsp;&nbsp;<\/p>\n","protected":false},"excerpt":{"rendered":"<p>Themis-figur &#8211; Present till en advokat &#8211; MC-90037&nbsp;&nbsp;&nbsp;Themis &#8211; en symbol f\u00f6r lag och r\u00e4ttvisa. Enligt grekisk mytologi var Themis gudinnan och personifikationen av r\u00e4ttvisa, lag och evig ordning. Den karakteristiska \u00f6gonbindeln p\u00e5 Themis \u00f6gon \u00e4r en symbol f\u00f6r opartiskhet. Themis avbildas ocks\u00e5 med tre andra attribut: en v\u00e5g p\u00e5 vilken hon v\u00e4ger de d\u00f6mdas [&hellip;]<\/p>\n","protected":false},"featured_media":44891,"comment_status":"open","ping_status":"closed","template":"","meta":[],"product_brand":[],"product_cat":[33],"product_tag":[],"class_list":{"0":"post-17537","1":"product","2":"type-product","3":"status-publish","4":"has-post-thumbnail","6":"product_cat-okategoriserad","8":"first","9":"instock","10":"shipping-taxable","11":"purchasable","12":"product-type-simple"},"_links":{"self":[{"href":"https:\/\/nordicmart.andreevmaster.com\/sv\/wp-json\/wp\/v2\/product\/17537","targetHints":{"allow":["GET"]}}],"collection":[{"href":"https:\/\/nordicmart.andreevmaster.com\/sv\/wp-json\/wp\/v2\/product"}],"about":[{"href":"https:\/\/nordicmart.andreevmaster.com\/sv\/wp-json\/wp\/v2\/types\/product"}],"replies":[{"embeddable":true,"href":"https:\/\/nordicmart.andreevmaster.com\/sv\/wp-json\/wp\/v2\/comments?post=17537"}],"wp:featuredmedia":[{"embeddable":true,"href":"https:\/\/nordicmart.andreevmaster.com\/sv\/wp-json\/wp\/v2\/media\/44891"}],"wp:attachment":[{"href":"https:\/\/nordicmart.andreevmaster.com\/sv\/wp-json\/wp\/v2\/media?parent=17537"}],"wp:term":[{"taxonomy":"product_brand","embeddable":true,"href":"https:\/\/nordicmart.andreevmaster.com\/sv\/wp-json\/wp\/v2\/product_brand?post=17537"},{"taxonomy":"product_cat","embeddable":true,"href":"https:\/\/nordicmart.andreevmaster.com\/sv\/wp-json\/wp\/v2\/product_cat?post=17537"},{"taxonomy":"product_tag","embeddable":true,"href":"https:\/\/nordicmart.andreevmaster.com\/sv\/wp-json\/wp\/v2\/product_tag?post=17537"}],"curies":[{"name":"wp","href":"https:\/\/api.w.org\/{rel}","templated":true}]}}