{"id":17536,"date":"2026-02-27T00:35:28","date_gmt":"2026-02-27T00:35:28","guid":{"rendered":"https:\/\/nordicmart.andreevmaster.com\/product\/massingskompass-h40\/"},"modified":"2026-02-27T08:25:01","modified_gmt":"2026-02-27T08:25:01","slug":"massingskompass-h40","status":"publish","type":"product","link":"https:\/\/nordicmart.andreevmaster.com\/sv\/produkt\/massingskompass-h40\/","title":{"rendered":"M\u00e4ssingskompass \u2013 H40"},"content":{"rendered":"<p>M\u00e4ssingskompass &#8211; H40&nbsp;&nbsp;Sj\u00f6kompasser anv\u00e4ndes redan p\u00e5 1500-talet. Deras betydelse under de stora geografiska uppt\u00e4ckterna kan inte \u00f6verskattas. De bidrog till utvecklingen av navigering och kartografi. &nbsp;Denna modell \u00e4r en kombination av kompass och solur. Tack vare gnomonen p\u00e5 kompassskivan kan vi enkelt best\u00e4mma soltiden. F\u00f6r att g\u00f6ra en m\u00e4tning placerar du instrumentet p\u00e5 en plan yta och f\u00f6rs\u00f6ker undvika magnetiska st\u00f6rningar som kan p\u00e5verka enhetens funktion. Gnomonen pekar mot norr och kastar en skugga p\u00e5 den aktuella soltiden.&nbsp;Solkompassen \u00e4r tillverkad med omsorg om detaljer och har rika ren\u00e4ssansornament. Den passar utm\u00e4rkt som en sofistikerad present till resen\u00e4ren och vintage\u00e4lskaren. &nbsp;Kompassen \u00e4r f\u00f6rpackad i en elegant presentask med ett gjutet fodral. &nbsp;&nbsp;Produktinformation:&nbsp;&nbsp;Material: m\u00e4ssing, znal, glas.M\u00e5tt: 4,5 cm, diameter 8,5 cmF\u00e4rg: m\u00e4ssingF\u00e4rg p\u00e5 urtavla: nyanser av beige, r\u00f6tt, gr\u00f6nt och bl\u00e5ttDekorerad, \u00e5ldrad urtavlaRikt dekorerat lockRen\u00e4ssansstil &nbsp;<\/p>\n","protected":false},"excerpt":{"rendered":"<p>M\u00e4ssingskompass &#8211; H40&nbsp;&nbsp;Sj\u00f6kompasser anv\u00e4ndes redan p\u00e5 1500-talet. Deras betydelse under de stora geografiska uppt\u00e4ckterna kan inte \u00f6verskattas. De bidrog till utvecklingen av navigering och kartografi. &nbsp;Denna modell \u00e4r en kombination av kompass och solur. Tack vare gnomonen p\u00e5 kompassskivan kan vi enkelt best\u00e4mma soltiden. F\u00f6r att g\u00f6ra en m\u00e4tning placerar du instrumentet p\u00e5 en plan [&hellip;]<\/p>\n","protected":false},"featured_media":44890,"comment_status":"open","ping_status":"closed","template":"","meta":[],"product_brand":[],"product_cat":[33],"product_tag":[],"class_list":{"0":"post-17536","1":"product","2":"type-product","3":"status-publish","4":"has-post-thumbnail","6":"product_cat-okategoriserad","8":"first","9":"instock","10":"shipping-taxable","11":"purchasable","12":"product-type-simple"},"_links":{"self":[{"href":"https:\/\/nordicmart.andreevmaster.com\/sv\/wp-json\/wp\/v2\/product\/17536","targetHints":{"allow":["GET"]}}],"collection":[{"href":"https:\/\/nordicmart.andreevmaster.com\/sv\/wp-json\/wp\/v2\/product"}],"about":[{"href":"https:\/\/nordicmart.andreevmaster.com\/sv\/wp-json\/wp\/v2\/types\/product"}],"replies":[{"embeddable":true,"href":"https:\/\/nordicmart.andreevmaster.com\/sv\/wp-json\/wp\/v2\/comments?post=17536"}],"wp:featuredmedia":[{"embeddable":true,"href":"https:\/\/nordicmart.andreevmaster.com\/sv\/wp-json\/wp\/v2\/media\/44890"}],"wp:attachment":[{"href":"https:\/\/nordicmart.andreevmaster.com\/sv\/wp-json\/wp\/v2\/media?parent=17536"}],"wp:term":[{"taxonomy":"product_brand","embeddable":true,"href":"https:\/\/nordicmart.andreevmaster.com\/sv\/wp-json\/wp\/v2\/product_brand?post=17536"},{"taxonomy":"product_cat","embeddable":true,"href":"https:\/\/nordicmart.andreevmaster.com\/sv\/wp-json\/wp\/v2\/product_cat?post=17536"},{"taxonomy":"product_tag","embeddable":true,"href":"https:\/\/nordicmart.andreevmaster.com\/sv\/wp-json\/wp\/v2\/product_tag?post=17536"}],"curies":[{"name":"wp","href":"https:\/\/api.w.org\/{rel}","templated":true}]}}