{"id":17535,"date":"2026-02-27T00:35:28","date_gmt":"2026-02-27T00:35:28","guid":{"rendered":"https:\/\/nordicmart.andreevmaster.com\/product\/nyckelring-med-metallkompass-nc2050\/"},"modified":"2026-02-27T08:25:01","modified_gmt":"2026-02-27T08:25:01","slug":"nyckelring-med-metallkompass-nc2050","status":"publish","type":"product","link":"https:\/\/nordicmart.andreevmaster.com\/sv\/produkt\/nyckelring-med-metallkompass-nc2050\/","title":{"rendered":"Nyckelring med metallkompass NC2050"},"content":{"rendered":"<p>Nyckelring med metallkompass NC2050&nbsp;&nbsp;&nbsp;Nyckelringen med metallkompass \u00e4r en anv\u00e4ndbar pryl f\u00f6r scouter, resen\u00e4rer och bushcraft-entusiaster. Kompassen hj\u00e4lper till med navigering genom att visa norr. Den kan f\u00e4stas p\u00e5 nycklar eller ryggs\u00e4ck och alltid ha med sig p\u00e5 stora och sm\u00e5 resor.&nbsp;Kompasshuset \u00e4r tillverkat av m\u00e4ssing. Svart kompassskiva. &nbsp;&nbsp;Produktinformation:&nbsp;Material: m\u00e4ssing, glasF\u00e4stning: alpin klubbF\u00e4rg: guld, svartM\u00e5tt: diameter &#8211; 3,5 cm&nbsp;<\/p>\n","protected":false},"excerpt":{"rendered":"<p>Nyckelring med metallkompass NC2050&nbsp;&nbsp;&nbsp;Nyckelringen med metallkompass \u00e4r en anv\u00e4ndbar pryl f\u00f6r scouter, resen\u00e4rer och bushcraft-entusiaster. Kompassen hj\u00e4lper till med navigering genom att visa norr. Den kan f\u00e4stas p\u00e5 nycklar eller ryggs\u00e4ck och alltid ha med sig p\u00e5 stora och sm\u00e5 resor.&nbsp;Kompasshuset \u00e4r tillverkat av m\u00e4ssing. Svart kompassskiva. &nbsp;&nbsp;Produktinformation:&nbsp;Material: m\u00e4ssing, glasF\u00e4stning: alpin klubbF\u00e4rg: guld, svartM\u00e5tt: diameter [&hellip;]<\/p>\n","protected":false},"featured_media":44889,"comment_status":"open","ping_status":"closed","template":"","meta":[],"product_brand":[],"product_cat":[33],"product_tag":[],"class_list":{"0":"post-17535","1":"product","2":"type-product","3":"status-publish","4":"has-post-thumbnail","6":"product_cat-okategoriserad","8":"first","9":"instock","10":"shipping-taxable","11":"purchasable","12":"product-type-simple"},"_links":{"self":[{"href":"https:\/\/nordicmart.andreevmaster.com\/sv\/wp-json\/wp\/v2\/product\/17535","targetHints":{"allow":["GET"]}}],"collection":[{"href":"https:\/\/nordicmart.andreevmaster.com\/sv\/wp-json\/wp\/v2\/product"}],"about":[{"href":"https:\/\/nordicmart.andreevmaster.com\/sv\/wp-json\/wp\/v2\/types\/product"}],"replies":[{"embeddable":true,"href":"https:\/\/nordicmart.andreevmaster.com\/sv\/wp-json\/wp\/v2\/comments?post=17535"}],"wp:featuredmedia":[{"embeddable":true,"href":"https:\/\/nordicmart.andreevmaster.com\/sv\/wp-json\/wp\/v2\/media\/44889"}],"wp:attachment":[{"href":"https:\/\/nordicmart.andreevmaster.com\/sv\/wp-json\/wp\/v2\/media?parent=17535"}],"wp:term":[{"taxonomy":"product_brand","embeddable":true,"href":"https:\/\/nordicmart.andreevmaster.com\/sv\/wp-json\/wp\/v2\/product_brand?post=17535"},{"taxonomy":"product_cat","embeddable":true,"href":"https:\/\/nordicmart.andreevmaster.com\/sv\/wp-json\/wp\/v2\/product_cat?post=17535"},{"taxonomy":"product_tag","embeddable":true,"href":"https:\/\/nordicmart.andreevmaster.com\/sv\/wp-json\/wp\/v2\/product_tag?post=17535"}],"curies":[{"name":"wp","href":"https:\/\/api.w.org\/{rel}","templated":true}]}}