{"id":17534,"date":"2026-02-27T00:35:27","date_gmt":"2026-02-27T00:35:27","guid":{"rendered":"https:\/\/nordicmart.andreevmaster.com\/product\/liten-massingshorn-med-kedja-miw135-dimhorn\/"},"modified":"2026-02-27T08:25:01","modified_gmt":"2026-02-27T08:25:01","slug":"liten-massingshorn-med-kedja-miw135-dimhorn","status":"publish","type":"product","link":"https:\/\/nordicmart.andreevmaster.com\/sv\/produkt\/liten-massingshorn-med-kedja-miw135-dimhorn\/","title":{"rendered":"Liten m\u00e4ssingshorn med kedja \u2013 MIW135 dimhorn"},"content":{"rendered":"<p>Liten m\u00e4ssingshorn med kedja \u2013 MIW135 dimhorn&nbsp;&nbsp;Arm\u00e9horn  anv\u00e4nds oftast f\u00f6r att spela fanfarer eller ljudsignaler vid jakt, scouting eller i arm\u00e9n. Det \u00e4r en utm\u00e4rkt present till en scout, j\u00e4gare eller soldat.&nbsp;Tillverkat av m\u00e4ssing. Det har en kedja som g\u00f6r att det kan h\u00e4ngas upp, t.ex. p\u00e5 v\u00e4ggen. Hornet avger ett ljud, men \u00e4r fr\u00e4mst dekorativt.&nbsp;&nbsp;Arm\u00e9horn MIW135 specifikation:&nbsp;M\u00e5tt: L\u00e4ngd 15 cmMaterial: m\u00e4ssingF\u00e4rg: guld&nbsp;<\/p>\n","protected":false},"excerpt":{"rendered":"<p>Liten m\u00e4ssingshorn med kedja \u2013 MIW135 dimhorn&nbsp;&nbsp;Arm\u00e9horn anv\u00e4nds oftast f\u00f6r att spela fanfarer eller ljudsignaler vid jakt, scouting eller i arm\u00e9n. Det \u00e4r en utm\u00e4rkt present till en scout, j\u00e4gare eller soldat.&nbsp;Tillverkat av m\u00e4ssing. Det har en kedja som g\u00f6r att det kan h\u00e4ngas upp, t.ex. p\u00e5 v\u00e4ggen. Hornet avger ett ljud, men \u00e4r fr\u00e4mst [&hellip;]<\/p>\n","protected":false},"featured_media":44888,"comment_status":"open","ping_status":"closed","template":"","meta":[],"product_brand":[],"product_cat":[33],"product_tag":[],"class_list":{"0":"post-17534","1":"product","2":"type-product","3":"status-publish","4":"has-post-thumbnail","6":"product_cat-okategoriserad","8":"first","9":"instock","10":"shipping-taxable","11":"purchasable","12":"product-type-simple"},"_links":{"self":[{"href":"https:\/\/nordicmart.andreevmaster.com\/sv\/wp-json\/wp\/v2\/product\/17534","targetHints":{"allow":["GET"]}}],"collection":[{"href":"https:\/\/nordicmart.andreevmaster.com\/sv\/wp-json\/wp\/v2\/product"}],"about":[{"href":"https:\/\/nordicmart.andreevmaster.com\/sv\/wp-json\/wp\/v2\/types\/product"}],"replies":[{"embeddable":true,"href":"https:\/\/nordicmart.andreevmaster.com\/sv\/wp-json\/wp\/v2\/comments?post=17534"}],"wp:featuredmedia":[{"embeddable":true,"href":"https:\/\/nordicmart.andreevmaster.com\/sv\/wp-json\/wp\/v2\/media\/44888"}],"wp:attachment":[{"href":"https:\/\/nordicmart.andreevmaster.com\/sv\/wp-json\/wp\/v2\/media?parent=17534"}],"wp:term":[{"taxonomy":"product_brand","embeddable":true,"href":"https:\/\/nordicmart.andreevmaster.com\/sv\/wp-json\/wp\/v2\/product_brand?post=17534"},{"taxonomy":"product_cat","embeddable":true,"href":"https:\/\/nordicmart.andreevmaster.com\/sv\/wp-json\/wp\/v2\/product_cat?post=17534"},{"taxonomy":"product_tag","embeddable":true,"href":"https:\/\/nordicmart.andreevmaster.com\/sv\/wp-json\/wp\/v2\/product_tag?post=17534"}],"curies":[{"name":"wp","href":"https:\/\/api.w.org\/{rel}","templated":true}]}}