{"id":17532,"date":"2026-02-27T00:35:27","date_gmt":"2026-02-27T00:35:27","guid":{"rendered":"https:\/\/nordicmart.andreevmaster.com\/product\/mosiezny-kompas-w-drewnianym-pudelku-c35a-2\/"},"modified":"2026-02-27T08:25:00","modified_gmt":"2026-02-27T08:25:00","slug":"mosiezny-kompas-w-drewnianym-pudelku-c35a-2","status":"publish","type":"product","link":"https:\/\/nordicmart.andreevmaster.com\/sv\/produkt\/mosiezny-kompas-w-drewnianym-pudelku-c35a-2\/","title":{"rendered":"Mosi\u0119\u017cny kompas w drewnianym pude\u0142ku &#8211; C35A"},"content":{"rendered":"<p>Mosi\u0119\u017cny kompas w drewnianym pude\u0142ku &#8211; C35A<\/p>\n<p>Den eleganta m\u00e4ssingskompassen i tr\u00e4ask \u00e4r en bra presentid\u00e9 f\u00f6r den som \u00e4lskar marint tema.<\/p>\n<p>Kompassens m\u00e5tt:<br \/>\nDiameter 7,5 cm<br \/>\nH\u00f6jd 1,5 cm<\/p>\n<p>L\u00e5dans m\u00e5tt:<br \/>\n10 x 10 x 6 cm<\/p>\n","protected":false},"excerpt":{"rendered":"<p>Mosi\u0119\u017cny kompas w drewnianym pude\u0142ku &#8211; C35A Den eleganta m\u00e4ssingskompassen i tr\u00e4ask \u00e4r en bra presentid\u00e9 f\u00f6r den som \u00e4lskar marint tema. Kompassens m\u00e5tt: Diameter 7,5 cm H\u00f6jd 1,5 cm L\u00e5dans m\u00e5tt: 10 x 10 x 6 cm<\/p>\n","protected":false},"featured_media":44886,"comment_status":"open","ping_status":"closed","template":"","meta":[],"product_brand":[],"product_cat":[33],"product_tag":[],"class_list":{"0":"post-17532","1":"product","2":"type-product","3":"status-publish","4":"has-post-thumbnail","6":"product_cat-okategoriserad","8":"first","9":"instock","10":"shipping-taxable","11":"purchasable","12":"product-type-simple"},"_links":{"self":[{"href":"https:\/\/nordicmart.andreevmaster.com\/sv\/wp-json\/wp\/v2\/product\/17532","targetHints":{"allow":["GET"]}}],"collection":[{"href":"https:\/\/nordicmart.andreevmaster.com\/sv\/wp-json\/wp\/v2\/product"}],"about":[{"href":"https:\/\/nordicmart.andreevmaster.com\/sv\/wp-json\/wp\/v2\/types\/product"}],"replies":[{"embeddable":true,"href":"https:\/\/nordicmart.andreevmaster.com\/sv\/wp-json\/wp\/v2\/comments?post=17532"}],"wp:featuredmedia":[{"embeddable":true,"href":"https:\/\/nordicmart.andreevmaster.com\/sv\/wp-json\/wp\/v2\/media\/44886"}],"wp:attachment":[{"href":"https:\/\/nordicmart.andreevmaster.com\/sv\/wp-json\/wp\/v2\/media?parent=17532"}],"wp:term":[{"taxonomy":"product_brand","embeddable":true,"href":"https:\/\/nordicmart.andreevmaster.com\/sv\/wp-json\/wp\/v2\/product_brand?post=17532"},{"taxonomy":"product_cat","embeddable":true,"href":"https:\/\/nordicmart.andreevmaster.com\/sv\/wp-json\/wp\/v2\/product_cat?post=17532"},{"taxonomy":"product_tag","embeddable":true,"href":"https:\/\/nordicmart.andreevmaster.com\/sv\/wp-json\/wp\/v2\/product_tag?post=17532"}],"curies":[{"name":"wp","href":"https:\/\/api.w.org\/{rel}","templated":true}]}}