{"id":17531,"date":"2026-02-27T00:35:27","date_gmt":"2026-02-27T00:35:27","guid":{"rendered":"https:\/\/nordicmart.andreevmaster.com\/product\/mini-guitar-rolling-stones-uktongue-mgt-2301b-2\/"},"modified":"2026-02-27T08:25:00","modified_gmt":"2026-02-27T08:25:00","slug":"mini-guitar-rolling-stones-uktongue-mgt-2301b-2","status":"publish","type":"product","link":"https:\/\/nordicmart.andreevmaster.com\/sv\/produkt\/mini-guitar-rolling-stones-uktongue-mgt-2301b-2\/","title":{"rendered":"Mini Guitar Rolling Stones UK&#038;Tongue MGT-2301B"},"content":{"rendered":"<p>Mini Guitar Rolling Stones UK&#038;Tongue MGT-2301B&nbsp;En minigitarr inspirerad av Keith Richards fr\u00e5n ett av historiens mest popul\u00e4ra rockband \u2013 The Rolling Stones \u2013 \u00e4r en musikalisk pryl som kommer att stj\u00e4la hj\u00e4rtat hos fansen till detta legendariska brittiska band. Gitarren \u00e4r en fantastisk present till en Stones-fan, en \u00e4lskare av rockklassiker och en gitarrist.&nbsp;Miniatyren \u00e4r handgjord av mahognytr\u00e4 i skala 1:4. Detta \u00e4r ett samlarobjekt. Gitarren \u00e4r inte en leksak. Den kan inte spelas p\u00e5.&nbsp;Rolling Stones UK&#038;Tongue Mini Guitar MGT-2301B specifikation:&nbsp;&bull; M\u00e5tt: H. 27,5 cm x B. 9 cm x D. 0,8 cm&bull; Skala: 1:4&bull; Material: mahogny&bull; F\u00e4rg: flerf\u00e4rgad&bull; Setet inneh\u00e5ller ett stativ i plast och metall f\u00f6r att st\u00e4lla gitarren p\u00e5&nbsp;Rolling Stones UK&#038;Tongue MGT-2301B minigitarr \u00e4r perfekt som:&nbsp;&bull; En present till en Stones-fan&bull; En pryl f\u00f6r gitarrvirtuosen&bull; En present till en musik\u00e4lskare&bull; En present till en Keith Richards-fan&nbsp;Observera! S\u00e4ljaren har ingen anknytning till tillverkare av riktiga instrument eller enskilda artister. Namnen p\u00e5 modellerna eller artisterna \u00e4r exempel. K\u00e4nda namn anv\u00e4nds endast f\u00f6r att visa en viss musikstil. Inget av instrumenten \u00e4r en exakt kopia vad g\u00e4ller proportioner, storlek och design.&nbsp;<\/p>\n","protected":false},"excerpt":{"rendered":"<p>Mini Guitar Rolling Stones UK&#038;Tongue MGT-2301B&nbsp;En minigitarr inspirerad av Keith Richards fr\u00e5n ett av historiens mest popul\u00e4ra rockband \u2013 The Rolling Stones \u2013 \u00e4r en musikalisk pryl som kommer att stj\u00e4la hj\u00e4rtat hos fansen till detta legendariska brittiska band. Gitarren \u00e4r en fantastisk present till en Stones-fan, en \u00e4lskare av rockklassiker och en gitarrist.&nbsp;Miniatyren \u00e4r [&hellip;]<\/p>\n","protected":false},"featured_media":44885,"comment_status":"open","ping_status":"closed","template":"","meta":[],"product_brand":[],"product_cat":[33],"product_tag":[],"class_list":{"0":"post-17531","1":"product","2":"type-product","3":"status-publish","4":"has-post-thumbnail","6":"product_cat-okategoriserad","8":"first","9":"instock","10":"shipping-taxable","11":"purchasable","12":"product-type-simple"},"_links":{"self":[{"href":"https:\/\/nordicmart.andreevmaster.com\/sv\/wp-json\/wp\/v2\/product\/17531","targetHints":{"allow":["GET"]}}],"collection":[{"href":"https:\/\/nordicmart.andreevmaster.com\/sv\/wp-json\/wp\/v2\/product"}],"about":[{"href":"https:\/\/nordicmart.andreevmaster.com\/sv\/wp-json\/wp\/v2\/types\/product"}],"replies":[{"embeddable":true,"href":"https:\/\/nordicmart.andreevmaster.com\/sv\/wp-json\/wp\/v2\/comments?post=17531"}],"wp:featuredmedia":[{"embeddable":true,"href":"https:\/\/nordicmart.andreevmaster.com\/sv\/wp-json\/wp\/v2\/media\/44885"}],"wp:attachment":[{"href":"https:\/\/nordicmart.andreevmaster.com\/sv\/wp-json\/wp\/v2\/media?parent=17531"}],"wp:term":[{"taxonomy":"product_brand","embeddable":true,"href":"https:\/\/nordicmart.andreevmaster.com\/sv\/wp-json\/wp\/v2\/product_brand?post=17531"},{"taxonomy":"product_cat","embeddable":true,"href":"https:\/\/nordicmart.andreevmaster.com\/sv\/wp-json\/wp\/v2\/product_cat?post=17531"},{"taxonomy":"product_tag","embeddable":true,"href":"https:\/\/nordicmart.andreevmaster.com\/sv\/wp-json\/wp\/v2\/product_tag?post=17531"}],"curies":[{"name":"wp","href":"https:\/\/api.w.org\/{rel}","templated":true}]}}