{"id":17530,"date":"2026-02-27T00:35:26","date_gmt":"2026-02-27T00:35:26","guid":{"rendered":"https:\/\/nordicmart.andreevmaster.com\/product\/nyckelring-svart-elgitarr-sgk-0031\/"},"modified":"2026-02-27T08:25:00","modified_gmt":"2026-02-27T08:25:00","slug":"nyckelring-svart-elgitarr-sgk-0031","status":"publish","type":"product","link":"https:\/\/nordicmart.andreevmaster.com\/sv\/produkt\/nyckelring-svart-elgitarr-sgk-0031\/","title":{"rendered":"Nyckelring \u2013 svart elgitarr SGK-0031"},"content":{"rendered":"<p>Nyckelring \u2013 svart elgitarr SGK-0031 &nbsp;&nbsp;Produktinformation:&nbsp;L\u00e4ngd 8,5 cm x bredd 2,5 cm x 0,5 cm L\u00e4ngd med kedja 12,5 cm Tillverkad av tr\u00e4&nbsp;<\/p>\n","protected":false},"excerpt":{"rendered":"<p>Nyckelring \u2013 svart elgitarr SGK-0031 &nbsp;&nbsp;Produktinformation:&nbsp;L\u00e4ngd 8,5 cm x bredd 2,5 cm x 0,5 cm L\u00e4ngd med kedja 12,5 cm Tillverkad av tr\u00e4&nbsp;<\/p>\n","protected":false},"featured_media":44884,"comment_status":"open","ping_status":"closed","template":"","meta":[],"product_brand":[],"product_cat":[33],"product_tag":[],"class_list":{"0":"post-17530","1":"product","2":"type-product","3":"status-publish","4":"has-post-thumbnail","6":"product_cat-okategoriserad","8":"first","9":"instock","10":"shipping-taxable","11":"purchasable","12":"product-type-simple"},"_links":{"self":[{"href":"https:\/\/nordicmart.andreevmaster.com\/sv\/wp-json\/wp\/v2\/product\/17530","targetHints":{"allow":["GET"]}}],"collection":[{"href":"https:\/\/nordicmart.andreevmaster.com\/sv\/wp-json\/wp\/v2\/product"}],"about":[{"href":"https:\/\/nordicmart.andreevmaster.com\/sv\/wp-json\/wp\/v2\/types\/product"}],"replies":[{"embeddable":true,"href":"https:\/\/nordicmart.andreevmaster.com\/sv\/wp-json\/wp\/v2\/comments?post=17530"}],"wp:featuredmedia":[{"embeddable":true,"href":"https:\/\/nordicmart.andreevmaster.com\/sv\/wp-json\/wp\/v2\/media\/44884"}],"wp:attachment":[{"href":"https:\/\/nordicmart.andreevmaster.com\/sv\/wp-json\/wp\/v2\/media?parent=17530"}],"wp:term":[{"taxonomy":"product_brand","embeddable":true,"href":"https:\/\/nordicmart.andreevmaster.com\/sv\/wp-json\/wp\/v2\/product_brand?post=17530"},{"taxonomy":"product_cat","embeddable":true,"href":"https:\/\/nordicmart.andreevmaster.com\/sv\/wp-json\/wp\/v2\/product_cat?post=17530"},{"taxonomy":"product_tag","embeddable":true,"href":"https:\/\/nordicmart.andreevmaster.com\/sv\/wp-json\/wp\/v2\/product_tag?post=17530"}],"curies":[{"name":"wp","href":"https:\/\/api.w.org\/{rel}","templated":true}]}}