{"id":17529,"date":"2026-02-27T00:35:26","date_gmt":"2026-02-27T00:35:26","guid":{"rendered":"https:\/\/nordicmart.andreevmaster.com\/product\/elegant-penna-och-miniraknare-i-tralada-g133h\/"},"modified":"2026-02-27T08:25:00","modified_gmt":"2026-02-27T08:25:00","slug":"elegant-penna-och-miniraknare-i-tralada-g133h","status":"publish","type":"product","link":"https:\/\/nordicmart.andreevmaster.com\/sv\/produkt\/elegant-penna-och-miniraknare-i-tralada-g133h\/","title":{"rendered":"Elegant penna och minir\u00e4knare i tr\u00e4l\u00e5da | G133H"},"content":{"rendered":"<p>Elegant penna och minir\u00e4knare i tr\u00e4l\u00e5da | G133H&nbsp;Vi presenterar ett elegant set som inneh\u00e5ller: en penna och en minir\u00e4knare i en vacker tr\u00e4l\u00e5da med kr\u00e4mf\u00e4rgad insats. L\u00e5dans ovansida \u00e4r halvcirkelformad, vilket ger detta set en unik karakt\u00e4r.&nbsp;M\u00e5tt: &nbsp;210 x 120 x 40 mm&nbsp;&nbsp;En fantastisk present! Perfekt f\u00f6r skrivbordet hos din chef eller n\u00e5gon du \u00e4lskar.&nbsp;<\/p>\n","protected":false},"excerpt":{"rendered":"<p>Elegant penna och minir\u00e4knare i tr\u00e4l\u00e5da | G133H&nbsp;Vi presenterar ett elegant set som inneh\u00e5ller: en penna och en minir\u00e4knare i en vacker tr\u00e4l\u00e5da med kr\u00e4mf\u00e4rgad insats. L\u00e5dans ovansida \u00e4r halvcirkelformad, vilket ger detta set en unik karakt\u00e4r.&nbsp;M\u00e5tt: &nbsp;210 x 120 x 40 mm&nbsp;&nbsp;En fantastisk present! Perfekt f\u00f6r skrivbordet hos din chef eller n\u00e5gon du \u00e4lskar.&nbsp;<\/p>\n","protected":false},"featured_media":44883,"comment_status":"open","ping_status":"closed","template":"","meta":[],"product_brand":[],"product_cat":[33],"product_tag":[],"class_list":{"0":"post-17529","1":"product","2":"type-product","3":"status-publish","4":"has-post-thumbnail","6":"product_cat-okategoriserad","8":"first","9":"instock","10":"shipping-taxable","11":"purchasable","12":"product-type-simple"},"_links":{"self":[{"href":"https:\/\/nordicmart.andreevmaster.com\/sv\/wp-json\/wp\/v2\/product\/17529","targetHints":{"allow":["GET"]}}],"collection":[{"href":"https:\/\/nordicmart.andreevmaster.com\/sv\/wp-json\/wp\/v2\/product"}],"about":[{"href":"https:\/\/nordicmart.andreevmaster.com\/sv\/wp-json\/wp\/v2\/types\/product"}],"replies":[{"embeddable":true,"href":"https:\/\/nordicmart.andreevmaster.com\/sv\/wp-json\/wp\/v2\/comments?post=17529"}],"wp:featuredmedia":[{"embeddable":true,"href":"https:\/\/nordicmart.andreevmaster.com\/sv\/wp-json\/wp\/v2\/media\/44883"}],"wp:attachment":[{"href":"https:\/\/nordicmart.andreevmaster.com\/sv\/wp-json\/wp\/v2\/media?parent=17529"}],"wp:term":[{"taxonomy":"product_brand","embeddable":true,"href":"https:\/\/nordicmart.andreevmaster.com\/sv\/wp-json\/wp\/v2\/product_brand?post=17529"},{"taxonomy":"product_cat","embeddable":true,"href":"https:\/\/nordicmart.andreevmaster.com\/sv\/wp-json\/wp\/v2\/product_cat?post=17529"},{"taxonomy":"product_tag","embeddable":true,"href":"https:\/\/nordicmart.andreevmaster.com\/sv\/wp-json\/wp\/v2\/product_tag?post=17529"}],"curies":[{"name":"wp","href":"https:\/\/api.w.org\/{rel}","templated":true}]}}