{"id":17528,"date":"2026-02-27T00:35:26","date_gmt":"2026-02-27T00:35:26","guid":{"rendered":"https:\/\/nordicmart.andreevmaster.com\/product\/exklusivt-schack-i-massing-staunton-28-x-28-cm-s32bla\/"},"modified":"2026-02-27T08:25:00","modified_gmt":"2026-02-27T08:25:00","slug":"exklusivt-schack-i-massing-staunton-28-x-28-cm-s32bla","status":"publish","type":"product","link":"https:\/\/nordicmart.andreevmaster.com\/sv\/produkt\/exklusivt-schack-i-massing-staunton-28-x-28-cm-s32bla\/","title":{"rendered":"Exklusivt schack i m\u00e4ssing \u2013 Staunton \u2013 28 x 28 cm \u2013 S32BLA"},"content":{"rendered":"<p>Exklusivt Staunton-schack 28 x 28 cm&nbsp;&nbsp;Produktinformation:&nbsp;Pj\u00e4ser och schackbr\u00e4de \u2013 m\u00e4ssingSchackbr\u00e4dets m\u00e5tt: 28 x 28 cmKungens h\u00f6jd: &nbsp;5 cmSetets vikt: 3,2 kgF\u00e4rger: vitt och svart rutm\u00f6nster, guldkant \u2013 handm\u00e5latGuld- och silverpj\u00e4ser&nbsp;Sir Howard Staunton ans\u00e5gs vara en av v\u00e4rldens b\u00e4sta schackspelare under 1800-talet. Han var inofficiell v\u00e4rldsm\u00e4stare fr\u00e5n 1843 till 1851 och \u00e4gnade sig inte bara \u00e5t det praktiska schackspelet. Han var ocks\u00e5 organisat\u00f6r av schacklivet, journalist och f\u00f6rfattare av schackhandb\u00f6cker, en erk\u00e4nd teoretiker inom schackspelet och skapade regler f\u00f6r sj\u00e4lva spelet och hur det ska spelas. Fr\u00e5n 1845 redigerade han en schackkolumn i tidningen Illustrated London News under de f\u00f6ljande 29 \u00e5ren och blev v\u00e4rldens mest inflytelserika schackkolumnist. 1847 publicerade han Chess-Player&#8217;s Handbook, den mest k\u00e4nda av hans schackboksserier. 1849 signerade Staunton en upps\u00e4ttning schackl\u00f6pare, designade av Nathaniel Cook och tillverkade av John Jaques. Han rekommenderade pj\u00e4serna i sin schacktidning. Deras form har blivit det mest popul\u00e4ra m\u00f6nstret f\u00f6r schackpj\u00e4ser i v\u00e4rlden och anv\u00e4nds fortfarande idag vid de flesta schackturneringar.&nbsp;Handgjord finish av h\u00f6gsta kvalitet. Schackpj\u00e4serna \u00e4r f\u00f6rpackade i en vacker, lyxig tr\u00e4l\u00e5da. Inuti finns ett omsorgsfullt tillverkat formgjutet fack f\u00f6r att ordna och f\u00f6rvara pj\u00e4serna p\u00e5 ett s\u00e4kert s\u00e4tt. L\u00e5dan skyddas av en dekorativ svart och guldf\u00e4rgad kartong. En produkt av h\u00f6gsta exklusivitet, en vacker g\u00e5va. En present till en schackspelare, en vacker dekorativ prydnad. Tillverkad i Grekland av det renommade f\u00f6retaget Manopoulos med \u00e5rtionden av tillverkningstradition. Manopoulos schackpj\u00e4ser \u00e4r erk\u00e4nda v\u00e4rlden \u00f6ver som sm\u00e5 konstverk. &nbsp;<\/p>\n","protected":false},"excerpt":{"rendered":"<p>Exklusivt Staunton-schack 28 x 28 cm&nbsp;&nbsp;Produktinformation:&nbsp;Pj\u00e4ser och schackbr\u00e4de \u2013 m\u00e4ssingSchackbr\u00e4dets m\u00e5tt: 28 x 28 cmKungens h\u00f6jd: &nbsp;5 cmSetets vikt: 3,2 kgF\u00e4rger: vitt och svart rutm\u00f6nster, guldkant \u2013 handm\u00e5latGuld- och silverpj\u00e4ser&nbsp;Sir Howard Staunton ans\u00e5gs vara en av v\u00e4rldens b\u00e4sta schackspelare under 1800-talet. Han var inofficiell v\u00e4rldsm\u00e4stare fr\u00e5n 1843 till 1851 och \u00e4gnade sig inte bara \u00e5t [&hellip;]<\/p>\n","protected":false},"featured_media":44882,"comment_status":"open","ping_status":"closed","template":"","meta":[],"product_brand":[],"product_cat":[33],"product_tag":[],"class_list":{"0":"post-17528","1":"product","2":"type-product","3":"status-publish","4":"has-post-thumbnail","6":"product_cat-okategoriserad","8":"first","9":"instock","10":"shipping-taxable","11":"purchasable","12":"product-type-simple"},"_links":{"self":[{"href":"https:\/\/nordicmart.andreevmaster.com\/sv\/wp-json\/wp\/v2\/product\/17528","targetHints":{"allow":["GET"]}}],"collection":[{"href":"https:\/\/nordicmart.andreevmaster.com\/sv\/wp-json\/wp\/v2\/product"}],"about":[{"href":"https:\/\/nordicmart.andreevmaster.com\/sv\/wp-json\/wp\/v2\/types\/product"}],"replies":[{"embeddable":true,"href":"https:\/\/nordicmart.andreevmaster.com\/sv\/wp-json\/wp\/v2\/comments?post=17528"}],"wp:featuredmedia":[{"embeddable":true,"href":"https:\/\/nordicmart.andreevmaster.com\/sv\/wp-json\/wp\/v2\/media\/44882"}],"wp:attachment":[{"href":"https:\/\/nordicmart.andreevmaster.com\/sv\/wp-json\/wp\/v2\/media?parent=17528"}],"wp:term":[{"taxonomy":"product_brand","embeddable":true,"href":"https:\/\/nordicmart.andreevmaster.com\/sv\/wp-json\/wp\/v2\/product_brand?post=17528"},{"taxonomy":"product_cat","embeddable":true,"href":"https:\/\/nordicmart.andreevmaster.com\/sv\/wp-json\/wp\/v2\/product_cat?post=17528"},{"taxonomy":"product_tag","embeddable":true,"href":"https:\/\/nordicmart.andreevmaster.com\/sv\/wp-json\/wp\/v2\/product_tag?post=17528"}],"curies":[{"name":"wp","href":"https:\/\/api.w.org\/{rel}","templated":true}]}}