{"id":17527,"date":"2026-02-27T00:35:26","date_gmt":"2026-02-27T00:35:26","guid":{"rendered":"https:\/\/nordicmart.andreevmaster.com\/product\/dekorativ-glob-i-traram-glb-40\/"},"modified":"2026-02-27T08:24:59","modified_gmt":"2026-02-27T08:24:59","slug":"dekorativ-glob-i-traram-glb-40","status":"publish","type":"product","link":"https:\/\/nordicmart.andreevmaster.com\/sv\/produkt\/dekorativ-glob-i-traram-glb-40\/","title":{"rendered":"Dekorativ glob i tr\u00e4ram \u2013 GLB-40"},"content":{"rendered":"<p>Dekorativ glob i tr\u00e4ram \u2013 GLB-40&nbsp;&nbsp;Den originella dekorativa globen i tr\u00e4ram \u00e4r ett alternativ till traditionella globar. Globen i ramen \u00e4r en intressant dekoration som ger rummet ett v\u00e4rldsligt utseende. De d\u00e4mpade men varma f\u00e4rgerna p\u00e5 ramen och globen sm\u00e4lter perfekt in i moderna rum och bidrar till deras mysighet. &nbsp;Globen i tr\u00e4ramen kommer att tilltala fans av ovanlig design, resen\u00e4rer och geografer. &nbsp;Denna glob hj\u00e4lper dig att planera din n\u00e4sta ovanliga resa till n\u00e5gon av v\u00e4rldens \u00e4ndar. &nbsp;&nbsp;Produktinformation:&nbsp;Material: plastRam: tr\u00e4 Karta: bl\u00e5 och gula, n\u00e5got d\u00e4mpade f\u00e4rgerGeografiska namn p\u00e5 engelska M\u00e5tt: Globens diameter \u2013 15 cm x Ram \u2013 24 cm&nbsp;<\/p>\n","protected":false},"excerpt":{"rendered":"<p>Dekorativ glob i tr\u00e4ram \u2013 GLB-40&nbsp;&nbsp;Den originella dekorativa globen i tr\u00e4ram \u00e4r ett alternativ till traditionella globar. Globen i ramen \u00e4r en intressant dekoration som ger rummet ett v\u00e4rldsligt utseende. De d\u00e4mpade men varma f\u00e4rgerna p\u00e5 ramen och globen sm\u00e4lter perfekt in i moderna rum och bidrar till deras mysighet. &nbsp;Globen i tr\u00e4ramen kommer att [&hellip;]<\/p>\n","protected":false},"featured_media":44881,"comment_status":"open","ping_status":"closed","template":"","meta":[],"product_brand":[],"product_cat":[33],"product_tag":[],"class_list":{"0":"post-17527","1":"product","2":"type-product","3":"status-publish","4":"has-post-thumbnail","6":"product_cat-okategoriserad","8":"first","9":"instock","10":"shipping-taxable","11":"purchasable","12":"product-type-simple"},"_links":{"self":[{"href":"https:\/\/nordicmart.andreevmaster.com\/sv\/wp-json\/wp\/v2\/product\/17527","targetHints":{"allow":["GET"]}}],"collection":[{"href":"https:\/\/nordicmart.andreevmaster.com\/sv\/wp-json\/wp\/v2\/product"}],"about":[{"href":"https:\/\/nordicmart.andreevmaster.com\/sv\/wp-json\/wp\/v2\/types\/product"}],"replies":[{"embeddable":true,"href":"https:\/\/nordicmart.andreevmaster.com\/sv\/wp-json\/wp\/v2\/comments?post=17527"}],"wp:featuredmedia":[{"embeddable":true,"href":"https:\/\/nordicmart.andreevmaster.com\/sv\/wp-json\/wp\/v2\/media\/44881"}],"wp:attachment":[{"href":"https:\/\/nordicmart.andreevmaster.com\/sv\/wp-json\/wp\/v2\/media?parent=17527"}],"wp:term":[{"taxonomy":"product_brand","embeddable":true,"href":"https:\/\/nordicmart.andreevmaster.com\/sv\/wp-json\/wp\/v2\/product_brand?post=17527"},{"taxonomy":"product_cat","embeddable":true,"href":"https:\/\/nordicmart.andreevmaster.com\/sv\/wp-json\/wp\/v2\/product_cat?post=17527"},{"taxonomy":"product_tag","embeddable":true,"href":"https:\/\/nordicmart.andreevmaster.com\/sv\/wp-json\/wp\/v2\/product_tag?post=17527"}],"curies":[{"name":"wp","href":"https:\/\/api.w.org\/{rel}","templated":true}]}}