{"id":17526,"date":"2026-02-27T00:35:25","date_gmt":"2026-02-27T00:35:25","guid":{"rendered":"https:\/\/nordicmart.andreevmaster.com\/product\/voyager-dekorativ-glob-pa-marmor-och-trabas-glb-108\/"},"modified":"2026-02-27T08:24:59","modified_gmt":"2026-02-27T08:24:59","slug":"voyager-dekorativ-glob-pa-marmor-och-trabas-glb-108","status":"publish","type":"product","link":"https:\/\/nordicmart.andreevmaster.com\/sv\/produkt\/voyager-dekorativ-glob-pa-marmor-och-trabas-glb-108\/","title":{"rendered":"Voyager dekorativ glob p\u00e5 marmor- och tr\u00e4bas &#8211; GLB-108"},"content":{"rendered":"<p>Voyager dekorativ glob p\u00e5 marmor- och tr\u00e4bas &#8211; GLB-108&nbsp;&nbsp;Voyager dekorativ glob p\u00e5 marmor- och tr\u00e4bas tar dig till de mest avl\u00e4gsna h\u00f6rnen av v\u00e4rlden. Dessutom kommer den att dekorera din l\u00e4genhet vackert och fylla den med en globetrottande atmosf\u00e4r. Den dekorativa globen \u00e4r en elegant dekoration f\u00f6r vardagsrummet, sovrummet och kontoret, som passar perfekt i l\u00e4genheten hos en resen\u00e4r. &nbsp;Globens karta med en dominans av vitt (hav) kontrasterar perfekt mot tr\u00e4elementen i basen. Den originella ramen g\u00f6r att globen ser elegant och estetiskt tilltalande ut. &nbsp;&nbsp;Produktinformation:&nbsp;Material: plastKarta: vitdominerande, f\u00e4rgade kontinenterGeografiska namn p\u00e5 engelska Handtag: tr\u00e4Sockel: marmor och tr\u00e4M\u00e5tt: diameter &#8211; 15 cm, sockelns diameter &#8211; 11 cm, h\u00f6jd &#8211; 32 cm&nbsp;<\/p>\n","protected":false},"excerpt":{"rendered":"<p>Voyager dekorativ glob p\u00e5 marmor- och tr\u00e4bas &#8211; GLB-108&nbsp;&nbsp;Voyager dekorativ glob p\u00e5 marmor- och tr\u00e4bas tar dig till de mest avl\u00e4gsna h\u00f6rnen av v\u00e4rlden. Dessutom kommer den att dekorera din l\u00e4genhet vackert och fylla den med en globetrottande atmosf\u00e4r. Den dekorativa globen \u00e4r en elegant dekoration f\u00f6r vardagsrummet, sovrummet och kontoret, som passar perfekt i [&hellip;]<\/p>\n","protected":false},"featured_media":44880,"comment_status":"open","ping_status":"closed","template":"","meta":[],"product_brand":[],"product_cat":[33],"product_tag":[],"class_list":{"0":"post-17526","1":"product","2":"type-product","3":"status-publish","4":"has-post-thumbnail","6":"product_cat-okategoriserad","8":"first","9":"instock","10":"shipping-taxable","11":"purchasable","12":"product-type-simple"},"_links":{"self":[{"href":"https:\/\/nordicmart.andreevmaster.com\/sv\/wp-json\/wp\/v2\/product\/17526","targetHints":{"allow":["GET"]}}],"collection":[{"href":"https:\/\/nordicmart.andreevmaster.com\/sv\/wp-json\/wp\/v2\/product"}],"about":[{"href":"https:\/\/nordicmart.andreevmaster.com\/sv\/wp-json\/wp\/v2\/types\/product"}],"replies":[{"embeddable":true,"href":"https:\/\/nordicmart.andreevmaster.com\/sv\/wp-json\/wp\/v2\/comments?post=17526"}],"wp:featuredmedia":[{"embeddable":true,"href":"https:\/\/nordicmart.andreevmaster.com\/sv\/wp-json\/wp\/v2\/media\/44880"}],"wp:attachment":[{"href":"https:\/\/nordicmart.andreevmaster.com\/sv\/wp-json\/wp\/v2\/media?parent=17526"}],"wp:term":[{"taxonomy":"product_brand","embeddable":true,"href":"https:\/\/nordicmart.andreevmaster.com\/sv\/wp-json\/wp\/v2\/product_brand?post=17526"},{"taxonomy":"product_cat","embeddable":true,"href":"https:\/\/nordicmart.andreevmaster.com\/sv\/wp-json\/wp\/v2\/product_cat?post=17526"},{"taxonomy":"product_tag","embeddable":true,"href":"https:\/\/nordicmart.andreevmaster.com\/sv\/wp-json\/wp\/v2\/product_tag?post=17526"}],"curies":[{"name":"wp","href":"https:\/\/api.w.org\/{rel}","templated":true}]}}