{"id":17525,"date":"2026-02-27T00:35:25","date_gmt":"2026-02-27T00:35:25","guid":{"rendered":"https:\/\/nordicmart.andreevmaster.com\/product\/retrokompass-i-massing-i-laderfodral-c0006\/"},"modified":"2026-02-27T08:24:59","modified_gmt":"2026-02-27T08:24:59","slug":"retrokompass-i-massing-i-laderfodral-c0006","status":"publish","type":"product","link":"https:\/\/nordicmart.andreevmaster.com\/sv\/produkt\/retrokompass-i-massing-i-laderfodral-c0006\/","title":{"rendered":"Retrokompass i m\u00e4ssing i l\u00e4derfodral \u2013 C0006"},"content":{"rendered":"<p>Retrokompass i m\u00e4ssing i l\u00e4derfodral \u2013 C0006&nbsp;&nbsp;&nbsp;Retrokompass i m\u00e4ssing i l\u00e4derfodral kommer att stj\u00e4la hj\u00e4rtat hos alla som \u00e4lskar ber\u00e4ttelser om stora geografiska uppt\u00e4ckter, resen\u00e4rer och fans av vintagestil. Kompassen \u00e4r fullt fungerande och kommer d\u00e4rf\u00f6r v\u00e4l till pass under vandringar, scoututflykter och expeditioner till det ok\u00e4nda. Kompassen med m\u00e4ssingsram \u00e4r special\u00e5ldrad f\u00f6r att ge den ett utseende fr\u00e5n en annan tid. Kompassen har en magnetisk n\u00e5ll\u00e5sning och ett h\u00e4nge som g\u00f6r att du kan f\u00e4sta den i en kedja. Kompassen \u00e4r f\u00f6rpackad i ett l\u00e4derfodral f\u00f6r att skydda den fr\u00e5n repor. &nbsp;&nbsp;&nbsp;Produktinformation:&nbsp;&#8211; Material: m\u00e4ssing, glas- F\u00e4rg: m\u00e4ssing, brun- M\u00e5tt: kompassens diameter &#8211; 5,5 cm- Magnetisk n\u00e5ll\u00e5s- H\u00e4nge &#8211; L\u00e4derfodral (7,5 x 7 x 3 cm)- Ytbehandling: retro&nbsp;<\/p>\n","protected":false},"excerpt":{"rendered":"<p>Retrokompass i m\u00e4ssing i l\u00e4derfodral \u2013 C0006&nbsp;&nbsp;&nbsp;Retrokompass i m\u00e4ssing i l\u00e4derfodral kommer att stj\u00e4la hj\u00e4rtat hos alla som \u00e4lskar ber\u00e4ttelser om stora geografiska uppt\u00e4ckter, resen\u00e4rer och fans av vintagestil. Kompassen \u00e4r fullt fungerande och kommer d\u00e4rf\u00f6r v\u00e4l till pass under vandringar, scoututflykter och expeditioner till det ok\u00e4nda. Kompassen med m\u00e4ssingsram \u00e4r special\u00e5ldrad f\u00f6r att ge [&hellip;]<\/p>\n","protected":false},"featured_media":44879,"comment_status":"open","ping_status":"closed","template":"","meta":[],"product_brand":[],"product_cat":[33],"product_tag":[],"class_list":{"0":"post-17525","1":"product","2":"type-product","3":"status-publish","4":"has-post-thumbnail","6":"product_cat-okategoriserad","8":"first","9":"instock","10":"shipping-taxable","11":"purchasable","12":"product-type-simple"},"_links":{"self":[{"href":"https:\/\/nordicmart.andreevmaster.com\/sv\/wp-json\/wp\/v2\/product\/17525","targetHints":{"allow":["GET"]}}],"collection":[{"href":"https:\/\/nordicmart.andreevmaster.com\/sv\/wp-json\/wp\/v2\/product"}],"about":[{"href":"https:\/\/nordicmart.andreevmaster.com\/sv\/wp-json\/wp\/v2\/types\/product"}],"replies":[{"embeddable":true,"href":"https:\/\/nordicmart.andreevmaster.com\/sv\/wp-json\/wp\/v2\/comments?post=17525"}],"wp:featuredmedia":[{"embeddable":true,"href":"https:\/\/nordicmart.andreevmaster.com\/sv\/wp-json\/wp\/v2\/media\/44879"}],"wp:attachment":[{"href":"https:\/\/nordicmart.andreevmaster.com\/sv\/wp-json\/wp\/v2\/media?parent=17525"}],"wp:term":[{"taxonomy":"product_brand","embeddable":true,"href":"https:\/\/nordicmart.andreevmaster.com\/sv\/wp-json\/wp\/v2\/product_brand?post=17525"},{"taxonomy":"product_cat","embeddable":true,"href":"https:\/\/nordicmart.andreevmaster.com\/sv\/wp-json\/wp\/v2\/product_cat?post=17525"},{"taxonomy":"product_tag","embeddable":true,"href":"https:\/\/nordicmart.andreevmaster.com\/sv\/wp-json\/wp\/v2\/product_tag?post=17525"}],"curies":[{"name":"wp","href":"https:\/\/api.w.org\/{rel}","templated":true}]}}