{"id":17524,"date":"2026-02-27T00:35:25","date_gmt":"2026-02-27T00:35:25","guid":{"rendered":"https:\/\/nordicmart.andreevmaster.com\/product\/forstoringsglas-i-laderfodral-c-60\/"},"modified":"2026-02-27T08:24:59","modified_gmt":"2026-02-27T08:24:59","slug":"forstoringsglas-i-laderfodral-c-60","status":"publish","type":"product","link":"https:\/\/nordicmart.andreevmaster.com\/sv\/produkt\/forstoringsglas-i-laderfodral-c-60\/","title":{"rendered":"F\u00f6rstoringsglas i l\u00e4derfodral \u2013 C-60"},"content":{"rendered":"<p>F\u00f6rstoringsglas i l\u00e4derfodral \u2013 C-60&nbsp;&nbsp;Resemagnifier som du kan ta med dig \u00f6verallt. F\u00e4llbart, kompakt l\u00e4sf\u00f6rstoringsglas som l\u00e4tt f\u00e5r plats i handv\u00e4skan eller ryggs\u00e4cken. L\u00e4derfodralet skyddar f\u00f6rstoringsglaset fr\u00e5n att g\u00e5 s\u00f6nder eller repas, s\u00e5 att du kan ta med det \u00f6verallt utan att beh\u00f6va oroa dig. &nbsp;Resemagnifier \u00e4r en perfekt present till mormor eller morfar. Frim\u00e4rkssamlare och numismatiker kommer ocks\u00e5 att uppskatta en s\u00e5dan present. &nbsp;&nbsp;Information:&nbsp;F\u00f6rstoring: 3,5xMaterial: m\u00e4ssingFodralets f\u00e4rg: m\u00f6rkbrunM\u00e5tt: 17,5 x 5,5 x 1,5 cmFodral: l\u00e4deretui \u2013 m\u00e5tt: 10 x 6,5 x 3 cmHopf\u00e4llbar f\u00f6rstoringsglas&nbsp;&nbsp;&nbsp;<\/p>\n","protected":false},"excerpt":{"rendered":"<p>F\u00f6rstoringsglas i l\u00e4derfodral \u2013 C-60&nbsp;&nbsp;Resemagnifier som du kan ta med dig \u00f6verallt. F\u00e4llbart, kompakt l\u00e4sf\u00f6rstoringsglas som l\u00e4tt f\u00e5r plats i handv\u00e4skan eller ryggs\u00e4cken. L\u00e4derfodralet skyddar f\u00f6rstoringsglaset fr\u00e5n att g\u00e5 s\u00f6nder eller repas, s\u00e5 att du kan ta med det \u00f6verallt utan att beh\u00f6va oroa dig. &nbsp;Resemagnifier \u00e4r en perfekt present till mormor eller morfar. Frim\u00e4rkssamlare [&hellip;]<\/p>\n","protected":false},"featured_media":44878,"comment_status":"open","ping_status":"closed","template":"","meta":[],"product_brand":[],"product_cat":[33],"product_tag":[],"class_list":{"0":"post-17524","1":"product","2":"type-product","3":"status-publish","4":"has-post-thumbnail","6":"product_cat-okategoriserad","8":"first","9":"instock","10":"shipping-taxable","11":"purchasable","12":"product-type-simple"},"_links":{"self":[{"href":"https:\/\/nordicmart.andreevmaster.com\/sv\/wp-json\/wp\/v2\/product\/17524","targetHints":{"allow":["GET"]}}],"collection":[{"href":"https:\/\/nordicmart.andreevmaster.com\/sv\/wp-json\/wp\/v2\/product"}],"about":[{"href":"https:\/\/nordicmart.andreevmaster.com\/sv\/wp-json\/wp\/v2\/types\/product"}],"replies":[{"embeddable":true,"href":"https:\/\/nordicmart.andreevmaster.com\/sv\/wp-json\/wp\/v2\/comments?post=17524"}],"wp:featuredmedia":[{"embeddable":true,"href":"https:\/\/nordicmart.andreevmaster.com\/sv\/wp-json\/wp\/v2\/media\/44878"}],"wp:attachment":[{"href":"https:\/\/nordicmart.andreevmaster.com\/sv\/wp-json\/wp\/v2\/media?parent=17524"}],"wp:term":[{"taxonomy":"product_brand","embeddable":true,"href":"https:\/\/nordicmart.andreevmaster.com\/sv\/wp-json\/wp\/v2\/product_brand?post=17524"},{"taxonomy":"product_cat","embeddable":true,"href":"https:\/\/nordicmart.andreevmaster.com\/sv\/wp-json\/wp\/v2\/product_cat?post=17524"},{"taxonomy":"product_tag","embeddable":true,"href":"https:\/\/nordicmart.andreevmaster.com\/sv\/wp-json\/wp\/v2\/product_tag?post=17524"}],"curies":[{"name":"wp","href":"https:\/\/api.w.org\/{rel}","templated":true}]}}