{"id":17523,"date":"2026-02-27T00:35:25","date_gmt":"2026-02-27T00:35:25","guid":{"rendered":"https:\/\/nordicmart.andreevmaster.com\/product\/nyckelring-med-skiftnyckel-krt30\/"},"modified":"2026-02-27T08:24:59","modified_gmt":"2026-02-27T08:24:59","slug":"nyckelring-med-skiftnyckel-krt30","status":"publish","type":"product","link":"https:\/\/nordicmart.andreevmaster.com\/sv\/produkt\/nyckelring-med-skiftnyckel-krt30\/","title":{"rendered":"Nyckelring med skiftnyckel &#8211; KRT30"},"content":{"rendered":"<p>Nyckelring med skiftnyckel &#8211; KRT30&nbsp;&nbsp;Den franska skiftnyckeln \u00e4r en perfekt liten present till en mekaniker, hantverkare eller r\u00f6rmokare. Detta verktyg \u00e4r oumb\u00e4rligt f\u00f6r dessa yrken, s\u00e5 dess miniatyrversion kommer garanterat att gl\u00e4dja mottagaren. Nyckelringen \u00e4r tillverkad av m\u00e4ssing. Den f\u00e4sts p\u00e5 nycklarna med en vridbar karbinhake.&nbsp;&nbsp;Information:&nbsp;Material: m\u00e4ssingF\u00e4rg: m\u00e4ssingKarabinhake som g\u00f6r det m\u00f6jligt att f\u00e4sta den p\u00e5 exempelvis nycklarM\u00e5tt: L\u00e4ngd p\u00e5 fransk skiftnyckel \u2013 6,5 cm. Skiftnyckel 7\/5 mm. Total l\u00e4ngd: 11,5 cm<\/p>\n","protected":false},"excerpt":{"rendered":"<p>Nyckelring med skiftnyckel &#8211; KRT30&nbsp;&nbsp;Den franska skiftnyckeln \u00e4r en perfekt liten present till en mekaniker, hantverkare eller r\u00f6rmokare. Detta verktyg \u00e4r oumb\u00e4rligt f\u00f6r dessa yrken, s\u00e5 dess miniatyrversion kommer garanterat att gl\u00e4dja mottagaren. Nyckelringen \u00e4r tillverkad av m\u00e4ssing. Den f\u00e4sts p\u00e5 nycklarna med en vridbar karbinhake.&nbsp;&nbsp;Information:&nbsp;Material: m\u00e4ssingF\u00e4rg: m\u00e4ssingKarabinhake som g\u00f6r det m\u00f6jligt att f\u00e4sta den [&hellip;]<\/p>\n","protected":false},"featured_media":44877,"comment_status":"open","ping_status":"closed","template":"","meta":[],"product_brand":[],"product_cat":[33],"product_tag":[],"class_list":{"0":"post-17523","1":"product","2":"type-product","3":"status-publish","4":"has-post-thumbnail","6":"product_cat-okategoriserad","8":"first","9":"instock","10":"shipping-taxable","11":"purchasable","12":"product-type-simple"},"_links":{"self":[{"href":"https:\/\/nordicmart.andreevmaster.com\/sv\/wp-json\/wp\/v2\/product\/17523","targetHints":{"allow":["GET"]}}],"collection":[{"href":"https:\/\/nordicmart.andreevmaster.com\/sv\/wp-json\/wp\/v2\/product"}],"about":[{"href":"https:\/\/nordicmart.andreevmaster.com\/sv\/wp-json\/wp\/v2\/types\/product"}],"replies":[{"embeddable":true,"href":"https:\/\/nordicmart.andreevmaster.com\/sv\/wp-json\/wp\/v2\/comments?post=17523"}],"wp:featuredmedia":[{"embeddable":true,"href":"https:\/\/nordicmart.andreevmaster.com\/sv\/wp-json\/wp\/v2\/media\/44877"}],"wp:attachment":[{"href":"https:\/\/nordicmart.andreevmaster.com\/sv\/wp-json\/wp\/v2\/media?parent=17523"}],"wp:term":[{"taxonomy":"product_brand","embeddable":true,"href":"https:\/\/nordicmart.andreevmaster.com\/sv\/wp-json\/wp\/v2\/product_brand?post=17523"},{"taxonomy":"product_cat","embeddable":true,"href":"https:\/\/nordicmart.andreevmaster.com\/sv\/wp-json\/wp\/v2\/product_cat?post=17523"},{"taxonomy":"product_tag","embeddable":true,"href":"https:\/\/nordicmart.andreevmaster.com\/sv\/wp-json\/wp\/v2\/product_tag?post=17523"}],"curies":[{"name":"wp","href":"https:\/\/api.w.org\/{rel}","templated":true}]}}