{"id":17522,"date":"2026-02-27T00:35:24","date_gmt":"2026-02-27T00:35:24","guid":{"rendered":"https:\/\/nordicmart.andreevmaster.com\/product\/nyckelring-spade-krt28\/"},"modified":"2026-02-27T08:24:58","modified_gmt":"2026-02-27T08:24:58","slug":"nyckelring-spade-krt28","status":"publish","type":"product","link":"https:\/\/nordicmart.andreevmaster.com\/sv\/produkt\/nyckelring-spade-krt28\/","title":{"rendered":"Nyckelring Spade &#8211; KRT28"},"content":{"rendered":"<p>Nyckelring Spade &#8211; KRT28&nbsp;&nbsp;Nyckelring Spade \u00e4r en id\u00e9 till en liten present till en tr\u00e4dg\u00e5rdsm\u00e4stare eller byggarbetare. De kommer inte att gr\u00e4va f\u00f6r djupa h\u00e5l med den, men de kommer att ha l\u00e4ttare att hitta sina nycklar i ryggs\u00e4cken. Nyckelringen \u00e4r tillverkad av h\u00e5llbart m\u00e4ssing. Den f\u00e4sts p\u00e5 nycklarna med en avtagbar karbinhake.&nbsp;&nbsp;Information:&nbsp;Material: m\u00e4ssingF\u00e4rg: m\u00e4ssingKarabinhake som g\u00f6r det m\u00f6jligt att f\u00e4sta den p\u00e5 till exempel nycklarM\u00e5tt: 5,8 x 1,5 cm. Total l\u00e4ngd 12 cm&nbsp;<\/p>\n","protected":false},"excerpt":{"rendered":"<p>Nyckelring Spade &#8211; KRT28&nbsp;&nbsp;Nyckelring Spade \u00e4r en id\u00e9 till en liten present till en tr\u00e4dg\u00e5rdsm\u00e4stare eller byggarbetare. De kommer inte att gr\u00e4va f\u00f6r djupa h\u00e5l med den, men de kommer att ha l\u00e4ttare att hitta sina nycklar i ryggs\u00e4cken. Nyckelringen \u00e4r tillverkad av h\u00e5llbart m\u00e4ssing. Den f\u00e4sts p\u00e5 nycklarna med en avtagbar karbinhake.&nbsp;&nbsp;Information:&nbsp;Material: m\u00e4ssingF\u00e4rg: m\u00e4ssingKarabinhake [&hellip;]<\/p>\n","protected":false},"featured_media":44876,"comment_status":"open","ping_status":"closed","template":"","meta":[],"product_brand":[],"product_cat":[33],"product_tag":[],"class_list":{"0":"post-17522","1":"product","2":"type-product","3":"status-publish","4":"has-post-thumbnail","6":"product_cat-okategoriserad","8":"first","9":"instock","10":"shipping-taxable","11":"purchasable","12":"product-type-simple"},"_links":{"self":[{"href":"https:\/\/nordicmart.andreevmaster.com\/sv\/wp-json\/wp\/v2\/product\/17522","targetHints":{"allow":["GET"]}}],"collection":[{"href":"https:\/\/nordicmart.andreevmaster.com\/sv\/wp-json\/wp\/v2\/product"}],"about":[{"href":"https:\/\/nordicmart.andreevmaster.com\/sv\/wp-json\/wp\/v2\/types\/product"}],"replies":[{"embeddable":true,"href":"https:\/\/nordicmart.andreevmaster.com\/sv\/wp-json\/wp\/v2\/comments?post=17522"}],"wp:featuredmedia":[{"embeddable":true,"href":"https:\/\/nordicmart.andreevmaster.com\/sv\/wp-json\/wp\/v2\/media\/44876"}],"wp:attachment":[{"href":"https:\/\/nordicmart.andreevmaster.com\/sv\/wp-json\/wp\/v2\/media?parent=17522"}],"wp:term":[{"taxonomy":"product_brand","embeddable":true,"href":"https:\/\/nordicmart.andreevmaster.com\/sv\/wp-json\/wp\/v2\/product_brand?post=17522"},{"taxonomy":"product_cat","embeddable":true,"href":"https:\/\/nordicmart.andreevmaster.com\/sv\/wp-json\/wp\/v2\/product_cat?post=17522"},{"taxonomy":"product_tag","embeddable":true,"href":"https:\/\/nordicmart.andreevmaster.com\/sv\/wp-json\/wp\/v2\/product_tag?post=17522"}],"curies":[{"name":"wp","href":"https:\/\/api.w.org\/{rel}","templated":true}]}}