{"id":17521,"date":"2026-02-27T00:35:24","date_gmt":"2026-02-27T00:35:24","guid":{"rendered":"https:\/\/nordicmart.andreevmaster.com\/product\/nyckelring-axe-krt27\/"},"modified":"2026-02-27T08:24:58","modified_gmt":"2026-02-27T08:24:58","slug":"nyckelring-axe-krt27","status":"publish","type":"product","link":"https:\/\/nordicmart.andreevmaster.com\/sv\/produkt\/nyckelring-axe-krt27\/","title":{"rendered":"Nyckelring Axe &#8211; KRT27"},"content":{"rendered":"<p>Nyckelring Axe &#8211; KRT27&nbsp;&nbsp;Nyckelringen Axe \u00e4r en perfekt present till en skogshuggare eller brandman. Nyckelringen \u00e4r tillverkad av h\u00e5llbart m\u00e4ssing. Den f\u00e4sts p\u00e5 nycklarna med en vridbar karbinhake.&nbsp;&nbsp;Information:&nbsp;Material: m\u00e4ssingF\u00e4rg: m\u00e4ssingKarabinhake som g\u00f6r att den kan f\u00e4stas p\u00e5 exempelvis nycklarM\u00e5tt: 5,7 x 2,3 cm. Total l\u00e4ngd: 11 cm<\/p>\n","protected":false},"excerpt":{"rendered":"<p>Nyckelring Axe &#8211; KRT27&nbsp;&nbsp;Nyckelringen Axe \u00e4r en perfekt present till en skogshuggare eller brandman. Nyckelringen \u00e4r tillverkad av h\u00e5llbart m\u00e4ssing. Den f\u00e4sts p\u00e5 nycklarna med en vridbar karbinhake.&nbsp;&nbsp;Information:&nbsp;Material: m\u00e4ssingF\u00e4rg: m\u00e4ssingKarabinhake som g\u00f6r att den kan f\u00e4stas p\u00e5 exempelvis nycklarM\u00e5tt: 5,7 x 2,3 cm. Total l\u00e4ngd: 11 cm<\/p>\n","protected":false},"featured_media":44875,"comment_status":"open","ping_status":"closed","template":"","meta":[],"product_brand":[],"product_cat":[33],"product_tag":[],"class_list":{"0":"post-17521","1":"product","2":"type-product","3":"status-publish","4":"has-post-thumbnail","6":"product_cat-okategoriserad","8":"first","9":"instock","10":"shipping-taxable","11":"purchasable","12":"product-type-simple"},"_links":{"self":[{"href":"https:\/\/nordicmart.andreevmaster.com\/sv\/wp-json\/wp\/v2\/product\/17521","targetHints":{"allow":["GET"]}}],"collection":[{"href":"https:\/\/nordicmart.andreevmaster.com\/sv\/wp-json\/wp\/v2\/product"}],"about":[{"href":"https:\/\/nordicmart.andreevmaster.com\/sv\/wp-json\/wp\/v2\/types\/product"}],"replies":[{"embeddable":true,"href":"https:\/\/nordicmart.andreevmaster.com\/sv\/wp-json\/wp\/v2\/comments?post=17521"}],"wp:featuredmedia":[{"embeddable":true,"href":"https:\/\/nordicmart.andreevmaster.com\/sv\/wp-json\/wp\/v2\/media\/44875"}],"wp:attachment":[{"href":"https:\/\/nordicmart.andreevmaster.com\/sv\/wp-json\/wp\/v2\/media?parent=17521"}],"wp:term":[{"taxonomy":"product_brand","embeddable":true,"href":"https:\/\/nordicmart.andreevmaster.com\/sv\/wp-json\/wp\/v2\/product_brand?post=17521"},{"taxonomy":"product_cat","embeddable":true,"href":"https:\/\/nordicmart.andreevmaster.com\/sv\/wp-json\/wp\/v2\/product_cat?post=17521"},{"taxonomy":"product_tag","embeddable":true,"href":"https:\/\/nordicmart.andreevmaster.com\/sv\/wp-json\/wp\/v2\/product_tag?post=17521"}],"curies":[{"name":"wp","href":"https:\/\/api.w.org\/{rel}","templated":true}]}}