{"id":17520,"date":"2026-02-27T00:35:24","date_gmt":"2026-02-27T00:35:24","guid":{"rendered":"https:\/\/nordicmart.andreevmaster.com\/product\/tangnyckelring-krt26\/"},"modified":"2026-02-27T08:24:58","modified_gmt":"2026-02-27T08:24:58","slug":"tangnyckelring-krt26","status":"publish","type":"product","link":"https:\/\/nordicmart.andreevmaster.com\/sv\/produkt\/tangnyckelring-krt26\/","title":{"rendered":"T\u00e5ngnyckelring \u2013 KRT26"},"content":{"rendered":"<p>T\u00e5ngnyckelring &#8211; KRT26&nbsp;&nbsp;T\u00e5ngnyckelringen \u00e4r en pryl som kommer att tilltala hantverkare, snickare och verktygssamlare. Den passar bra som present till en kille som inte kan sitta stilla hemma. T\u00e5ngnyckelringen \u00e4r tillverkad av m\u00e4ssing. T\u00e5ngen \u00e4r r\u00f6rlig. F\u00e4sts p\u00e5 nycklarna med en avtagbar karbinhake. &nbsp;&nbsp;Produktinformation:&nbsp;Material: m\u00e4ssingF\u00e4rger: m\u00e4ssingM\u00e5tt: 6 x 1,5 cm. Total l\u00e4ngd: 12 cm<\/p>\n","protected":false},"excerpt":{"rendered":"<p>T\u00e5ngnyckelring &#8211; KRT26&nbsp;&nbsp;T\u00e5ngnyckelringen \u00e4r en pryl som kommer att tilltala hantverkare, snickare och verktygssamlare. Den passar bra som present till en kille som inte kan sitta stilla hemma. T\u00e5ngnyckelringen \u00e4r tillverkad av m\u00e4ssing. T\u00e5ngen \u00e4r r\u00f6rlig. F\u00e4sts p\u00e5 nycklarna med en avtagbar karbinhake. &nbsp;&nbsp;Produktinformation:&nbsp;Material: m\u00e4ssingF\u00e4rger: m\u00e4ssingM\u00e5tt: 6 x 1,5 cm. Total l\u00e4ngd: 12 cm<\/p>\n","protected":false},"featured_media":44874,"comment_status":"open","ping_status":"closed","template":"","meta":[],"product_brand":[],"product_cat":[33],"product_tag":[],"class_list":{"0":"post-17520","1":"product","2":"type-product","3":"status-publish","4":"has-post-thumbnail","6":"product_cat-okategoriserad","8":"first","9":"instock","10":"shipping-taxable","11":"purchasable","12":"product-type-simple"},"_links":{"self":[{"href":"https:\/\/nordicmart.andreevmaster.com\/sv\/wp-json\/wp\/v2\/product\/17520","targetHints":{"allow":["GET"]}}],"collection":[{"href":"https:\/\/nordicmart.andreevmaster.com\/sv\/wp-json\/wp\/v2\/product"}],"about":[{"href":"https:\/\/nordicmart.andreevmaster.com\/sv\/wp-json\/wp\/v2\/types\/product"}],"replies":[{"embeddable":true,"href":"https:\/\/nordicmart.andreevmaster.com\/sv\/wp-json\/wp\/v2\/comments?post=17520"}],"wp:featuredmedia":[{"embeddable":true,"href":"https:\/\/nordicmart.andreevmaster.com\/sv\/wp-json\/wp\/v2\/media\/44874"}],"wp:attachment":[{"href":"https:\/\/nordicmart.andreevmaster.com\/sv\/wp-json\/wp\/v2\/media?parent=17520"}],"wp:term":[{"taxonomy":"product_brand","embeddable":true,"href":"https:\/\/nordicmart.andreevmaster.com\/sv\/wp-json\/wp\/v2\/product_brand?post=17520"},{"taxonomy":"product_cat","embeddable":true,"href":"https:\/\/nordicmart.andreevmaster.com\/sv\/wp-json\/wp\/v2\/product_cat?post=17520"},{"taxonomy":"product_tag","embeddable":true,"href":"https:\/\/nordicmart.andreevmaster.com\/sv\/wp-json\/wp\/v2\/product_tag?post=17520"}],"curies":[{"name":"wp","href":"https:\/\/api.w.org\/{rel}","templated":true}]}}