{"id":17518,"date":"2026-02-27T00:35:23","date_gmt":"2026-02-27T00:35:23","guid":{"rendered":"https:\/\/nordicmart.andreevmaster.com\/product\/globnyckelring-krt14\/"},"modified":"2026-02-27T08:24:58","modified_gmt":"2026-02-27T08:24:58","slug":"globnyckelring-krt14","status":"publish","type":"product","link":"https:\/\/nordicmart.andreevmaster.com\/sv\/produkt\/globnyckelring-krt14\/","title":{"rendered":"Globnyckelring &#8211; KRT14"},"content":{"rendered":"<p>Globnyckelring KRT14&nbsp;&nbsp;Nyckelring i form av en glob passar som present till en resen\u00e4r eller globetrotter. Den kan anv\u00e4ndas som pris i en geografit\u00e4vling eller som present till en geografil\u00e4rare. &nbsp;Globen \u00e4r tillverkad av plast, medan kedjan och karbinhaken \u00e4r tillverkade av m\u00e4ssing. Kartan \u00e4r svart med guldf\u00e4rgade kontinenter. F\u00e4sts p\u00e5 nycklarna med en avtagbar karbinhake. &nbsp;Information:&nbsp;Material: plast, m\u00e4ssing F\u00e4rg: svart, guldgul M\u00e5tt: diameter 3 cm, nyckelringens totala l\u00e4ngd 10 cm<\/p>\n","protected":false},"excerpt":{"rendered":"<p>Globnyckelring KRT14&nbsp;&nbsp;Nyckelring i form av en glob passar som present till en resen\u00e4r eller globetrotter. Den kan anv\u00e4ndas som pris i en geografit\u00e4vling eller som present till en geografil\u00e4rare. &nbsp;Globen \u00e4r tillverkad av plast, medan kedjan och karbinhaken \u00e4r tillverkade av m\u00e4ssing. Kartan \u00e4r svart med guldf\u00e4rgade kontinenter. F\u00e4sts p\u00e5 nycklarna med en avtagbar karbinhake. [&hellip;]<\/p>\n","protected":false},"featured_media":44872,"comment_status":"open","ping_status":"closed","template":"","meta":[],"product_brand":[],"product_cat":[33],"product_tag":[],"class_list":{"0":"post-17518","1":"product","2":"type-product","3":"status-publish","4":"has-post-thumbnail","6":"product_cat-okategoriserad","8":"first","9":"instock","10":"shipping-taxable","11":"purchasable","12":"product-type-simple"},"_links":{"self":[{"href":"https:\/\/nordicmart.andreevmaster.com\/sv\/wp-json\/wp\/v2\/product\/17518","targetHints":{"allow":["GET"]}}],"collection":[{"href":"https:\/\/nordicmart.andreevmaster.com\/sv\/wp-json\/wp\/v2\/product"}],"about":[{"href":"https:\/\/nordicmart.andreevmaster.com\/sv\/wp-json\/wp\/v2\/types\/product"}],"replies":[{"embeddable":true,"href":"https:\/\/nordicmart.andreevmaster.com\/sv\/wp-json\/wp\/v2\/comments?post=17518"}],"wp:featuredmedia":[{"embeddable":true,"href":"https:\/\/nordicmart.andreevmaster.com\/sv\/wp-json\/wp\/v2\/media\/44872"}],"wp:attachment":[{"href":"https:\/\/nordicmart.andreevmaster.com\/sv\/wp-json\/wp\/v2\/media?parent=17518"}],"wp:term":[{"taxonomy":"product_brand","embeddable":true,"href":"https:\/\/nordicmart.andreevmaster.com\/sv\/wp-json\/wp\/v2\/product_brand?post=17518"},{"taxonomy":"product_cat","embeddable":true,"href":"https:\/\/nordicmart.andreevmaster.com\/sv\/wp-json\/wp\/v2\/product_cat?post=17518"},{"taxonomy":"product_tag","embeddable":true,"href":"https:\/\/nordicmart.andreevmaster.com\/sv\/wp-json\/wp\/v2\/product_tag?post=17518"}],"curies":[{"name":"wp","href":"https:\/\/api.w.org\/{rel}","templated":true}]}}