{"id":17517,"date":"2026-02-27T00:35:23","date_gmt":"2026-02-27T00:35:23","guid":{"rendered":"https:\/\/nordicmart.andreevmaster.com\/product\/nyckelring-handvaska-krt10\/"},"modified":"2026-02-27T08:24:57","modified_gmt":"2026-02-27T08:24:57","slug":"nyckelring-handvaska-krt10","status":"publish","type":"product","link":"https:\/\/nordicmart.andreevmaster.com\/sv\/produkt\/nyckelring-handvaska-krt10\/","title":{"rendered":"Nyckelring Handv\u00e4ska &#8211; KRT10"},"content":{"rendered":"<p>Nyckelring Handv\u00e4ska &#8211; KRT10&nbsp;&nbsp;Nyckelring Ladies Handbag \u00e4r en perfekt liten present till mamma, moster eller mormor. En kvinnas handv\u00e4ska inneh\u00e5ller alltid allt, s\u00e5 den b\u00f6r inte sakna nycklar med en s\u00e5dan handv\u00e4skformad nyckelring. Tack vare nyckelringen blir det l\u00e4ttare att hitta dina nycklar. Tillverkad av h\u00e5llbart m\u00e4ssing. Den f\u00e4sts p\u00e5 nycklarna med en avtagbar karbinhake.&nbsp;&nbsp;Information:&nbsp;Material: m\u00e4ssingF\u00e4rg: m\u00e4ssingM\u00e5tt: 3 x 3,6 cm, nyckelringens totala l\u00e4ngd: 9 cm &nbsp;<\/p>\n","protected":false},"excerpt":{"rendered":"<p>Nyckelring Handv\u00e4ska &#8211; KRT10&nbsp;&nbsp;Nyckelring Ladies Handbag \u00e4r en perfekt liten present till mamma, moster eller mormor. En kvinnas handv\u00e4ska inneh\u00e5ller alltid allt, s\u00e5 den b\u00f6r inte sakna nycklar med en s\u00e5dan handv\u00e4skformad nyckelring. Tack vare nyckelringen blir det l\u00e4ttare att hitta dina nycklar. Tillverkad av h\u00e5llbart m\u00e4ssing. Den f\u00e4sts p\u00e5 nycklarna med en avtagbar karbinhake.&nbsp;&nbsp;Information:&nbsp;Material: [&hellip;]<\/p>\n","protected":false},"featured_media":44871,"comment_status":"open","ping_status":"closed","template":"","meta":[],"product_brand":[],"product_cat":[33],"product_tag":[],"class_list":{"0":"post-17517","1":"product","2":"type-product","3":"status-publish","4":"has-post-thumbnail","6":"product_cat-okategoriserad","8":"first","9":"instock","10":"shipping-taxable","11":"purchasable","12":"product-type-simple"},"_links":{"self":[{"href":"https:\/\/nordicmart.andreevmaster.com\/sv\/wp-json\/wp\/v2\/product\/17517","targetHints":{"allow":["GET"]}}],"collection":[{"href":"https:\/\/nordicmart.andreevmaster.com\/sv\/wp-json\/wp\/v2\/product"}],"about":[{"href":"https:\/\/nordicmart.andreevmaster.com\/sv\/wp-json\/wp\/v2\/types\/product"}],"replies":[{"embeddable":true,"href":"https:\/\/nordicmart.andreevmaster.com\/sv\/wp-json\/wp\/v2\/comments?post=17517"}],"wp:featuredmedia":[{"embeddable":true,"href":"https:\/\/nordicmart.andreevmaster.com\/sv\/wp-json\/wp\/v2\/media\/44871"}],"wp:attachment":[{"href":"https:\/\/nordicmart.andreevmaster.com\/sv\/wp-json\/wp\/v2\/media?parent=17517"}],"wp:term":[{"taxonomy":"product_brand","embeddable":true,"href":"https:\/\/nordicmart.andreevmaster.com\/sv\/wp-json\/wp\/v2\/product_brand?post=17517"},{"taxonomy":"product_cat","embeddable":true,"href":"https:\/\/nordicmart.andreevmaster.com\/sv\/wp-json\/wp\/v2\/product_cat?post=17517"},{"taxonomy":"product_tag","embeddable":true,"href":"https:\/\/nordicmart.andreevmaster.com\/sv\/wp-json\/wp\/v2\/product_tag?post=17517"}],"curies":[{"name":"wp","href":"https:\/\/api.w.org\/{rel}","templated":true}]}}