{"id":17516,"date":"2026-02-27T00:35:23","date_gmt":"2026-02-27T00:35:23","guid":{"rendered":"https:\/\/nordicmart.andreevmaster.com\/product\/nyckelring-sax-krt7\/"},"modified":"2026-02-27T08:24:57","modified_gmt":"2026-02-27T08:24:57","slug":"nyckelring-sax-krt7","status":"publish","type":"product","link":"https:\/\/nordicmart.andreevmaster.com\/sv\/produkt\/nyckelring-sax-krt7\/","title":{"rendered":"Nyckelring Sax &#8211; KRT7"},"content":{"rendered":"<p>Nyckelring Sax &#8211; KRT7&nbsp;&nbsp;Nyckelringen Sax \u00e4r en perfekt liten present till en fris\u00f6r eller till n\u00e5gon som anv\u00e4nder detta verktyg med otrolig skicklighet varje dag. Nyckelringen med sax \u00e4r tillverkad av h\u00e5llbart m\u00e4ssing. Den kan f\u00e4stas p\u00e5 nycklarna med en vridbar karbinhake. &nbsp;&nbsp;Information&nbsp;Material: m\u00e4ssing F\u00e4rg: m\u00e4ssing M\u00e5tt: 5 x 3,5 cm, nyckelringens totala l\u00e4ngd 12,5 cm<\/p>\n","protected":false},"excerpt":{"rendered":"<p>Nyckelring Sax &#8211; KRT7&nbsp;&nbsp;Nyckelringen Sax \u00e4r en perfekt liten present till en fris\u00f6r eller till n\u00e5gon som anv\u00e4nder detta verktyg med otrolig skicklighet varje dag. Nyckelringen med sax \u00e4r tillverkad av h\u00e5llbart m\u00e4ssing. Den kan f\u00e4stas p\u00e5 nycklarna med en vridbar karbinhake. &nbsp;&nbsp;Information&nbsp;Material: m\u00e4ssing F\u00e4rg: m\u00e4ssing M\u00e5tt: 5 x 3,5 cm, nyckelringens totala l\u00e4ngd 12,5 [&hellip;]<\/p>\n","protected":false},"featured_media":44870,"comment_status":"open","ping_status":"closed","template":"","meta":[],"product_brand":[],"product_cat":[33],"product_tag":[],"class_list":{"0":"post-17516","1":"product","2":"type-product","3":"status-publish","4":"has-post-thumbnail","6":"product_cat-okategoriserad","8":"first","9":"instock","10":"shipping-taxable","11":"purchasable","12":"product-type-simple"},"_links":{"self":[{"href":"https:\/\/nordicmart.andreevmaster.com\/sv\/wp-json\/wp\/v2\/product\/17516","targetHints":{"allow":["GET"]}}],"collection":[{"href":"https:\/\/nordicmart.andreevmaster.com\/sv\/wp-json\/wp\/v2\/product"}],"about":[{"href":"https:\/\/nordicmart.andreevmaster.com\/sv\/wp-json\/wp\/v2\/types\/product"}],"replies":[{"embeddable":true,"href":"https:\/\/nordicmart.andreevmaster.com\/sv\/wp-json\/wp\/v2\/comments?post=17516"}],"wp:featuredmedia":[{"embeddable":true,"href":"https:\/\/nordicmart.andreevmaster.com\/sv\/wp-json\/wp\/v2\/media\/44870"}],"wp:attachment":[{"href":"https:\/\/nordicmart.andreevmaster.com\/sv\/wp-json\/wp\/v2\/media?parent=17516"}],"wp:term":[{"taxonomy":"product_brand","embeddable":true,"href":"https:\/\/nordicmart.andreevmaster.com\/sv\/wp-json\/wp\/v2\/product_brand?post=17516"},{"taxonomy":"product_cat","embeddable":true,"href":"https:\/\/nordicmart.andreevmaster.com\/sv\/wp-json\/wp\/v2\/product_cat?post=17516"},{"taxonomy":"product_tag","embeddable":true,"href":"https:\/\/nordicmart.andreevmaster.com\/sv\/wp-json\/wp\/v2\/product_tag?post=17516"}],"curies":[{"name":"wp","href":"https:\/\/api.w.org\/{rel}","templated":true}]}}