{"id":17514,"date":"2026-02-27T00:35:22","date_gmt":"2026-02-27T00:35:22","guid":{"rendered":"https:\/\/nordicmart.andreevmaster.com\/product\/kitten-keyring-krt4-2\/"},"modified":"2026-02-27T08:24:57","modified_gmt":"2026-02-27T08:24:57","slug":"kitten-keyring-krt4-2","status":"publish","type":"product","link":"https:\/\/nordicmart.andreevmaster.com\/sv\/produkt\/kitten-keyring-krt4-2\/","title":{"rendered":"Kitten Keyring &#8211; KRT4"},"content":{"rendered":"<p>Kitten Keyring &#8211; KRT4&nbsp;&nbsp;Kitten Keyring \u00e4r en perfekt present till en katt\u00e4lskare, f\u00f6r vilken synen av kattungar alltid \u00e4r n\u00e5got hj\u00e4rtv\u00e4rmande. Keyring Kitten \u00e4r ocks\u00e5 ett subtilt uttryck f\u00f6r k\u00e4rlek till en \u00e4lskad person som du k\u00e4rleksfullt kallar din kattunge. &nbsp;&nbsp;Information:&nbsp;Tillverkningsmaterial: m\u00e4ssing F\u00e4rg: m\u00e4ssing, svart M\u00e5tt: 5 x 4 cm, total l\u00e4ngd p\u00e5 h\u00e4nget 11,5 cm<\/p>\n","protected":false},"excerpt":{"rendered":"<p>Kitten Keyring &#8211; KRT4&nbsp;&nbsp;Kitten Keyring \u00e4r en perfekt present till en katt\u00e4lskare, f\u00f6r vilken synen av kattungar alltid \u00e4r n\u00e5got hj\u00e4rtv\u00e4rmande. Keyring Kitten \u00e4r ocks\u00e5 ett subtilt uttryck f\u00f6r k\u00e4rlek till en \u00e4lskad person som du k\u00e4rleksfullt kallar din kattunge. &nbsp;&nbsp;Information:&nbsp;Tillverkningsmaterial: m\u00e4ssing F\u00e4rg: m\u00e4ssing, svart M\u00e5tt: 5 x 4 cm, total l\u00e4ngd p\u00e5 h\u00e4nget 11,5 [&hellip;]<\/p>\n","protected":false},"featured_media":44868,"comment_status":"open","ping_status":"closed","template":"","meta":[],"product_brand":[],"product_cat":[33],"product_tag":[],"class_list":{"0":"post-17514","1":"product","2":"type-product","3":"status-publish","4":"has-post-thumbnail","6":"product_cat-okategoriserad","8":"first","9":"instock","10":"shipping-taxable","11":"purchasable","12":"product-type-simple"},"_links":{"self":[{"href":"https:\/\/nordicmart.andreevmaster.com\/sv\/wp-json\/wp\/v2\/product\/17514","targetHints":{"allow":["GET"]}}],"collection":[{"href":"https:\/\/nordicmart.andreevmaster.com\/sv\/wp-json\/wp\/v2\/product"}],"about":[{"href":"https:\/\/nordicmart.andreevmaster.com\/sv\/wp-json\/wp\/v2\/types\/product"}],"replies":[{"embeddable":true,"href":"https:\/\/nordicmart.andreevmaster.com\/sv\/wp-json\/wp\/v2\/comments?post=17514"}],"wp:featuredmedia":[{"embeddable":true,"href":"https:\/\/nordicmart.andreevmaster.com\/sv\/wp-json\/wp\/v2\/media\/44868"}],"wp:attachment":[{"href":"https:\/\/nordicmart.andreevmaster.com\/sv\/wp-json\/wp\/v2\/media?parent=17514"}],"wp:term":[{"taxonomy":"product_brand","embeddable":true,"href":"https:\/\/nordicmart.andreevmaster.com\/sv\/wp-json\/wp\/v2\/product_brand?post=17514"},{"taxonomy":"product_cat","embeddable":true,"href":"https:\/\/nordicmart.andreevmaster.com\/sv\/wp-json\/wp\/v2\/product_cat?post=17514"},{"taxonomy":"product_tag","embeddable":true,"href":"https:\/\/nordicmart.andreevmaster.com\/sv\/wp-json\/wp\/v2\/product_tag?post=17514"}],"curies":[{"name":"wp","href":"https:\/\/api.w.org\/{rel}","templated":true}]}}