{"id":17513,"date":"2026-02-27T00:35:22","date_gmt":"2026-02-27T00:35:22","guid":{"rendered":"https:\/\/nordicmart.andreevmaster.com\/product\/kopparmugg-i-kopparstal-mm7012\/"},"modified":"2026-02-27T08:24:57","modified_gmt":"2026-02-27T08:24:57","slug":"kopparmugg-i-kopparstal-mm7012","status":"publish","type":"product","link":"https:\/\/nordicmart.andreevmaster.com\/sv\/produkt\/kopparmugg-i-kopparstal-mm7012\/","title":{"rendered":"Kopparmugg i kopparst\u00e5l \u2013 MM7012"},"content":{"rendered":"<p>Kopparmugg i kopparst\u00e5l \u2013 MM7012&nbsp;&nbsp;Kopparmuggen i kopparst\u00e5l \u00e4r ett modernt och smakfullt k\u00e4rl f\u00f6r servering av varma och kalla drycker. Kopparf\u00e4rgen har varit popul\u00e4r i vardagsrummen i flera \u00e5r, s\u00e5 den b\u00f6r inte saknas i ditt hem heller. Denna mugg \u00e4r idealisk f\u00f6r att servera Moscow Mule-cocktail som best\u00e5r av vodka, ingef\u00e4rs\u00f6l och limejuice. &nbsp;Denna mugg \u00e4r tillverkad av h\u00f6gkvalitativt 304 rostfritt st\u00e5l, s\u00e5 den p\u00e5verkar inte dryckernas smak. Dessutom har den h\u00f6g korrosionsbest\u00e4ndighet. Muggen \u00e4r belagd med ett lager koppar. &nbsp;&nbsp;Produktinformation:&nbsp;Material: rostfritt st\u00e5l 304 F\u00e4rg: koppar Kapacitet: 16 ounces (cirka 0,5 liter) M\u00e5tt: 9 x 11 x 8,5 cm&nbsp;Information och certifieringar: &nbsp;Tillverkad av rostfritt st\u00e5l 304. Muggen \u00e4r belagd med ett lager koppar. Tillbeh\u00f6ren \u00e4r livsmedelss\u00e4kra och godk\u00e4nda f\u00f6r kontakt med livsmedel.&nbsp;<\/p>\n","protected":false},"excerpt":{"rendered":"<p>Kopparmugg i kopparst\u00e5l \u2013 MM7012&nbsp;&nbsp;Kopparmuggen i kopparst\u00e5l \u00e4r ett modernt och smakfullt k\u00e4rl f\u00f6r servering av varma och kalla drycker. Kopparf\u00e4rgen har varit popul\u00e4r i vardagsrummen i flera \u00e5r, s\u00e5 den b\u00f6r inte saknas i ditt hem heller. Denna mugg \u00e4r idealisk f\u00f6r att servera Moscow Mule-cocktail som best\u00e5r av vodka, ingef\u00e4rs\u00f6l och limejuice. &nbsp;Denna [&hellip;]<\/p>\n","protected":false},"featured_media":44867,"comment_status":"open","ping_status":"closed","template":"","meta":[],"product_brand":[],"product_cat":[33],"product_tag":[],"class_list":{"0":"post-17513","1":"product","2":"type-product","3":"status-publish","4":"has-post-thumbnail","6":"product_cat-okategoriserad","8":"first","9":"instock","10":"shipping-taxable","11":"purchasable","12":"product-type-simple"},"_links":{"self":[{"href":"https:\/\/nordicmart.andreevmaster.com\/sv\/wp-json\/wp\/v2\/product\/17513","targetHints":{"allow":["GET"]}}],"collection":[{"href":"https:\/\/nordicmart.andreevmaster.com\/sv\/wp-json\/wp\/v2\/product"}],"about":[{"href":"https:\/\/nordicmart.andreevmaster.com\/sv\/wp-json\/wp\/v2\/types\/product"}],"replies":[{"embeddable":true,"href":"https:\/\/nordicmart.andreevmaster.com\/sv\/wp-json\/wp\/v2\/comments?post=17513"}],"wp:featuredmedia":[{"embeddable":true,"href":"https:\/\/nordicmart.andreevmaster.com\/sv\/wp-json\/wp\/v2\/media\/44867"}],"wp:attachment":[{"href":"https:\/\/nordicmart.andreevmaster.com\/sv\/wp-json\/wp\/v2\/media?parent=17513"}],"wp:term":[{"taxonomy":"product_brand","embeddable":true,"href":"https:\/\/nordicmart.andreevmaster.com\/sv\/wp-json\/wp\/v2\/product_brand?post=17513"},{"taxonomy":"product_cat","embeddable":true,"href":"https:\/\/nordicmart.andreevmaster.com\/sv\/wp-json\/wp\/v2\/product_cat?post=17513"},{"taxonomy":"product_tag","embeddable":true,"href":"https:\/\/nordicmart.andreevmaster.com\/sv\/wp-json\/wp\/v2\/product_tag?post=17513"}],"curies":[{"name":"wp","href":"https:\/\/api.w.org\/{rel}","templated":true}]}}