{"id":17512,"date":"2026-02-27T00:35:22","date_gmt":"2026-02-27T00:35:22","guid":{"rendered":"https:\/\/nordicmart.andreevmaster.com\/product\/bartenderset-i-stal-3-delar-bs48171\/"},"modified":"2026-02-27T08:24:56","modified_gmt":"2026-02-27T08:24:56","slug":"bartenderset-i-stal-3-delar-bs48171","status":"publish","type":"product","link":"https:\/\/nordicmart.andreevmaster.com\/sv\/produkt\/bartenderset-i-stal-3-delar-bs48171\/","title":{"rendered":"Bartenderset i st\u00e5l, 3 delar \u2013 BS48171"},"content":{"rendered":"<p>Bartenderset i st\u00e5l, 3 delar \u2013 BS48171&nbsp;&nbsp;Bartendersetet i st\u00e5l \u00e4r en perfekt presentid\u00e9 f\u00f6r en nyb\u00f6rjare inom bartenderyrket och f\u00f6r den som \u00e4lskar att experimentera med spritdrycker. Setet inneh\u00e5ller 3 grundl\u00e4ggande delar som g\u00f6r det enklare att skapa popul\u00e4ra drinkar: en shaker, ett m\u00e5ttglas och ett bartenderfilter. Tillbeh\u00f6ren \u00e4r tillverkade av rostfritt st\u00e5l. Alla delar har en silverf\u00e4rg, vilket ger dem ett mycket elegant utseende. &nbsp;Detta 3-delars bartenderset \u00e4r ett perfekt set att fylla din hembar med. Tack vare setet kommer du att imponera p\u00e5 dina g\u00e4ster p\u00e5 festen genom att servera dem l\u00e4ckra drinkar. Bartendertillbeh\u00f6ren \u00e4r f\u00f6rpackade i en vit kartong. M\u00e5tt: Shaker: H\u00f6jd 21 cm, diameter 8,5 cm Jigger: H\u00f6jd 9,5 cm, diameter 4,5 cm Sil: L\u00e4ngd 18,5 cm, diameter 7 cmSetet inneh\u00e5ller: &#8211; Tre delar shaker &#8211; 750 ml &#8211; Dubbel bartenderm\u00e5tt (jigger) &#8211; 15\/30 ml &#8211; Bartenderfilter (sil) Information och certifikat: &#8211; Tillverkad av 201 rostfritt st\u00e5l. &#8211; Tillbeh\u00f6ren \u00e4r certifierade som livsmedelss\u00e4kra &#8211; godk\u00e4nda f\u00f6r kontakt med livsmedel.<\/p>\n","protected":false},"excerpt":{"rendered":"<p>Bartenderset i st\u00e5l, 3 delar \u2013 BS48171&nbsp;&nbsp;Bartendersetet i st\u00e5l \u00e4r en perfekt presentid\u00e9 f\u00f6r en nyb\u00f6rjare inom bartenderyrket och f\u00f6r den som \u00e4lskar att experimentera med spritdrycker. Setet inneh\u00e5ller 3 grundl\u00e4ggande delar som g\u00f6r det enklare att skapa popul\u00e4ra drinkar: en shaker, ett m\u00e5ttglas och ett bartenderfilter. Tillbeh\u00f6ren \u00e4r tillverkade av rostfritt st\u00e5l. Alla delar [&hellip;]<\/p>\n","protected":false},"featured_media":44866,"comment_status":"open","ping_status":"closed","template":"","meta":[],"product_brand":[],"product_cat":[33],"product_tag":[],"class_list":{"0":"post-17512","1":"product","2":"type-product","3":"status-publish","4":"has-post-thumbnail","6":"product_cat-okategoriserad","8":"first","9":"instock","10":"shipping-taxable","11":"purchasable","12":"product-type-simple"},"_links":{"self":[{"href":"https:\/\/nordicmart.andreevmaster.com\/sv\/wp-json\/wp\/v2\/product\/17512","targetHints":{"allow":["GET"]}}],"collection":[{"href":"https:\/\/nordicmart.andreevmaster.com\/sv\/wp-json\/wp\/v2\/product"}],"about":[{"href":"https:\/\/nordicmart.andreevmaster.com\/sv\/wp-json\/wp\/v2\/types\/product"}],"replies":[{"embeddable":true,"href":"https:\/\/nordicmart.andreevmaster.com\/sv\/wp-json\/wp\/v2\/comments?post=17512"}],"wp:featuredmedia":[{"embeddable":true,"href":"https:\/\/nordicmart.andreevmaster.com\/sv\/wp-json\/wp\/v2\/media\/44866"}],"wp:attachment":[{"href":"https:\/\/nordicmart.andreevmaster.com\/sv\/wp-json\/wp\/v2\/media?parent=17512"}],"wp:term":[{"taxonomy":"product_brand","embeddable":true,"href":"https:\/\/nordicmart.andreevmaster.com\/sv\/wp-json\/wp\/v2\/product_brand?post=17512"},{"taxonomy":"product_cat","embeddable":true,"href":"https:\/\/nordicmart.andreevmaster.com\/sv\/wp-json\/wp\/v2\/product_cat?post=17512"},{"taxonomy":"product_tag","embeddable":true,"href":"https:\/\/nordicmart.andreevmaster.com\/sv\/wp-json\/wp\/v2\/product_tag?post=17512"}],"curies":[{"name":"wp","href":"https:\/\/api.w.org\/{rel}","templated":true}]}}